{"id":36100,"date":"2025-04-04T12:30:31","date_gmt":"2025-04-04T09:30:31","guid":{"rendered":"https:\/\/www.vempele.fi\/?post_type=product&#038;p=36100"},"modified":"2026-04-16T20:07:37","modified_gmt":"2026-04-16T17:07:37","slug":"frezzer-fahrbarer-schrank-35l-12-24v-tesla-modell-y","status":"publish","type":"product","link":"https:\/\/www.vempele.fi\/de\/tuote\/frezzer-matkajaakaappi-35l-12-24v-tesla-model-y\/","title":{"rendered":"Frezzer Reisek\u00fchlschrank 35L 12\/24V - Tesla Model Y"},"content":{"rendered":"<p>Kompressorbetriebener 12\/24\/230V 35 Liter K\u00fchlschrank mit Gefrierfach f\u00fcr Tesla Model Y Sub Trunk. Hocheffizient, k\u00fchlt bis zu -20\u00b0C bei sehr niedrigem Stromverbrauch, unabh\u00e4ngig von der Au\u00dfentemperatur. Ferngesteuert \u00fcber eine einfach zu bedienende mobile App.<\/p>\n<p>Das Ger\u00e4t wurde entwickelt, um Lebensmittel auch bei sehr hei\u00dfen Temperaturen (34\u2103) auf optimaler Temperatur zu halten. Perfekte Kompatibilit\u00e4t mit dem Kofferraumfach des Tesla Y-Modells (Sub trunk). Der dreiphasige Schutz der Autobatterie verhindert, dass der Starterbatterie der Strom ausgeht. Versenkte Griffe erleichtern das Herausheben des K\u00fchlschranks aus dem Kofferraum. Ein durchdachtes Bel\u00fcftungssystem und separate EVA-Polster an der Kofferraumr\u00fcckwand sch\u00fctzen vor \u00dcberhitzung. Die schlagfeste Konstruktion und das leise Laufger\u00e4usch (45 dB) sind die Kr\u00f6nung.<\/p>\n<p><strong>Merkmale:<\/strong><\/p>\n<ul>\n<li>Leistungsstarker DC-Inverter-Kompressor<\/li>\n<li>Fluorfreie Isolierung mit guter W\u00e4rmespeicherung und niedrigem Energieverbrauch<\/li>\n<li>Schnelle K\u00fchlung bis -20 \u00b0C<\/li>\n<li>Ein Schutzsystem f\u00fcr Autobatterien, das die Entladung der Batterie verhindert<\/li>\n<li>Digitales Bedienfeld f\u00fcr die Temperaturregelung<\/li>\n<li>Das Ger\u00e4t ist mit einer Bluetooth-Funktion ausgestattet. Kostenlos herunterladbare, einfach zu bedienende mobile App, mit der Sie die Temperatur Ihres K\u00fchlschranks \u00fcberwachen und ihn mit Ihrem Smartphone fernsteuern k\u00f6nnen.<\/li>\n<li>Led-Leuchte im Inneren des K\u00fchlschranks<\/li>\n<li>Abnehmbare Bodenkappe zum Waschen<\/li>\n<\/ul>\n<p><strong>Technische Daten:<\/strong><\/p>\n<ul>\n<li>Schallpegel: 45 dB<\/li>\n<li>Leistung: 60 W<\/li>\n<li>K\u00e4ltemittel: R134a<\/li>\n<li>Durchschnittlicher Stromverbrauch w\u00e4hrend der K\u00fchlung (Inbetriebnahme): 4-5 A (12 V)<\/li>\n<li>Durchschnittlicher Stromverbrauch w\u00e4hrend der Wartung: 2-3 A (12 V)<\/li>\n<li>Nettogewicht: 15 kg<\/li>\n<li>Garantie: 2 Jahre<\/li>\n<li>Abmessungen der Verpackung: 78,8 x 45,8 x 35,9 cm<\/li>\n<li>Produktabmessungen: 86,5 x 53,5 x 42,6 cm<\/li>\n<li>Kompatibilit\u00e4t\n<ul>\n<li>Tesla Model Y 2020 - 2024<\/li>\n<li>Tesla Model Y Juniper 2025 -&gt;<\/li>\n<\/ul>\n<\/li>\n<\/ul>\n<p><a href=\"https:\/\/www.vempele.fi\/wp-content\/uploads\/2025\/06\/6438014391885_kayttoohje_Frezzer_Tesla_Y_35_l_12_24V_230V_matkajaakaappi_FI_SV_EN.pdf\" target=\"_blank\" rel=\"noopener\">Benutzer- und Installationshandbuch<\/a><\/p>","protected":false},"excerpt":{"rendered":"<p>Kompressor-K\u00fchlschrank. Perfekte Kompatibilit\u00e4t mit dem Tesla Y-Modell Kofferraum (Sub Kofferraum).<\/p>\n<p>&nbsp;<\/p>","protected":false},"featured_media":36101,"comment_status":"open","ping_status":"closed","template":"","meta":[],"product_brand":[753],"product_cat":[154,455,482],"product_tag":[],"class_list":{"0":"post-36100","1":"product","2":"type-product","3":"status-publish","4":"has-post-thumbnail","6":"product_brand-frezzer","7":"product_cat-model-y","8":"product_cat-my-tarvikkeet","9":"product_cat-tarvikkeet-sisapuolelle-model-y","11":"first","12":"instock","13":"taxable","14":"shipping-taxable","15":"purchasable","16":"product-type-simple"},"jetpack_sharing_enabled":true,"_links":{"self":[{"href":"https:\/\/www.vempele.fi\/de\/wp-json\/wp\/v2\/product\/36100","targetHints":{"allow":["GET"]}}],"collection":[{"href":"https:\/\/www.vempele.fi\/de\/wp-json\/wp\/v2\/product"}],"about":[{"href":"https:\/\/www.vempele.fi\/de\/wp-json\/wp\/v2\/types\/product"}],"replies":[{"embeddable":true,"href":"https:\/\/www.vempele.fi\/de\/wp-json\/wp\/v2\/comments?post=36100"}],"wp:featuredmedia":[{"embeddable":true,"href":"https:\/\/www.vempele.fi\/de\/wp-json\/wp\/v2\/media\/36101"}],"wp:attachment":[{"href":"https:\/\/www.vempele.fi\/de\/wp-json\/wp\/v2\/media?parent=36100"}],"wp:term":[{"taxonomy":"product_brand","embeddable":true,"href":"https:\/\/www.vempele.fi\/de\/wp-json\/wp\/v2\/product_brand?post=36100"},{"taxonomy":"product_cat","embeddable":true,"href":"https:\/\/www.vempele.fi\/de\/wp-json\/wp\/v2\/product_cat?post=36100"},{"taxonomy":"product_tag","embeddable":true,"href":"https:\/\/www.vempele.fi\/de\/wp-json\/wp\/v2\/product_tag?post=36100"}],"curies":[{"name":"wp","href":"https:\/\/api.w.org\/{rel}","templated":true}]}}