{"id":36352,"date":"2024-10-03T00:00:00","date_gmt":"2024-10-02T21:00:00","guid":{"rendered":"https:\/\/www.vempele.fi\/tuote\/nankang-ns-20-noble-sport-245-45r19-98y-tesla-model-s\/"},"modified":"2026-04-22T06:51:10","modified_gmt":"2026-04-22T03:51:10","slug":"nankang-ns-20-noble-sport-245-45r19-98y-tesla-model-s","status":"publish","type":"product","link":"https:\/\/www.vempele.fi\/de\/tuote\/nankang-ns-20-noble-sport-245-45r19-98y-tesla-model-s\/","title":{"rendered":"Nankang NS-20 Noble Sport 245\/45R19 98Y - Tesla Model S"},"content":{"rendered":"<p>1 Satz Nankang NS-20 Noble Sport 245\/45-19 98Y<\/p>\n<ul>\n<li>EU-Reifenkennzeichnung<\/li>\n<li>Typ: Sommerreifen<\/li>\n<li>Zentimeter: 19<\/li>\n<li>Breite: 245<\/li>\n<li>Profil: 45<\/li>\n<li>Geschwindigkeitskategorie: Y<\/li>\n<li>Belastungsklasse: 98<\/li>\n<li>Reifenklassifizierung: C1<\/li>\n<li>Kraftstoffverbrauch: D<\/li>\n<li>Nasspflege: A<\/li>\n<li>Ger\u00e4uschpegel und -intensit\u00e4t der Kabine: B - 71 dB<\/li>\n<\/ul>\n<p>&nbsp;<\/p>\n<p>Die Reifen werden direkt aus dem Lager des Partners geliefert.<\/p>\n<p><img decoding=\"async\" src=\"https:\/\/www.vempele.fi\/wp-content\/uploads\/2025\/04\/Label_469019.svg\" width=\"300\" \/><\/p>\n<p>Von einem Partner abgerufene Reifeninformationen.<\/p>","protected":false},"excerpt":{"rendered":"<p>Der Nankang NS-20 Ultra Sport ist ein sportlicher Breitreifen f\u00fcr gro\u00dfe Autos, der sowohl auf trockenem als auch auf nassem Asphalt ein H\u00f6chstma\u00df an Grip und Fahrleistung bietet.<br \/>\n&#13;<br \/>\n4 breite L\u00e4ngsrillen leiten das Wasser effektiv ab, was das Handling und die Bremswege bei Regen verbessert und die Wasserverdr\u00e4ngung verhindert.<br \/>\nSchmale L\u00e4ngsrillen leiten das Wasser ab und spielen auch eine wichtige Rolle bei der Minimierung des Reifenverschlei\u00dfes.<br \/>\nDas Rillenmuster im Schulterbereich des Reifens reduziert das Reifenger\u00e4usch und die Schultersteifigkeit und erh\u00f6ht den Fahrkomfort.<br \/>\nSchmale Querrillen reduzieren effektiv das Reifenger\u00e4usch.<br \/>\nDie neue hochwertige, silikareiche Gummimischung sorgt f\u00fcr bestm\u00f6glichen Grip unter allen Bedingungen.<br \/>\n&#13;<br \/>\nDas taiwanesische Unternehmen Nankang ist einer der \u00e4ltesten und traditionsreichsten Reifenhersteller Asiens, der mit seinem Know-how und seiner Technologie an der Spitze der Branche steht.  Nankang hat sich seit langem verpflichtet, die Qualit\u00e4t seiner Reifen an die erste Stelle zu setzen, mit dem Grundsatz, dass Nankang-Reifen alle modernen Anforderungen nicht nur erf\u00fcllen, sondern \u00fcbertreffen.  Tats\u00e4chlich halten Nankang-Reifen dem Vergleich mit Reifen anderer Hersteller stand. <\/p>\n<p> Die Reifen werden direkt aus dem Lager des Partners geliefert.<\/p>","protected":false},"featured_media":36354,"comment_status":"open","ping_status":"open","template":"","meta":[],"product_brand":[],"product_cat":[371],"product_tag":[696,172,707,757,121],"class_list":{"0":"post-36352","1":"product","2":"type-product","3":"status-publish","4":"has-post-thumbnail","6":"product_cat-renkaat","7":"product_tag-kesarengas","8":"product_tag-model-s","9":"product_tag-nankang","10":"product_tag-ns-20-noble-sport","11":"product_tag-tesla","13":"first","14":"instock","15":"taxable","16":"shipping-taxable","17":"purchasable","18":"product-type-simple"},"jetpack_sharing_enabled":true,"_links":{"self":[{"href":"https:\/\/www.vempele.fi\/de\/wp-json\/wp\/v2\/product\/36352","targetHints":{"allow":["GET"]}}],"collection":[{"href":"https:\/\/www.vempele.fi\/de\/wp-json\/wp\/v2\/product"}],"about":[{"href":"https:\/\/www.vempele.fi\/de\/wp-json\/wp\/v2\/types\/product"}],"replies":[{"embeddable":true,"href":"https:\/\/www.vempele.fi\/de\/wp-json\/wp\/v2\/comments?post=36352"}],"wp:featuredmedia":[{"embeddable":true,"href":"https:\/\/www.vempele.fi\/de\/wp-json\/wp\/v2\/media\/36354"}],"wp:attachment":[{"href":"https:\/\/www.vempele.fi\/de\/wp-json\/wp\/v2\/media?parent=36352"}],"wp:term":[{"taxonomy":"product_brand","embeddable":true,"href":"https:\/\/www.vempele.fi\/de\/wp-json\/wp\/v2\/product_brand?post=36352"},{"taxonomy":"product_cat","embeddable":true,"href":"https:\/\/www.vempele.fi\/de\/wp-json\/wp\/v2\/product_cat?post=36352"},{"taxonomy":"product_tag","embeddable":true,"href":"https:\/\/www.vempele.fi\/de\/wp-json\/wp\/v2\/product_tag?post=36352"}],"curies":[{"name":"wp","href":"https:\/\/api.w.org\/{rel}","templated":true}]}}