{"id":36355,"date":"2024-10-03T00:00:00","date_gmt":"2024-10-02T21:00:00","guid":{"rendered":"https:\/\/www.vempele.fi\/tuote\/nankang-sportnex-as-2-tm-ja-tuulilasi-testimenestys-245-35r21-96y-tesla-model-s\/"},"modified":"2026-04-18T08:51:12","modified_gmt":"2026-04-18T05:51:12","slug":"nankang-sportnex-as-2-tm-und-windschutzscheibe-test-ergebnis-245-35r21-96y-tesla-model-s","status":"publish","type":"product","link":"https:\/\/www.vempele.fi\/de\/tuote\/nankang-sportnex-as-2-tm-ja-tuulilasi-testimenestys-245-35r21-96y-tesla-model-s\/","title":{"rendered":"Nankang Sportnex AS-2+ TM und Windschutzscheibe test test 245\/35R21 96Y - Tesla Model S"},"content":{"rendered":"<p>1 St\u00fcck Nankang Sportnex AS-2+ TM und Windschutzscheibe test test test 245\/35-21 96Y<\/p>\n<ul>\n<li>EU-Reifenkennzeichnung<\/li>\n<li>Typ: Sommerreifen<\/li>\n<li>Zentimeter: 21<\/li>\n<li>Breite: 245<\/li>\n<li>Profil: 35<\/li>\n<li>Geschwindigkeitskategorie: Y<\/li>\n<li>Tragf\u00e4higkeitsklasse: 96<\/li>\n<li>Reifenklassifizierung: <\/li>\n<li>Kraftstoffverbrauch: <\/li>\n<li>Nasspflege: <\/li>\n<li>Klassifizierung und Intensit\u00e4t des Kabinenl\u00e4rms: - dB<\/li>\n<\/ul>\n<p>&nbsp;<\/p>\n<p>Die Reifen werden direkt aus dem Lager des Partners geliefert.<\/p>\n<p><img decoding=\"async\" src=\"\" width=\"300\" \/><\/p>\n<p>Von einem Partner abgerufene Reifeninformationen.<\/p>","protected":false},"excerpt":{"rendered":"<p>Der Nankang Sportnex AS-2+ ist ein echter Gewinner auf dem Wasser.  Gro\u00dfartige Testergebnisse sowohl in Windshield als auch in Technology World zeigen, dass der Nankang einer der besten Reifen der Welt ist, und das zu einem erschwinglichen Preis.<br \/>\n\u00a0&#13;<br \/>\nVierter Platz und fantastische 8,6 Punkte bei Tuulilas' gro\u00dfem Sommerreifentest<br \/>\nDer Nankang Sportnex AS-2+ belegte in einem Reifentest von Tuulilasi (Tuulilasi 3\/2017) einen hervorragenden vierten Platz.  Besonders gut schnitt der Nankang bei regnerischem Wetter ab.  Tuulilasi sagte \u00fcber den Nankang.  Im Regen ist das Fahrverhalten lobenswert neutral. \"Auch in anderen Bereichen schnitt der Nankang durchweg gut ab und erreichte bei jeder Messung mindestens eine Acht.  Dank dieser konstanten Leistung fehlte der Maschine nur ein halber Punkt zum Testsieg.<br \/>\n\"Erschwinglicher Nankang \u00fcberrascht mit verbesserter Leistung\"<br \/>\nDer Nankang war eindeutig der billigste Reifen im Test, was auch die Aufmerksamkeit von Tuulilasi auf sich zog.  Tuulilasi berichtete, dass der Nankang bis zu 50 \u20ac billiger war als der zweitg\u00fcnstigste Reifen im Test, und der teuerste Reifen war sogar 79% teurer als der Nankang.  Trotzdem belegte der Nankang einen hervorragenden vierten Platz im Test, nur einen halben Punkt vom Testsieg entfernt.  Der deutlich niedrigere Preis wurde jedoch nicht in die Wertung einbezogen.<br \/>\n\u00a0&#13;<br \/>\n&#13;<br \/>\nAusgezeichneter Erfolg beim gro\u00dfen Sommerreifentest von Tekniikan Maailman<br \/>\nDer Nankang Sportnex AS-2+ ist ein echter Gewinner im Sommerreifentest von Tekniikan Maailman (8\/2016), der unter den viel teureren Markenreifen sehr gut abgeschnitten hat.  Im Endergebnis betr\u00e4gt der Unterschied zwischen Nankang und Michelin nur 0,4 Punkte.  Der Nankang erh\u00e4lt die Note 8,1 und der Michelin 8,5.  Der Unterschied ist vernachl\u00e4ssigbar.<br \/>\nDas Ergebnis ist ein Leckerbissen f\u00fcr alle Autofahrer, die Sommerreifen zu einem g\u00fcnstigeren Preis kaufen und sich sicher sein wollen, dass sie sichere Reifen bekommen.  Der Tekniikan Maailman-Test konzentriert sich in erster Linie auf die Sicherheit von Sommerreifen.  Der Nankang wird besonders f\u00fcr Sicherheitsaspekte wie Nasshaftung und Trockenhandling gelobt.<br \/>\nNankangs Nassbremsen sind gut<br \/>\nDie Bremsleistung des Nankang auf nasser Fahrbahn wird mit einer 9 bewertet, w\u00e4hrend der Michelin beispielsweise eine 8 erh\u00e4lt. Der Nankang ist auch beim Trockenbremsen besser als der Michelin.  Beim Nass- und Trockenhandling liegen der Nankang und der Michelin gleichauf.<br \/>\nAusgezeichnetes Design gew\u00e4hrleistet ein sicheres Ergebnis<br \/>\n&#13;<br \/>\n\u00a0&#13;<br \/>\nDer AS-2 Sportnex hat auch bei den Tests des renommierten T\u00dcV SUD gut abgeschnitten.  Der Test l\u00e4sst den Reifen gegen drei f\u00fchrende Reifenmarken antreten und vergleicht unter anderem Trocken- und Nasshaftung, Fahrgef\u00fchl, Ger\u00e4uschpegel und Rollwiderstand.<br \/>\nDer AS-2 Sportnex wurde nach einem sehr erfolgreichen Test mit dem T\u00dcV SUD-G\u00fctezeichen ausgezeichnet.<br \/>\nSehen Sie sich den Testbericht hier an. \u00a0 <\/p>\n<p> Die Reifen werden direkt aus dem Lager des Partners geliefert.<\/p>","protected":false},"featured_media":36346,"comment_status":"open","ping_status":"open","template":"","meta":[],"product_brand":[],"product_cat":[371],"product_tag":[696,172,707,756,121],"class_list":{"0":"post-36355","1":"product","2":"type-product","3":"status-publish","4":"has-post-thumbnail","6":"product_cat-renkaat","7":"product_tag-kesarengas","8":"product_tag-model-s","9":"product_tag-nankang","10":"product_tag-sportnex-as-2-tm-ja-tuulilasi-testimenestys","11":"product_tag-tesla","13":"first","14":"instock","15":"taxable","16":"shipping-taxable","17":"purchasable","18":"product-type-simple"},"jetpack_sharing_enabled":true,"_links":{"self":[{"href":"https:\/\/www.vempele.fi\/de\/wp-json\/wp\/v2\/product\/36355","targetHints":{"allow":["GET"]}}],"collection":[{"href":"https:\/\/www.vempele.fi\/de\/wp-json\/wp\/v2\/product"}],"about":[{"href":"https:\/\/www.vempele.fi\/de\/wp-json\/wp\/v2\/types\/product"}],"replies":[{"embeddable":true,"href":"https:\/\/www.vempele.fi\/de\/wp-json\/wp\/v2\/comments?post=36355"}],"wp:featuredmedia":[{"embeddable":true,"href":"https:\/\/www.vempele.fi\/de\/wp-json\/wp\/v2\/media\/36346"}],"wp:attachment":[{"href":"https:\/\/www.vempele.fi\/de\/wp-json\/wp\/v2\/media?parent=36355"}],"wp:term":[{"taxonomy":"product_brand","embeddable":true,"href":"https:\/\/www.vempele.fi\/de\/wp-json\/wp\/v2\/product_brand?post=36355"},{"taxonomy":"product_cat","embeddable":true,"href":"https:\/\/www.vempele.fi\/de\/wp-json\/wp\/v2\/product_cat?post=36355"},{"taxonomy":"product_tag","embeddable":true,"href":"https:\/\/www.vempele.fi\/de\/wp-json\/wp\/v2\/product_tag?post=36355"}],"curies":[{"name":"wp","href":"https:\/\/api.w.org\/{rel}","templated":true}]}}