{"id":36461,"date":"2024-10-03T00:00:00","date_gmt":"2024-10-02T21:00:00","guid":{"rendered":"https:\/\/www.vempele.fi\/fi\/tuote\/goodride-solmax-1-245-35r21-95y-tesla-model-s\/"},"modified":"2026-04-20T02:51:11","modified_gmt":"2026-04-19T23:51:11","slug":"goodride-solmax-1-245-35r21-95y-tesla-model-s","status":"publish","type":"product","link":"https:\/\/www.vempele.fi\/de\/tuote\/goodride-solmax-1-245-35r21-95y-tesla-model-s\/","title":{"rendered":"Goodride SOLMAX 1 245\/35R21 95Y - Tesla Model S"},"content":{"rendered":"<p>1 St\u00fcck Goodride SOLMAX 1 245\/35-21 95Y<\/p>\n<ul>\n<li>EU-Reifenkennzeichnung<\/li>\n<li>Typ: Sommerreifen<\/li>\n<li>Zentimeter: 21<\/li>\n<li>Breite: 245<\/li>\n<li>Profil: 35<\/li>\n<li>Geschwindigkeitskategorie: Y<\/li>\n<li>Tragf\u00e4higkeitsklasse: 95<\/li>\n<li>Reifenklassifizierung: C1<\/li>\n<li>Kraftstoffverbrauch: C<\/li>\n<li>Nasspflege: A<\/li>\n<li>Ger\u00e4uschpegel und -intensit\u00e4t der Kabine: B - 72 dB<\/li>\n<\/ul>\n<p>&nbsp;<\/p>\n<p>Die Reifen werden direkt aus dem Lager des Partners geliefert.<\/p>\n<p><img decoding=\"async\" src=\"https:\/\/www.vempele.fi\/wp-content\/uploads\/2025\/04\/Label_1362145.svg\" width=\"300\" \/><\/p>\n<p>Von einem Partner abgerufene Reifeninformationen.<\/p>","protected":false},"excerpt":{"rendered":"<p>\u00a0&#13;<br \/>\nDer brandneue Goodride SOLMAX1 - Nassgriff der Klasse A und fortschrittliche Technologie<br \/>\nDie Nasshaftung der Klasse A in EU-Tests f\u00fcr alle SOLMAX1-Gr\u00f6\u00dfen gew\u00e4hrleistet ein hervorragendes Bremsverhalten auf nasser Fahrbahn.  Nasshaftung ist ein wichtiges Sicherheitsmerkmal, insbesondere f\u00fcr Sommerreifen - ein Merkmal, in das Goodride bei der Entwicklung des SOLMAX1 stark investiert hat.<br \/>\nDer Goodride SOLMAX1 steht an der Spitze der modernen Reifentechnologie.  Der Reifen repr\u00e4sentiert die neueste Technologie und das Beste vom Besten in der Reifenindustrie.  Er zeichnet sich durch eine Reihe von intelligenten Innovationen aus, die das Fahrverhalten, den Fahrkomfort und die Sicherheit verbessern.  Dar\u00fcber hinaus ist der Kraftstoffverbrauch noch besser.<br \/>\nZu den technischen und intelligenten Innovationen geh\u00f6ren:<br \/>\n1. fortschrittliche Volumend\u00e4mpfer auf der Reifenoberfl\u00e4che f\u00fcr ein komfortableres Fahrerlebnis 2.  Intelligentes Hybrid-Silan-Patent, das die Lauffl\u00e4chenmischung optimiert, um Stra\u00dfenvibrationen effektiv zu absorbieren und das Fahrerlebnis weiter zu verbessern. 3.  Die patentierte Nanometer-Mischungstechnologie und das hohe S\u00e4ttigungsmuster machen den Reifen extrem widerstandsf\u00e4hig und erh\u00f6hen so die Laufleistung.<br \/>\nDer Goodride SOLMAX1 ist eine ausgezeichnete Wahl, wenn Sie das beste Preis-Leistungs-Verh\u00e4ltnis f\u00fcr einen Sommerreifen suchen.<br \/>\nGoodride ist einer der gr\u00f6\u00dften Reifenhersteller der Welt, mit der neuesten Technologie und den besten Reifendesignern der Branche.<br \/>\nEntscheiden Sie sich f\u00fcr den brandneuen Goodride SOLMAX1, einen sichereren und besseren Sommerreifen mit Nasshaftung der Klasse A. <\/p>\n<p> Die Reifen werden direkt aus dem Lager des Partners geliefert.<\/p>","protected":false},"featured_media":36465,"comment_status":"open","ping_status":"open","template":"","meta":[],"product_brand":[],"product_cat":[371],"product_tag":[727,696,172,758,121],"class_list":{"0":"post-36461","1":"product","2":"type-product","3":"status-publish","4":"has-post-thumbnail","6":"product_cat-renkaat","7":"product_tag-goodride","8":"product_tag-kesarengas","9":"product_tag-model-s","10":"product_tag-solmax-1","11":"product_tag-tesla","13":"first","14":"instock","15":"taxable","16":"shipping-taxable","17":"purchasable","18":"product-type-simple"},"jetpack_sharing_enabled":true,"_links":{"self":[{"href":"https:\/\/www.vempele.fi\/de\/wp-json\/wp\/v2\/product\/36461","targetHints":{"allow":["GET"]}}],"collection":[{"href":"https:\/\/www.vempele.fi\/de\/wp-json\/wp\/v2\/product"}],"about":[{"href":"https:\/\/www.vempele.fi\/de\/wp-json\/wp\/v2\/types\/product"}],"replies":[{"embeddable":true,"href":"https:\/\/www.vempele.fi\/de\/wp-json\/wp\/v2\/comments?post=36461"}],"wp:featuredmedia":[{"embeddable":true,"href":"https:\/\/www.vempele.fi\/de\/wp-json\/wp\/v2\/media\/36465"}],"wp:attachment":[{"href":"https:\/\/www.vempele.fi\/de\/wp-json\/wp\/v2\/media?parent=36461"}],"wp:term":[{"taxonomy":"product_brand","embeddable":true,"href":"https:\/\/www.vempele.fi\/de\/wp-json\/wp\/v2\/product_brand?post=36461"},{"taxonomy":"product_cat","embeddable":true,"href":"https:\/\/www.vempele.fi\/de\/wp-json\/wp\/v2\/product_cat?post=36461"},{"taxonomy":"product_tag","embeddable":true,"href":"https:\/\/www.vempele.fi\/de\/wp-json\/wp\/v2\/product_tag?post=36461"}],"curies":[{"name":"wp","href":"https:\/\/api.w.org\/{rel}","templated":true}]}}