{"id":37306,"date":"2025-05-23T12:38:32","date_gmt":"2025-05-23T09:38:32","guid":{"rendered":"https:\/\/www.vempele.fi\/?post_type=product&#038;p=37306"},"modified":"2026-04-13T19:08:58","modified_gmt":"2026-04-13T16:08:58","slug":"turgriff-motor-rad-tesla-model-s","status":"publish","type":"product","link":"https:\/\/www.vempele.fi\/de\/tuote\/ovenkahvan-moottorin-ratas-tesla-model-s\/","title":{"rendered":"Getriebe f\u00fcr T\u00fcrgriffmotor - Tesla Model S"},"content":{"rendered":"<p>Getriebe f\u00fcr T\u00fcrgriffmotor - Tesla Model S<\/p>\n<p>In einigen F\u00e4llen kann das Rad sehr eng auf der Motorwelle sitzen, so dass die Welle gek\u00fchlt werden muss, damit das Rad passt. Eine Alternative ist, das Ritzelloch etwas gr\u00f6\u00dfer zu feilen.<\/p>\n<ul>\n<li>Eignung: f\u00fcr Tesla Model S<\/li>\n<li>Werkstoff: Metall<\/li>\n<li>Inhalt der Packung:\n<ul>\n<li>Motorrad des T\u00fcrgriffs<\/li>\n<\/ul>\n<\/li>\n<\/ul>","protected":false},"excerpt":{"rendered":"<p>Getriebe f\u00fcr T\u00fcrgriffmotor - Tesla Model S<\/p>\n<p>Wenn das Motorrad gebrochen ist, besteht eine g\u00e4ngige L\u00f6sung darin, ein komplett neues Griffsystem zu kaufen. Dieses Produkt macht die Kosten f\u00fcr die Reparatur viel billiger.<\/p>\n<p>&nbsp;<\/p>\n<p>&nbsp;<\/p>\n<p>&nbsp;<\/p>","protected":false},"featured_media":37307,"comment_status":"open","ping_status":"closed","template":"","meta":[],"product_brand":[],"product_cat":[152,453,484,374,128,473],"product_tag":[83,406,172,760,469,468,761],"class_list":{"0":"post-37306","1":"product","2":"type-product","3":"status-publish","4":"has-post-thumbnail","6":"product_cat-model-s","7":"product_cat-ms-tarvikkeet","8":"product_cat-tarvikkeet-ulkopuolelle-model-s","9":"product_cat-tesla-tarvikkeet","10":"product_cat-tesla-tuotteet","11":"product_cat-varaosat-model-s","12":"product_tag-autotarvikkeet","13":"product_tag-korjaus","14":"product_tag-model-s","15":"product_tag-ovenkahva","16":"product_tag-paddle","17":"product_tag-paddle-gear","18":"product_tag-ratas","20":"first","21":"instock","22":"taxable","23":"shipping-taxable","24":"purchasable","25":"product-type-simple"},"jetpack_sharing_enabled":true,"_links":{"self":[{"href":"https:\/\/www.vempele.fi\/de\/wp-json\/wp\/v2\/product\/37306","targetHints":{"allow":["GET"]}}],"collection":[{"href":"https:\/\/www.vempele.fi\/de\/wp-json\/wp\/v2\/product"}],"about":[{"href":"https:\/\/www.vempele.fi\/de\/wp-json\/wp\/v2\/types\/product"}],"replies":[{"embeddable":true,"href":"https:\/\/www.vempele.fi\/de\/wp-json\/wp\/v2\/comments?post=37306"}],"wp:featuredmedia":[{"embeddable":true,"href":"https:\/\/www.vempele.fi\/de\/wp-json\/wp\/v2\/media\/37307"}],"wp:attachment":[{"href":"https:\/\/www.vempele.fi\/de\/wp-json\/wp\/v2\/media?parent=37306"}],"wp:term":[{"taxonomy":"product_brand","embeddable":true,"href":"https:\/\/www.vempele.fi\/de\/wp-json\/wp\/v2\/product_brand?post=37306"},{"taxonomy":"product_cat","embeddable":true,"href":"https:\/\/www.vempele.fi\/de\/wp-json\/wp\/v2\/product_cat?post=37306"},{"taxonomy":"product_tag","embeddable":true,"href":"https:\/\/www.vempele.fi\/de\/wp-json\/wp\/v2\/product_tag?post=37306"}],"curies":[{"name":"wp","href":"https:\/\/api.w.org\/{rel}","templated":true}]}}