{"id":37891,"date":"2025-03-01T00:00:00","date_gmt":"2025-02-28T22:00:00","guid":{"rendered":"https:\/\/www.vempele.fi\/?post_type=product&#038;p=37891"},"modified":"2026-03-17T05:51:14","modified_gmt":"2026-03-17T03:51:14","slug":"avus-velgen-ac-521-glanzend-schwarz-19x95-et45-modell-y","status":"publish","type":"product","link":"https:\/\/www.vempele.fi\/de\/tuote\/avus-velgen-ac-521-gloss-black-19x95-et45-model-y\/","title":{"rendered":"AVUS VELGEN AC-521 Schwarz gl\u00e4nzend 19\u00d79,5 ET45 - Modell Y"},"content":{"rendered":"<p>AVUS VELGEN AC-521 Schwarz gl\u00e4nzend 19\u00d79,5 ET45<\/p>\n<ul>\n<li>Breite: 9,5\u2033<\/li>\n<li>Felgendurchmesser: 19\u2033.<\/li>\n<li>Direkter Einbau: ja<\/li>\n<li>Durchschnittliches Loch: 64,1 mm<\/li>\n<li>Original-Mittelschale passt: ja<\/li>\n<li>Bolzenverteilung 5\u00d7114.3<\/li>\n<li>Konus: C - Geeignete Muttern werden mitgeliefert.<\/li>\n<li>Gewicht: 16.500 kg<\/li>\n<li>Tragf\u00e4higkeitsindex: 0825 kg<\/li>\n<li>T\u00dcV: Nein<\/li>\n<li>Empfohlene Verwendung im Winter: ja<\/li>\n<\/ul>\n<p>Geeignet f\u00fcr Modell Y Leistung <\/p>","protected":false},"excerpt":{"rendered":"<p>AVUS VELGEN AC-521 Schwarz gl\u00e4nzend 19\u00d79,5 ET45 <\/p>\n<p> Preis ist f\u00fcr eine Felge <\/p>\n<p> Die Felgen werden direkt aus dem Lager des Partners geliefert - Lieferzeit ca. 1 Woche. <\/p>\n<p><a href=\"#tab-description\">Lesen Sie mehr...<\/a><\/p>","protected":false},"featured_media":37892,"comment_status":"open","ping_status":"open","template":"","meta":[],"product_brand":[],"product_cat":[372],"product_tag":[779,121,363],"class_list":{"0":"post-37891","1":"product","2":"type-product","3":"status-publish","4":"has-post-thumbnail","6":"product_cat-vanteet","7":"product_tag-avus-velgen","8":"product_tag-tesla","9":"product_tag-vanne","11":"first","12":"outofstock","13":"taxable","14":"shipping-taxable","15":"purchasable","16":"product-type-simple"},"jetpack_sharing_enabled":true,"_links":{"self":[{"href":"https:\/\/www.vempele.fi\/de\/wp-json\/wp\/v2\/product\/37891","targetHints":{"allow":["GET"]}}],"collection":[{"href":"https:\/\/www.vempele.fi\/de\/wp-json\/wp\/v2\/product"}],"about":[{"href":"https:\/\/www.vempele.fi\/de\/wp-json\/wp\/v2\/types\/product"}],"replies":[{"embeddable":true,"href":"https:\/\/www.vempele.fi\/de\/wp-json\/wp\/v2\/comments?post=37891"}],"wp:featuredmedia":[{"embeddable":true,"href":"https:\/\/www.vempele.fi\/de\/wp-json\/wp\/v2\/media\/37892"}],"wp:attachment":[{"href":"https:\/\/www.vempele.fi\/de\/wp-json\/wp\/v2\/media?parent=37891"}],"wp:term":[{"taxonomy":"product_brand","embeddable":true,"href":"https:\/\/www.vempele.fi\/de\/wp-json\/wp\/v2\/product_brand?post=37891"},{"taxonomy":"product_cat","embeddable":true,"href":"https:\/\/www.vempele.fi\/de\/wp-json\/wp\/v2\/product_cat?post=37891"},{"taxonomy":"product_tag","embeddable":true,"href":"https:\/\/www.vempele.fi\/de\/wp-json\/wp\/v2\/product_tag?post=37891"}],"curies":[{"name":"wp","href":"https:\/\/api.w.org\/{rel}","templated":true}]}}