{"id":38351,"date":"2025-06-19T10:52:25","date_gmt":"2025-06-19T07:52:25","guid":{"rendered":"https:\/\/www.vempele.fi\/?post_type=product&#038;p=38351"},"modified":"2026-03-09T16:06:56","modified_gmt":"2026-03-09T14:06:56","slug":"oberes-vorderes-hinteres-stutzarmscharnier-polypro-tesla-model-s","status":"publish","type":"product","link":"https:\/\/www.vempele.fi\/de\/tuote\/ylemman-etummaisen-takatukivarren-hela-polypro-tesla-model-s\/","title":{"rendered":"Oberes vorderes Dachst\u00fctzarmscharnier - PolyPro - Tesla Model S"},"content":{"rendered":"<p>Oberes vorderes Dachst\u00fctzarmscharnier - PolyPro - Tesla Model S<\/p>\n<p>Polyurethan-Sto\u00dff\u00e4nger sind die beste Wahl f\u00fcr das Fahrwerk eines Autos, da sie im Vergleich zu herk\u00f6mmlichen Gummisto\u00dff\u00e4ngern eine h\u00f6here Haltbarkeit, Steifigkeit und Leistung bieten. Sie verringern die Biegung des Fahrzeugrahmens, verbessern die Lenkpr\u00e4zision und sorgen f\u00fcr ein stabileres Fahrgef\u00fchl. Dar\u00fcber hinaus ist Polyurethan widerstandsf\u00e4higer gegen Temperaturschwankungen, \u00d6le und Chemikalien.<\/p>\n<ul>\n<li>Hersteller:PolyPro<\/li>\n<li>Produktnummer des Herstellers: PP-2445<\/li>\n<li>Angemessenheit:\n<ul>\n<li>Modell S 2012 - 2021<\/li>\n<\/ul>\n<\/li>\n<li>Vom Hersteller angegebene OE-Produktnummern:\n<ul>\n<li>1021422-00-B<\/li>\n<li>1027421-00-E<\/li>\n<\/ul>\n<\/li>\n<li>Herstellungsland: Ukraine<\/li>\n<\/ul>\n<p>&nbsp;<\/p>","protected":false},"excerpt":{"rendered":"<p>Auswechselbarer Tragarmflansch aus Polyurethan. Passend f\u00fcr Tesla Model S Hinterachse hinten oberen Quertr\u00e4ger und Stabilisator Pleuelstange.<\/p>\n<p>Eine Polyurethanbuchse f\u00fcr den vorderen oberen Querlenker finden Sie hier.<\/p>","protected":false},"featured_media":38349,"comment_status":"open","ping_status":"closed","template":"","meta":[],"product_brand":[786],"product_cat":[152,473],"product_tag":[576,172,716,717,121,476,319],"class_list":{"0":"post-38351","1":"product","2":"type-product","3":"status-publish","4":"has-post-thumbnail","6":"product_brand-polypro","7":"product_cat-model-s","8":"product_cat-varaosat-model-s","9":"product_tag-hela","10":"product_tag-model-s","11":"product_tag-polypro","12":"product_tag-polyuretaani","13":"product_tag-tesla","14":"product_tag-tukivarsi","15":"product_tag-varaosat","17":"first","18":"instock","19":"taxable","20":"shipping-taxable","21":"purchasable","22":"product-type-simple"},"jetpack_sharing_enabled":true,"_links":{"self":[{"href":"https:\/\/www.vempele.fi\/de\/wp-json\/wp\/v2\/product\/38351","targetHints":{"allow":["GET"]}}],"collection":[{"href":"https:\/\/www.vempele.fi\/de\/wp-json\/wp\/v2\/product"}],"about":[{"href":"https:\/\/www.vempele.fi\/de\/wp-json\/wp\/v2\/types\/product"}],"replies":[{"embeddable":true,"href":"https:\/\/www.vempele.fi\/de\/wp-json\/wp\/v2\/comments?post=38351"}],"wp:featuredmedia":[{"embeddable":true,"href":"https:\/\/www.vempele.fi\/de\/wp-json\/wp\/v2\/media\/38349"}],"wp:attachment":[{"href":"https:\/\/www.vempele.fi\/de\/wp-json\/wp\/v2\/media?parent=38351"}],"wp:term":[{"taxonomy":"product_brand","embeddable":true,"href":"https:\/\/www.vempele.fi\/de\/wp-json\/wp\/v2\/product_brand?post=38351"},{"taxonomy":"product_cat","embeddable":true,"href":"https:\/\/www.vempele.fi\/de\/wp-json\/wp\/v2\/product_cat?post=38351"},{"taxonomy":"product_tag","embeddable":true,"href":"https:\/\/www.vempele.fi\/de\/wp-json\/wp\/v2\/product_tag?post=38351"}],"curies":[{"name":"wp","href":"https:\/\/api.w.org\/{rel}","templated":true}]}}