{"id":38460,"date":"2025-06-21T13:20:49","date_gmt":"2025-06-21T10:20:49","guid":{"rendered":"https:\/\/www.vempele.fi\/?post_type=product&#038;p=38460"},"modified":"2026-04-10T19:14:25","modified_gmt":"2026-04-10T16:14:25","slug":"tesla-model-y-dachfenster-sonnenschirm-juniper","status":"publish","type":"product","link":"https:\/\/www.vempele.fi\/de\/tuote\/tesla-model-y-kattoikkunan-aurinkosuoja-juniper\/","title":{"rendered":"Sonnenblende f\u00fcr Dachfenster - Tesla Model Y Juniper"},"content":{"rendered":"<p>Sonnenblende f\u00fcr Dachfenster - Tesla Model Y Juniper<\/p>\n<p>Das Paket enth\u00e4lt Sonnenschirme und Clips.<\/p>\n<ul>\n<li>Farbe: Schwarz<\/li>\n<li>Passend f\u00fcr Tesla Model Y 2025-&gt; (Juniper)<\/li>\n<\/ul>","protected":false},"excerpt":{"rendered":"<p>Sonnenblende f\u00fcr Dachfenster - Tesla Model Y Juniper<\/p>\n<p>Der f\u00fcr das Tesla Model Y entwickelte zweiteilige Sonnenschutz f\u00fcr das Dachfenster sch\u00fctzt vor Blendung und erh\u00f6ht den Fahrkomfort!<\/p>\n<p>Der Sonnenschirm ist einfach zu montieren. Im Lieferumfang sind Clips enthalten, die hinter der Polsterung angebracht werden, um den Schirm fest an der Decke zu befestigen.<\/p>","protected":false},"featured_media":38467,"comment_status":"open","ping_status":"closed","template":"","meta":[],"product_brand":[],"product_cat":[154,455,482,128],"product_tag":[800,799,271,411,121],"class_list":{"0":"post-38460","1":"product","2":"type-product","3":"status-publish","4":"has-post-thumbnail","6":"product_cat-model-y","7":"product_cat-my-tarvikkeet","8":"product_cat-tarvikkeet-sisapuolelle-model-y","9":"product_cat-tesla-tuotteet","10":"product_tag-juniper","11":"product_tag-kattoikkuna","12":"product_tag-model-y","13":"product_tag-suoja","14":"product_tag-tesla","16":"first","17":"instock","18":"taxable","19":"shipping-taxable","20":"purchasable","21":"product-type-simple"},"jetpack_sharing_enabled":true,"_links":{"self":[{"href":"https:\/\/www.vempele.fi\/de\/wp-json\/wp\/v2\/product\/38460","targetHints":{"allow":["GET"]}}],"collection":[{"href":"https:\/\/www.vempele.fi\/de\/wp-json\/wp\/v2\/product"}],"about":[{"href":"https:\/\/www.vempele.fi\/de\/wp-json\/wp\/v2\/types\/product"}],"replies":[{"embeddable":true,"href":"https:\/\/www.vempele.fi\/de\/wp-json\/wp\/v2\/comments?post=38460"}],"wp:featuredmedia":[{"embeddable":true,"href":"https:\/\/www.vempele.fi\/de\/wp-json\/wp\/v2\/media\/38467"}],"wp:attachment":[{"href":"https:\/\/www.vempele.fi\/de\/wp-json\/wp\/v2\/media?parent=38460"}],"wp:term":[{"taxonomy":"product_brand","embeddable":true,"href":"https:\/\/www.vempele.fi\/de\/wp-json\/wp\/v2\/product_brand?post=38460"},{"taxonomy":"product_cat","embeddable":true,"href":"https:\/\/www.vempele.fi\/de\/wp-json\/wp\/v2\/product_cat?post=38460"},{"taxonomy":"product_tag","embeddable":true,"href":"https:\/\/www.vempele.fi\/de\/wp-json\/wp\/v2\/product_tag?post=38460"}],"curies":[{"name":"wp","href":"https:\/\/api.w.org\/{rel}","templated":true}]}}