{"id":39127,"date":"2025-07-03T19:21:08","date_gmt":"2025-07-03T16:21:08","guid":{"rendered":"https:\/\/www.vempele.fi\/?post_type=product&#038;p=39127"},"modified":"2026-04-17T10:34:30","modified_gmt":"2026-04-17T07:34:30","slug":"scheibenwischer-bosch-a638s-aerotwin-tesla-model-x","status":"publish","type":"product","link":"https:\/\/www.vempele.fi\/de\/tuote\/tuulilasinpyyhkijat-bosch-a638s-aerotwin-tesla-model-x\/","title":{"rendered":"Scheibenwischer Bosch AeroTwin A638S - Tesla Model X"},"content":{"rendered":"<p>Scheibenwischer Bosch AeroTwin A638S - Tesla Model X<\/p>\n<p>Leicht zu \u00e4ndern!<\/p>\n<p><b>F\u00fcr weitere Informationen:<\/b><\/p>\n<ul>\n<li>Hersteller: Bosch<\/li>\n<li>Modell: A 638S J<\/li>\n<li>Produktnummer: 3 397 007 638<\/li>\n<li>Farbe: Schwarz<\/li>\n<li>Kompatibilit\u00e4t:\n<ul>\n<li>Model X 2021 -<\/li>\n<\/ul>\n<\/li>\n<li>Gewicht der Verpackung: 0,35 kg<\/li>\n<li>Abmessungen der Verpackung: 77 x 6 x 4 cm<\/li>\n<li>Herstellungsland: Belgien<\/li>\n<\/ul>\n<p>&nbsp;<\/p>","protected":false},"excerpt":{"rendered":"<p>Hochwertige Bosch AeroTwin A638S Scheibenwischer f\u00fcr Tesla Model X.<\/p>\n<p>Wenn das Wischerblatt nicht mehr die gesamte Feuchtigkeit von der Scheibe entfernt, ist es an der Zeit, es zu ersetzen. Der Wischer sollte die Scheibe in drei Wischg\u00e4ngen vollst\u00e4ndig reinigen. Wir k\u00f6nnen Ihre alten Wischer mit beiden Scheibenwischern zu einem g\u00fcnstigen Preis ersetzen!<\/p>\n<p>L\u00e4ngen:<br \/>\n650mm<br \/>\n530 mm<\/p>","protected":false},"featured_media":39128,"comment_status":"open","ping_status":"closed","template":"","meta":[],"product_brand":[737],"product_cat":[153,454,486,128,474],"product_tag":[173,195,121,194],"class_list":{"0":"post-39127","1":"product","2":"type-product","3":"status-publish","4":"has-post-thumbnail","6":"product_brand-bosch","7":"product_cat-model-x","8":"product_cat-mx-tarvikkeet","9":"product_cat-tarvikkeet-ulkopuolelle-model-x","10":"product_cat-tesla-tuotteet","11":"product_cat-varaosat-model-x","12":"product_tag-model-x","13":"product_tag-pyyhkijat","14":"product_tag-tesla","15":"product_tag-tuulilasi","17":"first","18":"instock","19":"taxable","20":"shipping-taxable","21":"purchasable","22":"product-type-simple"},"jetpack_sharing_enabled":true,"_links":{"self":[{"href":"https:\/\/www.vempele.fi\/de\/wp-json\/wp\/v2\/product\/39127","targetHints":{"allow":["GET"]}}],"collection":[{"href":"https:\/\/www.vempele.fi\/de\/wp-json\/wp\/v2\/product"}],"about":[{"href":"https:\/\/www.vempele.fi\/de\/wp-json\/wp\/v2\/types\/product"}],"replies":[{"embeddable":true,"href":"https:\/\/www.vempele.fi\/de\/wp-json\/wp\/v2\/comments?post=39127"}],"wp:featuredmedia":[{"embeddable":true,"href":"https:\/\/www.vempele.fi\/de\/wp-json\/wp\/v2\/media\/39128"}],"wp:attachment":[{"href":"https:\/\/www.vempele.fi\/de\/wp-json\/wp\/v2\/media?parent=39127"}],"wp:term":[{"taxonomy":"product_brand","embeddable":true,"href":"https:\/\/www.vempele.fi\/de\/wp-json\/wp\/v2\/product_brand?post=39127"},{"taxonomy":"product_cat","embeddable":true,"href":"https:\/\/www.vempele.fi\/de\/wp-json\/wp\/v2\/product_cat?post=39127"},{"taxonomy":"product_tag","embeddable":true,"href":"https:\/\/www.vempele.fi\/de\/wp-json\/wp\/v2\/product_tag?post=39127"}],"curies":[{"name":"wp","href":"https:\/\/api.w.org\/{rel}","templated":true}]}}