{"id":41155,"date":"2025-08-17T19:51:36","date_gmt":"2025-08-17T16:51:36","guid":{"rendered":"https:\/\/www.vempele.fi\/?post_type=product&#038;p=41155"},"modified":"2026-04-14T06:12:31","modified_gmt":"2026-04-14T03:12:31","slug":"montagesatz-fur-hintere-bremssattel-ate-modell-s-x","status":"publish","type":"product","link":"https:\/\/www.vempele.fi\/de\/tuote\/asennussarja-jarrusatula-taakse-ate-model-s-x\/","title":{"rendered":"Montagesatz, Bremssattel, hinten - ATE - Model S \/ X"},"content":{"rendered":"<p>Hersteller: ATE<\/p>\n<p>Produktnummer des Herstellers: 13.0460-0524.2<\/p>\n<p>Geeignet f\u00fcr Brembo-Hinterradbremsen:<\/p>\n<ul>\n<li style=\"list-style-type: none;\">\n<ul>\n<li>Modell S 2012-2021<\/li>\n<li>Modell X 2012-2021<\/li>\n<\/ul>\n<\/li>\n<\/ul>","protected":false},"excerpt":{"rendered":"<p>ATE-Montagesatz des Herstellers f\u00fcr hintere Bremss\u00e4ttel f\u00fcr Tesla Model S und X Modelle mit Brembo-Bremsen.<\/p>","protected":false},"featured_media":41157,"comment_status":"open","ping_status":"closed","template":"","meta":[],"product_brand":[805],"product_cat":[152,153,473,474],"product_tag":[692,693,680,172,173,682,121,319],"class_list":{"0":"post-41155","1":"product","2":"type-product","3":"status-publish","4":"has-post-thumbnail","6":"product_brand-ate","7":"product_cat-model-s","8":"product_cat-model-x","9":"product_cat-varaosat-model-s","10":"product_cat-varaosat-model-x","11":"product_tag-asennussarja","12":"product_tag-jarrut","13":"product_tag-korjaussarja","14":"product_tag-model-s","15":"product_tag-model-x","16":"product_tag-pultit","17":"product_tag-tesla","18":"product_tag-varaosat","20":"first","21":"instock","22":"taxable","23":"shipping-taxable","24":"purchasable","25":"product-type-simple"},"jetpack_sharing_enabled":true,"_links":{"self":[{"href":"https:\/\/www.vempele.fi\/de\/wp-json\/wp\/v2\/product\/41155","targetHints":{"allow":["GET"]}}],"collection":[{"href":"https:\/\/www.vempele.fi\/de\/wp-json\/wp\/v2\/product"}],"about":[{"href":"https:\/\/www.vempele.fi\/de\/wp-json\/wp\/v2\/types\/product"}],"replies":[{"embeddable":true,"href":"https:\/\/www.vempele.fi\/de\/wp-json\/wp\/v2\/comments?post=41155"}],"wp:featuredmedia":[{"embeddable":true,"href":"https:\/\/www.vempele.fi\/de\/wp-json\/wp\/v2\/media\/41157"}],"wp:attachment":[{"href":"https:\/\/www.vempele.fi\/de\/wp-json\/wp\/v2\/media?parent=41155"}],"wp:term":[{"taxonomy":"product_brand","embeddable":true,"href":"https:\/\/www.vempele.fi\/de\/wp-json\/wp\/v2\/product_brand?post=41155"},{"taxonomy":"product_cat","embeddable":true,"href":"https:\/\/www.vempele.fi\/de\/wp-json\/wp\/v2\/product_cat?post=41155"},{"taxonomy":"product_tag","embeddable":true,"href":"https:\/\/www.vempele.fi\/de\/wp-json\/wp\/v2\/product_tag?post=41155"}],"curies":[{"name":"wp","href":"https:\/\/api.w.org\/{rel}","templated":true}]}}