{"id":41181,"date":"2025-03-01T00:00:00","date_gmt":"2025-02-28T22:00:00","guid":{"rendered":"https:\/\/www.vempele.fi\/fi\/tuote\/mille-miglia-1020-gloss-black-18x80-et40-tesla-model-3\/"},"modified":"2025-09-03T07:35:25","modified_gmt":"2025-09-03T04:35:25","slug":"mille-miglia-1020-glanzend-schwarz-18x80-et40-tesla-model-3","status":"publish","type":"product","link":"https:\/\/www.vempele.fi\/de\/tuote\/mille-miglia-1020-gloss-black-18x80-et40-tesla-model-3\/","title":{"rendered":"MILLE MIGLIA 1020 Schwarz gl\u00e4nzend 18\u00d78,0 ET40 - Tesla Model 3"},"content":{"rendered":"<p>MILLE MIGLIA 1020 Schwarz gl\u00e4nzend 18\u00d78,0 ET40<\/p>\n<ul>\n<li>Breite: 8,0\u2033.<\/li>\n<li>Felgendurchmesser: 18\u2033.<\/li>\n<li>Direktmontage: nein. Nein. Die erforderlichen Adapterringe sind im Lieferumfang enthalten.<\/li>\n<li>Durchschnittliches Loch: 67,1 mm<\/li>\n<li>Original-Mittelschale passt: nein<\/li>\n<li>Bolzenverteilung 5\u00d7114.3<\/li>\n<li>Konus: C - Geeignete Muttern werden mitgeliefert.<\/li>\n<li>Gewicht: 14.300 kg<\/li>\n<li>Tragf\u00e4higkeitsindex: 0750 kg<\/li>\n<li>T\u00dcV: Nein<\/li>\n<li>Empfohlene Verwendung im Winter: ja<\/li>\n<\/ul>\n<p><strong>Achtung!\u00a0<\/strong>Nicht geeignet f\u00fcr das Modell Performance!<\/p>","protected":false},"excerpt":{"rendered":"<p>MILLE MIGLIA 1020 Schwarz gl\u00e4nzend 18\u00d78,0 ET40 <\/p>\n<p> Preis ist f\u00fcr eine Felge <\/p>\n<p> Die Felgen werden direkt aus dem Lager des Partners geliefert - Lieferzeit ca. 1 Woche. <\/p>\n<p><a href=\"#tab-description\">Lesen Sie mehr...<\/a><\/p>","protected":false},"featured_media":41182,"comment_status":"open","ping_status":"open","template":"","meta":[],"product_brand":[],"product_cat":[372],"product_tag":[771,156,121,363],"class_list":{"0":"post-41181","1":"product","2":"type-product","3":"status-publish","4":"has-post-thumbnail","6":"product_cat-vanteet","7":"product_tag-mm","8":"product_tag-model-3","9":"product_tag-tesla","10":"product_tag-vanne","12":"first","13":"outofstock","14":"taxable","15":"shipping-taxable","16":"purchasable","17":"product-type-simple"},"jetpack_sharing_enabled":true,"_links":{"self":[{"href":"https:\/\/www.vempele.fi\/de\/wp-json\/wp\/v2\/product\/41181","targetHints":{"allow":["GET"]}}],"collection":[{"href":"https:\/\/www.vempele.fi\/de\/wp-json\/wp\/v2\/product"}],"about":[{"href":"https:\/\/www.vempele.fi\/de\/wp-json\/wp\/v2\/types\/product"}],"replies":[{"embeddable":true,"href":"https:\/\/www.vempele.fi\/de\/wp-json\/wp\/v2\/comments?post=41181"}],"wp:featuredmedia":[{"embeddable":true,"href":"https:\/\/www.vempele.fi\/de\/wp-json\/wp\/v2\/media\/41182"}],"wp:attachment":[{"href":"https:\/\/www.vempele.fi\/de\/wp-json\/wp\/v2\/media?parent=41181"}],"wp:term":[{"taxonomy":"product_brand","embeddable":true,"href":"https:\/\/www.vempele.fi\/de\/wp-json\/wp\/v2\/product_brand?post=41181"},{"taxonomy":"product_cat","embeddable":true,"href":"https:\/\/www.vempele.fi\/de\/wp-json\/wp\/v2\/product_cat?post=41181"},{"taxonomy":"product_tag","embeddable":true,"href":"https:\/\/www.vempele.fi\/de\/wp-json\/wp\/v2\/product_tag?post=41181"}],"curies":[{"name":"wp","href":"https:\/\/api.w.org\/{rel}","templated":true}]}}