{"id":41275,"date":"2025-03-01T00:00:00","date_gmt":"2025-02-28T22:00:00","guid":{"rendered":"https:\/\/www.vempele.fi\/?post_type=product&#038;p=41275"},"modified":"2025-11-17T06:50:17","modified_gmt":"2025-11-17T04:50:17","slug":"monaco-rader-gp6-anthrazit-dunkel-20x90-et35-modell-s-2021-modell-x-2021","status":"publish","type":"product","link":"https:\/\/www.vempele.fi\/de\/tuote\/monaco-wheels-gp6-anthracite-dark-20x90-et35-model-s-2021-model-x-2021\/","title":{"rendered":"MONACO WHEELS GP6 Anthrazit Dunkel 20\u00d79,0 ET35 - Model S (-&gt; 2021 -&gt;), Model X (-&gt; 2021 -&gt;)"},"content":{"rendered":"<p>MONACO R\u00c4DER GP6 Anthrazit Dunkel 20\u00d79,0 ET35<\/p>\n<ul>\n<li>Breite: 9,0\u2033.<\/li>\n<li>Felgendurchmesser: 20\u2033.<\/li>\n<li>Direkter Einbau: ja<\/li>\n<li>Durchschnittliches Loch: 64,1 mm<\/li>\n<li>Original-Mittelschale passt: ja<\/li>\n<li>Bolzenverteilung 5\u00d7120<\/li>\n<li>Kegel: X<\/li>\n<li>Gewicht: 16.500 kg<\/li>\n<li>Tragf\u00e4higkeitsindex: 0900 kg<\/li>\n<li>T\u00dcV: Nein<\/li>\n<li>Empfohlene Verwendung im Winter: ja<\/li>\n<\/ul>","protected":false},"excerpt":{"rendered":"<p>MONACO R\u00c4DER GP6 Anthrazit Dunkel 20\u00d79,0 ET35 <\/p>\n<p> Preis ist f\u00fcr eine Felge <\/p>\n<p> Die Felgen werden direkt aus dem Lager des Partners geliefert - Lieferzeit ca. 1 Woche. <\/p>\n<p><a href=\"#tab-description\">Lesen Sie mehr...<\/a><\/p>","protected":false},"featured_media":37517,"comment_status":"open","ping_status":"open","template":"","meta":[],"product_brand":[],"product_cat":[372],"product_tag":[774,121,363],"class_list":{"0":"post-41275","1":"product","2":"type-product","3":"status-publish","4":"has-post-thumbnail","6":"product_cat-vanteet","7":"product_tag-monaco-wheels","8":"product_tag-tesla","9":"product_tag-vanne","11":"first","12":"outofstock","13":"taxable","14":"shipping-taxable","15":"purchasable","16":"product-type-simple"},"jetpack_sharing_enabled":true,"_links":{"self":[{"href":"https:\/\/www.vempele.fi\/de\/wp-json\/wp\/v2\/product\/41275","targetHints":{"allow":["GET"]}}],"collection":[{"href":"https:\/\/www.vempele.fi\/de\/wp-json\/wp\/v2\/product"}],"about":[{"href":"https:\/\/www.vempele.fi\/de\/wp-json\/wp\/v2\/types\/product"}],"replies":[{"embeddable":true,"href":"https:\/\/www.vempele.fi\/de\/wp-json\/wp\/v2\/comments?post=41275"}],"wp:featuredmedia":[{"embeddable":true,"href":"https:\/\/www.vempele.fi\/de\/wp-json\/wp\/v2\/media\/37517"}],"wp:attachment":[{"href":"https:\/\/www.vempele.fi\/de\/wp-json\/wp\/v2\/media?parent=41275"}],"wp:term":[{"taxonomy":"product_brand","embeddable":true,"href":"https:\/\/www.vempele.fi\/de\/wp-json\/wp\/v2\/product_brand?post=41275"},{"taxonomy":"product_cat","embeddable":true,"href":"https:\/\/www.vempele.fi\/de\/wp-json\/wp\/v2\/product_cat?post=41275"},{"taxonomy":"product_tag","embeddable":true,"href":"https:\/\/www.vempele.fi\/de\/wp-json\/wp\/v2\/product_tag?post=41275"}],"curies":[{"name":"wp","href":"https:\/\/api.w.org\/{rel}","templated":true}]}}