{"id":41276,"date":"2025-03-01T00:00:00","date_gmt":"2025-02-28T22:00:00","guid":{"rendered":"https:\/\/www.vempele.fi\/?post_type=product&#038;p=41276"},"modified":"2026-04-18T09:01:01","modified_gmt":"2026-04-18T06:01:01","slug":"autec-uteca-glanzend-schwarz-20x90-et40-model-s-2021","status":"publish","type":"product","link":"https:\/\/www.vempele.fi\/de\/tuote\/autec-uteca-gloss-black-20x90-et40-model-s-2021\/","title":{"rendered":"AUTEC UTECA Gloss Black 20\u00d79,0 ET40 - Model S (2021 -&gt;)"},"content":{"rendered":"<p>AUTEC UTECA Schwarz gl\u00e4nzend 20\u00d79,0 ET40<\/p>\n<ul>\n<li>Breite: 9,0\u2033.<\/li>\n<li>Felgendurchmesser: 20\u2033.<\/li>\n<li>Direktmontage: nein. Nein. Die erforderlichen Adapterringe sind im Lieferumfang enthalten.<\/li>\n<li>Durchschnittliches Loch: 74,1 mm<\/li>\n<li>Original-Mittelschale passt: nein<\/li>\n<li>Bolzenverteilung 5\u00d7120<\/li>\n<li>Konus: C - Geeignete Muttern werden mitgeliefert.<\/li>\n<li>Gewicht: 18.500 kg<\/li>\n<li>Tragf\u00e4higkeitsindex: 1000 kg<\/li>\n<li>T\u00dcV: Ja<\/li>\n<li>Empfohlene Verwendung im Winter: ja<\/li>\n<\/ul>","protected":false},"excerpt":{"rendered":"<p>AUTEC UTECA Schwarz gl\u00e4nzend 20\u00d79,0 ET40 <\/p>\n<p> Preis ist f\u00fcr eine Felge <\/p>\n<p> Die Felgen werden direkt aus dem Lager des Partners geliefert - Lieferzeit ca. 1 Woche. <\/p>\n<p><a href=\"#tab-description\">Lesen Sie mehr...<\/a><\/p>","protected":false},"featured_media":37515,"comment_status":"open","ping_status":"open","template":"","meta":[],"product_brand":[],"product_cat":[372],"product_tag":[785,121,363],"class_list":{"0":"post-41276","1":"product","2":"type-product","3":"status-publish","4":"has-post-thumbnail","6":"product_cat-vanteet","7":"product_tag-autec","8":"product_tag-tesla","9":"product_tag-vanne","11":"first","12":"instock","13":"taxable","14":"shipping-taxable","15":"purchasable","16":"product-type-simple"},"jetpack_sharing_enabled":true,"_links":{"self":[{"href":"https:\/\/www.vempele.fi\/de\/wp-json\/wp\/v2\/product\/41276","targetHints":{"allow":["GET"]}}],"collection":[{"href":"https:\/\/www.vempele.fi\/de\/wp-json\/wp\/v2\/product"}],"about":[{"href":"https:\/\/www.vempele.fi\/de\/wp-json\/wp\/v2\/types\/product"}],"replies":[{"embeddable":true,"href":"https:\/\/www.vempele.fi\/de\/wp-json\/wp\/v2\/comments?post=41276"}],"wp:featuredmedia":[{"embeddable":true,"href":"https:\/\/www.vempele.fi\/de\/wp-json\/wp\/v2\/media\/37515"}],"wp:attachment":[{"href":"https:\/\/www.vempele.fi\/de\/wp-json\/wp\/v2\/media?parent=41276"}],"wp:term":[{"taxonomy":"product_brand","embeddable":true,"href":"https:\/\/www.vempele.fi\/de\/wp-json\/wp\/v2\/product_brand?post=41276"},{"taxonomy":"product_cat","embeddable":true,"href":"https:\/\/www.vempele.fi\/de\/wp-json\/wp\/v2\/product_cat?post=41276"},{"taxonomy":"product_tag","embeddable":true,"href":"https:\/\/www.vempele.fi\/de\/wp-json\/wp\/v2\/product_tag?post=41276"}],"curies":[{"name":"wp","href":"https:\/\/api.w.org\/{rel}","templated":true}]}}