{"id":43903,"date":"2025-11-04T14:47:55","date_gmt":"2025-11-04T12:47:55","guid":{"rendered":"https:\/\/www.vempele.fi\/?post_type=product&#038;p=43903"},"modified":"2026-04-17T14:37:14","modified_gmt":"2026-04-17T11:37:14","slug":"rucklicht-ausen-links-hella-tesla-model-3-y","status":"publish","type":"product","link":"https:\/\/www.vempele.fi\/de\/tuote\/takavalo-ulompi-vasen-hella-tesla-model-3-y\/","title":{"rendered":"R\u00fccklicht au\u00dfen, links - Hella - Tesla Model 3\/Y"},"content":{"rendered":"<p>R\u00fccklicht au\u00dfen, links Tesla Model 3\/Y<\/p>\n<ul>\n<li>Hersteller: Hella<\/li>\n<li>\u00a0Angemessenheit:\n<ul>\n<li>Model 3 2019 - 2023 5-poliger Stecker<\/li>\n<li>Modell Y 2021 - 2024 5-poliger Stecker<\/li>\n<\/ul>\n<\/li>\n<li>Produktnummer des Herstellers: 2SD 015 341-931<\/li>\n<li>Tesla-Ersatzteilnummern, die vom Hersteller bereitgestellt werden:\n<ul>\n<li>1502086-00-D<\/li>\n<li>1502086-99-D<\/li>\n<\/ul>\n<\/li>\n<li>Einbaulage: hinten, links<\/li>\n<\/ul>\n<p>&nbsp;<\/p>","protected":false},"excerpt":{"rendered":"<p>R\u00fccklicht au\u00dfen, links. Passend f\u00fcr Tesla Model 3 und Y<\/p>\n<p>Hersteller: Hella<\/p>","protected":false},"featured_media":43904,"comment_status":"open","ping_status":"closed","template":"","meta":[],"product_brand":[793],"product_cat":[151,154,471,472],"product_tag":[792,121,319],"class_list":{"0":"post-43903","1":"product","2":"type-product","3":"status-publish","4":"has-post-thumbnail","6":"product_brand-hella","7":"product_cat-model-3","8":"product_cat-model-y","9":"product_cat-model-3-varaosat","10":"product_cat-varaosat-model-y","11":"product_tag-takavalo","12":"product_tag-tesla","13":"product_tag-varaosat","15":"first","16":"outofstock","17":"taxable","18":"shipping-taxable","19":"purchasable","20":"product-type-simple"},"jetpack_sharing_enabled":true,"_links":{"self":[{"href":"https:\/\/www.vempele.fi\/de\/wp-json\/wp\/v2\/product\/43903","targetHints":{"allow":["GET"]}}],"collection":[{"href":"https:\/\/www.vempele.fi\/de\/wp-json\/wp\/v2\/product"}],"about":[{"href":"https:\/\/www.vempele.fi\/de\/wp-json\/wp\/v2\/types\/product"}],"replies":[{"embeddable":true,"href":"https:\/\/www.vempele.fi\/de\/wp-json\/wp\/v2\/comments?post=43903"}],"wp:featuredmedia":[{"embeddable":true,"href":"https:\/\/www.vempele.fi\/de\/wp-json\/wp\/v2\/media\/43904"}],"wp:attachment":[{"href":"https:\/\/www.vempele.fi\/de\/wp-json\/wp\/v2\/media?parent=43903"}],"wp:term":[{"taxonomy":"product_brand","embeddable":true,"href":"https:\/\/www.vempele.fi\/de\/wp-json\/wp\/v2\/product_brand?post=43903"},{"taxonomy":"product_cat","embeddable":true,"href":"https:\/\/www.vempele.fi\/de\/wp-json\/wp\/v2\/product_cat?post=43903"},{"taxonomy":"product_tag","embeddable":true,"href":"https:\/\/www.vempele.fi\/de\/wp-json\/wp\/v2\/product_tag?post=43903"}],"curies":[{"name":"wp","href":"https:\/\/api.w.org\/{rel}","templated":true}]}}