{"id":46087,"date":"2026-03-10T14:27:11","date_gmt":"2026-03-10T12:27:11","guid":{"rendered":"https:\/\/www.vempele.fi\/?post_type=product&#038;p=46087"},"modified":"2026-04-09T15:23:05","modified_gmt":"2026-04-09T12:23:05","slug":"felsband-5cm-oder-10cm-x-100cm","status":"publish","type":"product","link":"https:\/\/www.vempele.fi\/de\/tuote\/kiveniskuteippi-5cm-tai-10cm-x-100cm\/","title":{"rendered":"Kieselsteinband - 5cm oder 10cm x 100cm"},"content":{"rendered":"<p data-start=\"104\" data-end=\"149\"><strong data-start=\"104\" data-end=\"149\">Schutzfolie zum Schutz der Lackoberfl\u00e4che Ihres Fahrzeugs<\/strong><\/p>\n<p data-start=\"151\" data-end=\"319\">Schutzklebeband wird in der Regel an den empfindlichsten Stellen des Fahrzeugs verwendet, z. B. an den Kanten der Heckklappe, den Kotfl\u00fcgeln, den T\u00fcrschwellern, der vorderen Sto\u00dfstange und der Vorderkante der Motorhaube.<\/p>\n<p data-start=\"321\" data-end=\"711\">Sauberes Wasser oder Seifenlauge kann bei der Installation helfen. Bei Verwendung von Seifenwasser ist es wichtig, dass der pH-Wert der Seife neutral ist (pH 7). Das empfohlene Mischungsverh\u00e4ltnis ist 3-15 Teile Seife auf 100 Teile Wasser (3-15:100). Seifenwasser erleichtert die Bewegung der Membran w\u00e4hrend des Einbaus, trocknet aber langsamer als Wasser allein. F\u00fcr kleine und schnelle Installationen kann auch einfaches Wasser verwendet werden.<\/p>\n<p data-start=\"713\" data-end=\"1069\">Bei der Verlegung auf gekr\u00fcmmten Oberfl\u00e4chen erleichtert das Hei\u00dfluftgebl\u00e4se die Formgebung des Bandes. Nach der Verlegung sollten die R\u00e4nder des Klebebandes vorsichtig auf eine H\u00f6chsttemperatur von 80 \u00b0C erw\u00e4rmt werden, um die Haftung zu gew\u00e4hrleisten. Verwenden Sie einen Spachtel auf der Oberseite des Klebebandes, um Wasser und Luftblasen zu entfernen, die unter der Folie eingeschlossen sind. Trocknen Sie abschlie\u00dfend die Oberfl\u00e4che und entfernen Sie die Schutzfolie.<\/p>\n<p data-start=\"1071\" data-end=\"1375\">Eine sorgf\u00e4ltige Vorbereitung ist wichtig f\u00fcr ein erfolgreiches Ergebnis. Die zu beklebende Fl\u00e4che muss v\u00f6llig sauber sein. Es wird empfohlen, die Fl\u00e4che mit einem Silikonentferner zu waschen und die Reinigung mit einem Staubtuch abzuschlie\u00dfen. Es ist einfacher, mit dem Klebeband zu arbeiten, wenn Sie es vor dem Anbringen auf eine geeignete Gr\u00f6\u00dfe zuschneiden.<\/p>\n<p data-start=\"1377\" data-end=\"1396\"><strong data-start=\"1377\" data-end=\"1396\">Technische Daten<\/strong><\/p>\n<ul data-start=\"1397\" data-end=\"1525\">\n<li data-section-id=\"1lj6gyc\" data-start=\"1444\" data-end=\"1481\">L\u00e4nge: von der Rolle geschnitten, 1 St\u00fcck des Produkts 1 Meter.<\/li>\n<li>Installationsmethode: Wasser oder Seifenwasser<\/li>\n<li>Maximale Erw\u00e4rmung: 80 \u00b0C<\/li>\n<li>Schichtdicke: 120 \u00b5m<\/li>\n<li data-section-id=\"1lj6gyc\" data-start=\"1444\" data-end=\"1481\">Breite: 5 oder 10 cm<\/li>\n<\/ul>","protected":false},"excerpt":{"rendered":"<p><strong data-start=\"104\" data-end=\"149\">Schutzfolie zum Schutz der Lackoberfl\u00e4che Ihres Fahrzeugs<\/strong><\/p>\n<p>Von einer Rolle auf Ma\u00df geschnitten. 1 St\u00fcck des Produkts ist 1 Meter lang.<\/p>","protected":false},"featured_media":46094,"comment_status":"open","ping_status":"closed","template":"","meta":[],"product_brand":[],"product_cat":[151,152,153,154,452,453,454,455,481,484,486,483,128],"product_tag":[],"class_list":{"0":"post-46087","1":"product","2":"type-product","3":"status-publish","4":"has-post-thumbnail","6":"product_cat-model-3","7":"product_cat-model-s","8":"product_cat-model-x","9":"product_cat-model-y","10":"product_cat-m3-tarvikkeet","11":"product_cat-ms-tarvikkeet","12":"product_cat-mx-tarvikkeet","13":"product_cat-my-tarvikkeet","14":"product_cat-tarvikkeet-ulkopuolelle-model-3","15":"product_cat-tarvikkeet-ulkopuolelle-model-s","16":"product_cat-tarvikkeet-ulkopuolelle-model-x","17":"product_cat-tarvikkeet-ulkopuolelle-model-y","18":"product_cat-tesla-tuotteet","20":"first","21":"instock","22":"taxable","23":"shipping-taxable","24":"purchasable","25":"product-type-variable"},"jetpack_sharing_enabled":true,"_links":{"self":[{"href":"https:\/\/www.vempele.fi\/de\/wp-json\/wp\/v2\/product\/46087","targetHints":{"allow":["GET"]}}],"collection":[{"href":"https:\/\/www.vempele.fi\/de\/wp-json\/wp\/v2\/product"}],"about":[{"href":"https:\/\/www.vempele.fi\/de\/wp-json\/wp\/v2\/types\/product"}],"replies":[{"embeddable":true,"href":"https:\/\/www.vempele.fi\/de\/wp-json\/wp\/v2\/comments?post=46087"}],"wp:featuredmedia":[{"embeddable":true,"href":"https:\/\/www.vempele.fi\/de\/wp-json\/wp\/v2\/media\/46094"}],"wp:attachment":[{"href":"https:\/\/www.vempele.fi\/de\/wp-json\/wp\/v2\/media?parent=46087"}],"wp:term":[{"taxonomy":"product_brand","embeddable":true,"href":"https:\/\/www.vempele.fi\/de\/wp-json\/wp\/v2\/product_brand?post=46087"},{"taxonomy":"product_cat","embeddable":true,"href":"https:\/\/www.vempele.fi\/de\/wp-json\/wp\/v2\/product_cat?post=46087"},{"taxonomy":"product_tag","embeddable":true,"href":"https:\/\/www.vempele.fi\/de\/wp-json\/wp\/v2\/product_tag?post=46087"}],"curies":[{"name":"wp","href":"https:\/\/api.w.org\/{rel}","templated":true}]}}