{"id":47089,"date":"2026-04-13T13:30:34","date_gmt":"2026-04-13T10:30:34","guid":{"rendered":"https:\/\/www.vempele.fi\/?post_type=product&#038;p=47089"},"modified":"2026-04-16T22:10:16","modified_gmt":"2026-04-16T19:10:16","slug":"ilmansuodatin-2kpl-nty-model-3-y","status":"publish","type":"product","link":"https:\/\/www.vempele.fi\/de\/tuote\/ilmansuodatin-2kpl-nty-model-3-y\/","title":{"rendered":"Ilmansuodatin 2kpl &#8211; NTY &#8211; Model 3 \/ Y"},"content":{"rendered":"<ul>\n<li>\u00a0Angemessenheit:\n<ul>\n<li>Modell Y 2020 - 2024<\/li>\n<li>Modell Y 2025 -&gt; (Juniper)<\/li>\n<li>Model 3 Pre-Refresh vm. 2019 - 2021<\/li>\n<li>Modell 3 Auffrischung vm. 2021 - 2023<\/li>\n<li>Modell 3 Highland vm. 2023 -&gt;<\/li>\n<\/ul>\n<\/li>\n<li>Pakkaus sis\u00e4lt\u00e4\u00e4: 2 x Raitisilmasuodatin<\/li>\n<li>Koko: 242 x 143 x 32mm<\/li>\n<li>Valmistajan tuotenumero: FCF-CH-021C<\/li>\n<li>OE-Referenznummern, die vom Hersteller bereitgestellt werden\n<ul>\n<li>1107681-00-A<\/li>\n<li>1107681-00-B<\/li>\n<li>1107681-00-C<\/li>\n<\/ul>\n<\/li>\n<\/ul>","protected":false},"excerpt":{"rendered":"<p>NTY aktiivihiilisuodatin Tesla Model 3:een ja Y:hyn. Valmistaja suosittelee vaihtamaan suodattimet kahden vuoden v\u00e4lein, mutta Suomen ajo-olosuhteissa suosittelemme vuoden vaihtov\u00e4li\u00e4.<\/p>\n<p><a href=\"https:\/\/www.youtube.com\/watch?v=aSDG-IZTuYU\" target=\"_blank\" rel=\"noopener noreferrer\">YouTube hat Anweisungen f\u00fcr den Austausch<\/a>. Die Verkleidungen lassen sich leicht abnehmen, aber eine Torx-Schraube befindet sich an einer ung\u00fcnstigen Stelle und erfordert eine etwas unbequeme Position im Fu\u00dfraum \ud83d\ude42 Es lohnt sich auch, den Schmutz aus dem Filtergeh\u00e4use sorgf\u00e4ltig abzusaugen.<\/p>","protected":false},"featured_media":47090,"comment_status":"open","ping_status":"closed","template":"","meta":[],"product_brand":[802],"product_cat":[151,154,452,455,480,482,128,471,472],"product_tag":[83,156,271,204,511,121],"class_list":{"0":"post-47089","1":"product","2":"type-product","3":"status-publish","4":"has-post-thumbnail","6":"product_brand-nty","7":"product_cat-model-3","8":"product_cat-model-y","9":"product_cat-m3-tarvikkeet","10":"product_cat-my-tarvikkeet","11":"product_cat-tarvikkeet-sisapuolelle-model-3","12":"product_cat-tarvikkeet-sisapuolelle-model-y","13":"product_cat-tesla-tuotteet","14":"product_cat-model-3-varaosat","15":"product_cat-varaosat-model-y","16":"product_tag-autotarvikkeet","17":"product_tag-model-3","18":"product_tag-model-y","19":"product_tag-raitisilmasuodatin","20":"product_tag-suodatin","21":"product_tag-tesla","23":"first","24":"instock","25":"taxable","26":"shipping-taxable","27":"purchasable","28":"product-type-simple"},"jetpack_sharing_enabled":true,"_links":{"self":[{"href":"https:\/\/www.vempele.fi\/de\/wp-json\/wp\/v2\/product\/47089","targetHints":{"allow":["GET"]}}],"collection":[{"href":"https:\/\/www.vempele.fi\/de\/wp-json\/wp\/v2\/product"}],"about":[{"href":"https:\/\/www.vempele.fi\/de\/wp-json\/wp\/v2\/types\/product"}],"replies":[{"embeddable":true,"href":"https:\/\/www.vempele.fi\/de\/wp-json\/wp\/v2\/comments?post=47089"}],"wp:featuredmedia":[{"embeddable":true,"href":"https:\/\/www.vempele.fi\/de\/wp-json\/wp\/v2\/media\/47090"}],"wp:attachment":[{"href":"https:\/\/www.vempele.fi\/de\/wp-json\/wp\/v2\/media?parent=47089"}],"wp:term":[{"taxonomy":"product_brand","embeddable":true,"href":"https:\/\/www.vempele.fi\/de\/wp-json\/wp\/v2\/product_brand?post=47089"},{"taxonomy":"product_cat","embeddable":true,"href":"https:\/\/www.vempele.fi\/de\/wp-json\/wp\/v2\/product_cat?post=47089"},{"taxonomy":"product_tag","embeddable":true,"href":"https:\/\/www.vempele.fi\/de\/wp-json\/wp\/v2\/product_tag?post=47089"}],"curies":[{"name":"wp","href":"https:\/\/api.w.org\/{rel}","templated":true}]}}