{"id":47145,"date":"2026-04-16T21:35:22","date_gmt":"2026-04-16T18:35:22","guid":{"rendered":"https:\/\/www.vempele.fi\/?post_type=product&#038;p=47145"},"modified":"2026-04-16T21:35:23","modified_gmt":"2026-04-16T18:35:23","slug":"vetoakseli-eteen-taakse-nty-model-3","status":"publish","type":"product","link":"https:\/\/www.vempele.fi\/de\/tuote\/vetoakseli-eteen-taakse-nty-model-3\/","title":{"rendered":"Vetoakseli, eteen \/ taakse &#8211; NTY &#8211; Model 3"},"content":{"rendered":"<ul>\n<li>Valmistajan tuotenumero: NPW-CH-114<\/li>\n<li>OE-Nummern, die vom Hersteller bereitgestellt werden:\n<ul>\n<li>19006295-101<\/li>\n<li>19070690-101<\/li>\n<\/ul>\n<\/li>\n<li>Angemessenheit:\n<ul>\n<li>Model 3 2017 -&gt;<\/li>\n<\/ul>\n<\/li>\n<li>Weitere Informationen:\n<ul>\n<li>Pituus: 805mm<\/li>\n<li>Hammastus renkaan p\u00e4\u00e4ss\u00e4: 30<\/li>\n<li>Hammastus tasauspy\u00f6r\u00e4st\u00f6n p\u00e4\u00e4ss\u00e4: 29<\/li>\n<\/ul>\n<\/li>\n<li>Paino: n. 7,8kg<\/li>\n<\/ul>","protected":false},"excerpt":{"rendered":"<p>Vetoakseli, eteen \/ taakse &#8211; NTY &#8211; Model 3<\/p>","protected":false},"featured_media":47146,"comment_status":"open","ping_status":"closed","template":"","meta":[],"product_brand":[802],"product_cat":[151,471],"product_tag":[156,848,319,687,746,686],"class_list":{"0":"post-47145","1":"product","2":"type-product","3":"status-publish","4":"has-post-thumbnail","6":"product_brand-nty","7":"product_cat-model-3","8":"product_cat-model-3-varaosat","9":"product_tag-model-3","10":"product_tag-varaosa","11":"product_tag-varaosat","12":"product_tag-vetari","13":"product_tag-vetoakseli","14":"product_tag-vetonivel","16":"first","17":"instock","18":"taxable","19":"shipping-taxable","20":"purchasable","21":"product-type-simple"},"jetpack_sharing_enabled":true,"_links":{"self":[{"href":"https:\/\/www.vempele.fi\/de\/wp-json\/wp\/v2\/product\/47145","targetHints":{"allow":["GET"]}}],"collection":[{"href":"https:\/\/www.vempele.fi\/de\/wp-json\/wp\/v2\/product"}],"about":[{"href":"https:\/\/www.vempele.fi\/de\/wp-json\/wp\/v2\/types\/product"}],"replies":[{"embeddable":true,"href":"https:\/\/www.vempele.fi\/de\/wp-json\/wp\/v2\/comments?post=47145"}],"wp:featuredmedia":[{"embeddable":true,"href":"https:\/\/www.vempele.fi\/de\/wp-json\/wp\/v2\/media\/47146"}],"wp:attachment":[{"href":"https:\/\/www.vempele.fi\/de\/wp-json\/wp\/v2\/media?parent=47145"}],"wp:term":[{"taxonomy":"product_brand","embeddable":true,"href":"https:\/\/www.vempele.fi\/de\/wp-json\/wp\/v2\/product_brand?post=47145"},{"taxonomy":"product_cat","embeddable":true,"href":"https:\/\/www.vempele.fi\/de\/wp-json\/wp\/v2\/product_cat?post=47145"},{"taxonomy":"product_tag","embeddable":true,"href":"https:\/\/www.vempele.fi\/de\/wp-json\/wp\/v2\/product_tag?post=47145"}],"curies":[{"name":"wp","href":"https:\/\/api.w.org\/{rel}","templated":true}]}}