{"id":47700,"date":"2026-05-04T19:36:13","date_gmt":"2026-05-04T16:36:13","guid":{"rendered":"https:\/\/www.vempele.fi\/?post_type=product&#038;p=47700"},"modified":"2026-05-04T19:36:14","modified_gmt":"2026-05-04T16:36:14","slug":"pyoranlaakeri-rwd-awd-nty-model-s-x","status":"publish","type":"product","link":"https:\/\/www.vempele.fi\/de\/tuote\/pyoranlaakeri-rwd-awd-nty-model-s-x\/","title":{"rendered":"Py\u00f6r\u00e4nlaakeri RWD, AWD \u2013 NTY \u2013 Model S \/ X"},"content":{"rendered":"<p>Py\u00f6r\u00e4nlaakeri RWD, AWD \u2013 NTY \u2013 Model S \/ X<\/p>\n<ul>\n<li>Hersteller: NTY<\/li>\n<li>Valmistajan tuotenumero: KLT-CH-062<\/li>\n<li>OE-Referenznummern, die vom Hersteller bereitgestellt werden:\n<ul>\n<li>1027170-00-A<\/li>\n<li>1027170-00-B<\/li>\n<li>1027170-00-C<\/li>\n<\/ul>\n<\/li>\n<li>Angemessenheit:\n<ul>\n<li>Modell S 2012 \u2013<\/li>\n<li>Model X 2015 &#8211;<\/li>\n<\/ul>\n<\/li>\n<li>Anzahl der Befestigungsl\u00f6cher: 4<\/li>\n<li>Vanne, L\u00fccken: 5<\/li>\n<li>Gewicht: ca. 4,5 kg<\/li>\n<\/ul>","protected":false},"excerpt":{"rendered":"<p>Valmistajan NTY py\u00f6r\u00e4nlaakeri Tesla Model X ja S. Py\u00f6r\u00e4nlaakeri sopii RWD-mallin taka-akseliin sek\u00e4 AWD-mallin etu- ja taka-akseliin.<\/p>\n<p><strong>Achtung!<\/strong>\u00a0Dieses Produkt ist nicht f\u00fcr die Vorderachse von RWD-Modellen geeignet.<\/p>","protected":false},"featured_media":47701,"comment_status":"open","ping_status":"closed","template":"","meta":[],"product_brand":[802],"product_cat":[152,153,473,474],"product_tag":[475,172,173,121,319],"class_list":{"0":"post-47700","1":"product","2":"type-product","3":"status-publish","4":"has-post-thumbnail","6":"product_brand-nty","7":"product_cat-model-s","8":"product_cat-model-x","9":"product_cat-varaosat-model-s","10":"product_cat-varaosat-model-x","11":"product_tag-laakeri","12":"product_tag-model-s","13":"product_tag-model-x","14":"product_tag-tesla","15":"product_tag-varaosat","17":"first","18":"instock","19":"taxable","20":"shipping-taxable","21":"purchasable","22":"product-type-simple"},"jetpack_sharing_enabled":true,"_links":{"self":[{"href":"https:\/\/www.vempele.fi\/de\/wp-json\/wp\/v2\/product\/47700","targetHints":{"allow":["GET"]}}],"collection":[{"href":"https:\/\/www.vempele.fi\/de\/wp-json\/wp\/v2\/product"}],"about":[{"href":"https:\/\/www.vempele.fi\/de\/wp-json\/wp\/v2\/types\/product"}],"replies":[{"embeddable":true,"href":"https:\/\/www.vempele.fi\/de\/wp-json\/wp\/v2\/comments?post=47700"}],"wp:featuredmedia":[{"embeddable":true,"href":"https:\/\/www.vempele.fi\/de\/wp-json\/wp\/v2\/media\/47701"}],"wp:attachment":[{"href":"https:\/\/www.vempele.fi\/de\/wp-json\/wp\/v2\/media?parent=47700"}],"wp:term":[{"taxonomy":"product_brand","embeddable":true,"href":"https:\/\/www.vempele.fi\/de\/wp-json\/wp\/v2\/product_brand?post=47700"},{"taxonomy":"product_cat","embeddable":true,"href":"https:\/\/www.vempele.fi\/de\/wp-json\/wp\/v2\/product_cat?post=47700"},{"taxonomy":"product_tag","embeddable":true,"href":"https:\/\/www.vempele.fi\/de\/wp-json\/wp\/v2\/product_tag?post=47700"}],"curies":[{"name":"wp","href":"https:\/\/api.w.org\/{rel}","templated":true}]}}