{"id":5966,"date":"2020-08-18T14:47:41","date_gmt":"2020-08-18T11:47:41","guid":{"rendered":"https:\/\/www.vempele.fi\/?post_type=product&#038;p=5966"},"modified":"2026-03-27T15:56:20","modified_gmt":"2026-03-27T13:56:20","slug":"tesla-model-3-kurbelgehause","status":"publish","type":"product","link":"https:\/\/www.vempele.fi\/de\/tuote\/tesla-model-3-kuralapat\/","title":{"rendered":"Abk\u00fcrzungen - Tesla Model 3"},"content":{"rendered":"<p>Tesla Model 3 geformte Kotfl\u00fcgel. Das Paket enth\u00e4lt 4 St\u00fcck (vorne und hinten auf beiden Seiten) und die notwendigen Befestigungsnieten mit Stift.<\/p>\n<p><strong>Weitere Informationen<\/strong><\/p>\n<ul>\n<li>Angemessenheit:\n<ul>\n<li>Model 3 Pre-Refresh vm. 2019 - 2021<\/li>\n<li>Modell 3 Auffrischung vm. 2021 - 2023<\/li>\n<\/ul>\n<\/li>\n<li>Material: ABS-Kunststoff<\/li>\n<li>Farbe: Schwarz<\/li>\n<li>Im Paket enthalten:\n<ul>\n<li>4 x Kurbeln, vollst\u00e4ndiger Satz<\/li>\n<li>9 x Befestigungsnieten mit Stift<\/li>\n<li>8 x Metallschrauben<\/li>\n<\/ul>\n<\/li>\n<\/ul>","protected":false},"excerpt":{"rendered":"<p>Das Paket enth\u00e4lt 4 St\u00fcck Drosselklappe Wachen f\u00fcr Tesla Model 3, vorne und hinten entwickelt.<\/p>\n<p>Sie k\u00f6nnen die vorhandenen Kunststoffeins\u00e4tze f\u00fcr die Innenverkleidung oder die mitgelieferten Befestigungsschrauben verwenden. Dieses Modell muss nicht separat in die Innenverkleidung gebohrt werden, es werden nur die vorhandenen L\u00f6cher verwendet.<\/p>\n<p>Suosittelemme <a href=\"https:\/\/www.vempele.fi\/de\/product-2\/felsband-5cm-oder-10cm-x-100cm\/\">PPF-suikaleiden<\/a> k\u00e4ytt\u00f6\u00e4 suojaamaan auton maalipintaa ja kaksipuoleista teippi\u00e4 auttamaan l\u00e4ppien kiinnityksess\u00e4 (ei mukana pakkauksessa).<\/p>","protected":false},"featured_media":44812,"comment_status":"open","ping_status":"closed","template":"","meta":[],"product_brand":[],"product_cat":[151,452,481,128],"product_tag":[83,270,121,120],"class_list":{"0":"post-5966","1":"product","2":"type-product","3":"status-publish","4":"has-post-thumbnail","6":"product_cat-model-3","7":"product_cat-m3-tarvikkeet","8":"product_cat-tarvikkeet-ulkopuolelle-model-3","9":"product_cat-tesla-tuotteet","10":"product_tag-autotarvikkeet","11":"product_tag-kuralapat","12":"product_tag-tesla","13":"product_tag-tesla-model-3","15":"first","16":"outofstock","17":"taxable","18":"shipping-taxable","19":"purchasable","20":"product-type-simple"},"jetpack_sharing_enabled":true,"_links":{"self":[{"href":"https:\/\/www.vempele.fi\/de\/wp-json\/wp\/v2\/product\/5966","targetHints":{"allow":["GET"]}}],"collection":[{"href":"https:\/\/www.vempele.fi\/de\/wp-json\/wp\/v2\/product"}],"about":[{"href":"https:\/\/www.vempele.fi\/de\/wp-json\/wp\/v2\/types\/product"}],"replies":[{"embeddable":true,"href":"https:\/\/www.vempele.fi\/de\/wp-json\/wp\/v2\/comments?post=5966"}],"wp:featuredmedia":[{"embeddable":true,"href":"https:\/\/www.vempele.fi\/de\/wp-json\/wp\/v2\/media\/44812"}],"wp:attachment":[{"href":"https:\/\/www.vempele.fi\/de\/wp-json\/wp\/v2\/media?parent=5966"}],"wp:term":[{"taxonomy":"product_brand","embeddable":true,"href":"https:\/\/www.vempele.fi\/de\/wp-json\/wp\/v2\/product_brand?post=5966"},{"taxonomy":"product_cat","embeddable":true,"href":"https:\/\/www.vempele.fi\/de\/wp-json\/wp\/v2\/product_cat?post=5966"},{"taxonomy":"product_tag","embeddable":true,"href":"https:\/\/www.vempele.fi\/de\/wp-json\/wp\/v2\/product_tag?post=5966"}],"curies":[{"name":"wp","href":"https:\/\/api.w.org\/{rel}","templated":true}]}}