{"id":6081,"date":"2020-10-12T12:29:29","date_gmt":"2020-10-12T09:29:29","guid":{"rendered":"https:\/\/www.vempele.fi\/?post_type=product&#038;p=6081"},"modified":"2026-04-14T12:53:56","modified_gmt":"2026-04-14T09:53:56","slug":"befestigungsniet-mit-stift","status":"publish","type":"product","link":"https:\/\/www.vempele.fi\/de\/tuote\/kiinnitysniitti-nastalla\/","title":{"rendered":"Befestigungsniet mit Stift"},"content":{"rendered":"<p><strong>Installationsanleitung:<\/strong><\/p>\n<p>Dr\u00fccken Sie den Stift in das Loch der Niete. Der Stift spreizt die Spitze der Niete und verriegelt sie so fest an ihrem Platz. Achtung! Unsere neue Version des Produkts ist gr\u00f6\u00dfer als seine Vorg\u00e4ngerin und erfordert m\u00f6glicherweise die Verwendung einer Hilfsvorrichtung beim Anbringen. Achten Sie darauf, dass die Niete gerade sitzt. Wenn sie mit Gewalt in einem Winkel eingedr\u00fcckt wird, kann sie brechen.<\/p>\n<p>Um die Schraube aus dem Niet zu entfernen, f\u00fchren Sie z. B. einen Mei\u00dfel in die Aussparung des Nietes ein und heben die Schraube an.<\/p>\n<p><strong>Informationen zum Produkt<\/strong><\/p>\n<p>Farbe: schwarz<br \/>\nMaterial: Kunststoff<br \/>\nGeeignete Lochgr\u00f6\u00dfe: 8 mm<br \/>\nDurchmesser des Schraubenkopfes: 14 mm<br \/>\nSchraubenl\u00e4nge: 18 mm<br \/>\nDurchmesser der Nietposition: 19 mm<br \/>\nNietl\u00e4nge: 23 mm<br \/>\nGesamtl\u00e4nge: 24 mm<\/p>","protected":false},"excerpt":{"rendered":"<p>Der 2.0 ist gr\u00f6\u00dfer als sein Vorg\u00e4nger, so dass Sie damit Ihre Kurbelzapfen noch sicherer befestigen k\u00f6nnen. Die Montage und Demontage ist immer noch einfach.<\/p>\n<p>Kompatibilit\u00e4t mit z.B:<\/p>\n<ul>\n<li>Tesla Model 3 \/ Y \/ X \/ S<\/li>\n<li>VW Transporter, Caravelle &amp; T6 Multivan<\/li>\n<\/ul>","protected":false},"featured_media":10950,"comment_status":"open","ping_status":"closed","template":"","meta":[],"product_brand":[],"product_cat":[151,152,153,154,452,453,454,455,481,484,486,483,128],"product_tag":[343,459,366,270,367,121,120,122],"class_list":{"0":"post-6081","1":"product","2":"type-product","3":"status-publish","4":"has-post-thumbnail","6":"product_cat-model-3","7":"product_cat-model-s","8":"product_cat-model-x","9":"product_cat-model-y","10":"product_cat-m3-tarvikkeet","11":"product_cat-ms-tarvikkeet","12":"product_cat-mx-tarvikkeet","13":"product_cat-my-tarvikkeet","14":"product_cat-tarvikkeet-ulkopuolelle-model-3","15":"product_cat-tarvikkeet-ulkopuolelle-model-s","16":"product_cat-tarvikkeet-ulkopuolelle-model-x","17":"product_cat-tarvikkeet-ulkopuolelle-model-y","18":"product_cat-tesla-tuotteet","19":"product_tag-kiinnitysniitti","20":"product_tag-kiinnitysniitti-nastalla","21":"product_tag-kiinnitysniitti-ruuvilla","22":"product_tag-kuralapat","23":"product_tag-ruuvi","24":"product_tag-tesla","25":"product_tag-tesla-model-3","26":"product_tag-tesla-model-s","28":"first","29":"instock","30":"taxable","31":"shipping-taxable","32":"purchasable","33":"product-type-simple"},"jetpack_sharing_enabled":true,"_links":{"self":[{"href":"https:\/\/www.vempele.fi\/de\/wp-json\/wp\/v2\/product\/6081","targetHints":{"allow":["GET"]}}],"collection":[{"href":"https:\/\/www.vempele.fi\/de\/wp-json\/wp\/v2\/product"}],"about":[{"href":"https:\/\/www.vempele.fi\/de\/wp-json\/wp\/v2\/types\/product"}],"replies":[{"embeddable":true,"href":"https:\/\/www.vempele.fi\/de\/wp-json\/wp\/v2\/comments?post=6081"}],"wp:featuredmedia":[{"embeddable":true,"href":"https:\/\/www.vempele.fi\/de\/wp-json\/wp\/v2\/media\/10950"}],"wp:attachment":[{"href":"https:\/\/www.vempele.fi\/de\/wp-json\/wp\/v2\/media?parent=6081"}],"wp:term":[{"taxonomy":"product_brand","embeddable":true,"href":"https:\/\/www.vempele.fi\/de\/wp-json\/wp\/v2\/product_brand?post=6081"},{"taxonomy":"product_cat","embeddable":true,"href":"https:\/\/www.vempele.fi\/de\/wp-json\/wp\/v2\/product_cat?post=6081"},{"taxonomy":"product_tag","embeddable":true,"href":"https:\/\/www.vempele.fi\/de\/wp-json\/wp\/v2\/product_tag?post=6081"}],"curies":[{"name":"wp","href":"https:\/\/api.w.org\/{rel}","templated":true}]}}