{"id":6117,"date":"2021-07-20T14:00:55","date_gmt":"2021-07-20T11:00:55","guid":{"rendered":"https:\/\/www.vempele.fi\/?post_type=product&#038;p=6117"},"modified":"2026-04-15T12:32:48","modified_gmt":"2026-04-15T09:32:48","slug":"becherhalter-adapter-tesla-model-3","status":"publish","type":"product","link":"https:\/\/www.vempele.fi\/de\/tuote\/kupinpidike-adapteri-tesla-model-3\/","title":{"rendered":"Kupplungshalter-Adapter - Tesla Model 3"},"content":{"rendered":"<p>Cup Holder Adapter f\u00fcr Tesla Model 3 - reduziert den Umfang des Becherhalters, wodurch die Becher besser an ihrem Platz bleiben!<\/p>\n<p><strong>Informationen zum Produkt<\/strong><\/p>\n<ul>\n<li>Produktname: Kupplungshalter Adapter<\/li>\n<li>Angemessenheit:\n<ul>\n<li>Model 3 Pre-Refresh vm. 2019 - 2021<\/li>\n<\/ul>\n<\/li>\n<li>Lieferumfang: 1 Stk. Kupinhalterikke-Adapter<\/li>\n<li>\u00c4u\u00dferer Umfang: 70,4 mm<\/li>\n<li>Umfang des Sp\u00fclkastens: 67,3 mm<\/li>\n<li>H\u00f6he: 59,4 mm<\/li>\n<li>Name: Tesla Model 3 - Becherhalter-Adapter<\/li>\n<\/ul>","protected":false},"excerpt":{"rendered":"<p>Tesla Model 3 - Mit dem Getr\u00e4nkehalter-Adapter wird der Becher nicht ausfallen! Reduziert den Umfang des Becherhalters auf 67,3 mm. H\u00e4lt den Becher bei den flinken Bewegungen des Tesla aufrecht. Hinweis! Das Paket enth\u00e4lt 1 St\u00fcck Becherhalter-Adapter.<\/p>","protected":false},"featured_media":7124,"comment_status":"open","ping_status":"closed","template":"","meta":[],"product_brand":[],"product_cat":[151,452,480,128],"product_tag":[83,121,120],"class_list":{"0":"post-6117","1":"product","2":"type-product","3":"status-publish","4":"has-post-thumbnail","6":"product_cat-model-3","7":"product_cat-m3-tarvikkeet","8":"product_cat-tarvikkeet-sisapuolelle-model-3","9":"product_cat-tesla-tuotteet","10":"product_tag-autotarvikkeet","11":"product_tag-tesla","12":"product_tag-tesla-model-3","14":"first","15":"instock","16":"taxable","17":"shipping-taxable","18":"purchasable","19":"product-type-simple"},"jetpack_sharing_enabled":true,"_links":{"self":[{"href":"https:\/\/www.vempele.fi\/de\/wp-json\/wp\/v2\/product\/6117","targetHints":{"allow":["GET"]}}],"collection":[{"href":"https:\/\/www.vempele.fi\/de\/wp-json\/wp\/v2\/product"}],"about":[{"href":"https:\/\/www.vempele.fi\/de\/wp-json\/wp\/v2\/types\/product"}],"replies":[{"embeddable":true,"href":"https:\/\/www.vempele.fi\/de\/wp-json\/wp\/v2\/comments?post=6117"}],"wp:featuredmedia":[{"embeddable":true,"href":"https:\/\/www.vempele.fi\/de\/wp-json\/wp\/v2\/media\/7124"}],"wp:attachment":[{"href":"https:\/\/www.vempele.fi\/de\/wp-json\/wp\/v2\/media?parent=6117"}],"wp:term":[{"taxonomy":"product_brand","embeddable":true,"href":"https:\/\/www.vempele.fi\/de\/wp-json\/wp\/v2\/product_brand?post=6117"},{"taxonomy":"product_cat","embeddable":true,"href":"https:\/\/www.vempele.fi\/de\/wp-json\/wp\/v2\/product_cat?post=6117"},{"taxonomy":"product_tag","embeddable":true,"href":"https:\/\/www.vempele.fi\/de\/wp-json\/wp\/v2\/product_tag?post=6117"}],"curies":[{"name":"wp","href":"https:\/\/api.w.org\/{rel}","templated":true}]}}