{"id":6483,"date":"2021-04-13T10:30:51","date_gmt":"2021-04-13T07:30:51","guid":{"rendered":"https:\/\/www.vempele.fi\/?post_type=product&#038;p=6483"},"modified":"2026-04-15T22:06:52","modified_gmt":"2026-04-15T19:06:52","slug":"tesla-model-3-kofferraumhaken-fur-einkaufstaschen","status":"publish","type":"product","link":"https:\/\/www.vempele.fi\/de\/tuote\/tesla-model-3-takakontin-kauppakassikoukut\/","title":{"rendered":"Haken f\u00fcr Kofferraumtaschen - Tesla Model 3"},"content":{"rendered":"<ul>\n<li>Angemessenheit:\n<ul>\n<li>Model 3 Pre-Refresh vm. 2019 - 2021<\/li>\n<li>Modell 3 Auffrischung vm. 2021 - 2023<\/li>\n<li>Modell 3 Highland vm 2023 -&gt;<\/li>\n<\/ul>\n<\/li>\n<li>Montage: auf den Bolzen am oberen Ende des Kofferraums geschraubt<\/li>\n<li>Material: Kunststoff<\/li>\n<li>Farbe: schwarz<\/li>\n<li>Gr\u00f6\u00dfe: ca. 70 x 70 x 45 mm<\/li>\n<li>Packungsinhalt: 1 x Haken<\/li>\n<\/ul>","protected":false},"excerpt":{"rendered":"<p>Mit diesen praktischen Aufh\u00e4ngern k\u00f6nnen Sie Ihre Eink\u00e4ufe und andere Taschen im Kofferraum Ihres Tesla aufh\u00e4ngen. Diese Haken eignen sich gut zum Aufh\u00e4ngen von Eink\u00e4ufen auch bei einer Fahrt zum Ferienhaus, damit die Flaschen nicht in den Kurven von den frei fallenden T\u00fcten verloren gehen.<\/p>\n<p>Ein neuer Tesla-Besitzer sollte sich ein paar davon f\u00fcr den Container besorgen. Wir haben oft von Kunden geh\u00f6rt: \"Warum sind die nicht schon Standard?\" &amp; \"Sie sind praktisch und billig!\"<\/p>\n<p><strong>HINWEIS!\u00a0<\/strong>Pr\u00fcfen Sie vor dem Kauf die Eignung f\u00fcr Ihr Fahrzeug.<\/p>","protected":false},"featured_media":6484,"comment_status":"open","ping_status":"closed","template":"","meta":[],"product_brand":[],"product_cat":[151,452,480,128],"product_tag":[83,544,545,546,156,121],"class_list":{"0":"post-6483","1":"product","2":"type-product","3":"status-publish","4":"has-post-thumbnail","6":"product_cat-model-3","7":"product_cat-m3-tarvikkeet","8":"product_cat-tarvikkeet-sisapuolelle-model-3","9":"product_cat-tesla-tuotteet","10":"product_tag-autotarvikkeet","11":"product_tag-kassikoukku","12":"product_tag-kauppakassi","13":"product_tag-koukut","14":"product_tag-model-3","15":"product_tag-tesla","17":"first","18":"instock","19":"taxable","20":"shipping-taxable","21":"purchasable","22":"product-type-simple"},"jetpack_sharing_enabled":true,"_links":{"self":[{"href":"https:\/\/www.vempele.fi\/de\/wp-json\/wp\/v2\/product\/6483","targetHints":{"allow":["GET"]}}],"collection":[{"href":"https:\/\/www.vempele.fi\/de\/wp-json\/wp\/v2\/product"}],"about":[{"href":"https:\/\/www.vempele.fi\/de\/wp-json\/wp\/v2\/types\/product"}],"replies":[{"embeddable":true,"href":"https:\/\/www.vempele.fi\/de\/wp-json\/wp\/v2\/comments?post=6483"}],"wp:featuredmedia":[{"embeddable":true,"href":"https:\/\/www.vempele.fi\/de\/wp-json\/wp\/v2\/media\/6484"}],"wp:attachment":[{"href":"https:\/\/www.vempele.fi\/de\/wp-json\/wp\/v2\/media?parent=6483"}],"wp:term":[{"taxonomy":"product_brand","embeddable":true,"href":"https:\/\/www.vempele.fi\/de\/wp-json\/wp\/v2\/product_brand?post=6483"},{"taxonomy":"product_cat","embeddable":true,"href":"https:\/\/www.vempele.fi\/de\/wp-json\/wp\/v2\/product_cat?post=6483"},{"taxonomy":"product_tag","embeddable":true,"href":"https:\/\/www.vempele.fi\/de\/wp-json\/wp\/v2\/product_tag?post=6483"}],"curies":[{"name":"wp","href":"https:\/\/api.w.org\/{rel}","templated":true}]}}