{"id":6508,"date":"2021-04-14T10:06:59","date_gmt":"2021-04-14T07:06:59","guid":{"rendered":"https:\/\/www.vempele.fi\/?post_type=product&#038;p=6508"},"modified":"2026-04-12T14:38:11","modified_gmt":"2026-04-12T11:38:11","slug":"tesla-model-3-kofferraum-eva-telematten","status":"publish","type":"product","link":"https:\/\/www.vempele.fi\/de\/tuote\/tesla-model-3-frunk-trunk-eva-kaukalomatot\/","title":{"rendered":"Kofferraum \/ Kofferraum EVA-Fernbedienungen - Tesla Model 3"},"content":{"rendered":"<p>Tesla Model 3 Laderaummatten f\u00fcr den vorderen und hinteren Kofferraum.<\/p>\n<p>Teppichboden-Optionen zur Auswahl:<\/p>\n<ul>\n<li>Frontboxmatte (2021-&gt; Frontboxmatte)<\/li>\n<li>Kofferraumablagematte (Kofferraumablagematte)<\/li>\n<li>eine gro\u00dfe, fl\u00e4chendeckende Kofferraummatte (Trunk Mat)<\/li>\n<\/ul>\n<p><b>Weitere Informationen<\/b><\/p>\n<ul>\n<li>Material: EVA-Kunststoff<\/li>\n<li>Farbe: schwarz<\/li>\n<\/ul>","protected":false},"excerpt":{"rendered":"<p>Strapazierf\u00e4hige Fu\u00dfmatten, die Ihr Auto sch\u00fctzen und leicht zu reinigen sind. Auswahl an Matten f\u00fcr den vorderen Kofferraum, den Kofferraum und den kleinen Stauraum im Kofferraum. Geformt nach den Ma\u00dfen des Tesla Model 3. Bitte vergewissern Sie sich vor dem Kauf, dass die Matten zu Ihrem Fahrzeug passen.<\/p>\n<p>Das Paket enth\u00e4lt die Matte, die Sie aus dem unten stehenden Men\u00fc ausw\u00e4hlen.<\/p>\n<p><strong>Kompatibilit\u00e4t<\/strong><\/p>\n<ul>\n<li>Ablagematten f\u00fcr den vorderen Kofferraum und den kleinen Kofferraum (Frunk &amp; Trunk Storage Mat): Tesla Model 3, Modelle 2021 - 2023<\/li>\n<li>Gro\u00dfe Kofferraummatte: Tesla Model 3, Modelle 2019 - 2023<\/li>\n<\/ul>","protected":false},"featured_media":9022,"comment_status":"open","ping_status":"closed","template":"","meta":[],"product_brand":[],"product_cat":[409,151,128],"product_tag":[83,503,304,156,555,121,554],"class_list":{"0":"post-6508","1":"product","2":"type-product","3":"status-publish","4":"has-post-thumbnail","6":"product_cat-matot-model-3","7":"product_cat-model-3","8":"product_cat-tesla-tuotteet","9":"product_tag-autotarvikkeet","10":"product_tag-frunk","11":"product_tag-kaukalomatto","12":"product_tag-model-3","13":"product_tag-storage","14":"product_tag-tesla","15":"product_tag-trunk","16":"product_shipping_class-nouto","18":"first","19":"instock","20":"taxable","21":"shipping-taxable","22":"purchasable","23":"product-type-variable"},"jetpack_sharing_enabled":true,"_links":{"self":[{"href":"https:\/\/www.vempele.fi\/de\/wp-json\/wp\/v2\/product\/6508","targetHints":{"allow":["GET"]}}],"collection":[{"href":"https:\/\/www.vempele.fi\/de\/wp-json\/wp\/v2\/product"}],"about":[{"href":"https:\/\/www.vempele.fi\/de\/wp-json\/wp\/v2\/types\/product"}],"replies":[{"embeddable":true,"href":"https:\/\/www.vempele.fi\/de\/wp-json\/wp\/v2\/comments?post=6508"}],"wp:featuredmedia":[{"embeddable":true,"href":"https:\/\/www.vempele.fi\/de\/wp-json\/wp\/v2\/media\/9022"}],"wp:attachment":[{"href":"https:\/\/www.vempele.fi\/de\/wp-json\/wp\/v2\/media?parent=6508"}],"wp:term":[{"taxonomy":"product_brand","embeddable":true,"href":"https:\/\/www.vempele.fi\/de\/wp-json\/wp\/v2\/product_brand?post=6508"},{"taxonomy":"product_cat","embeddable":true,"href":"https:\/\/www.vempele.fi\/de\/wp-json\/wp\/v2\/product_cat?post=6508"},{"taxonomy":"product_tag","embeddable":true,"href":"https:\/\/www.vempele.fi\/de\/wp-json\/wp\/v2\/product_tag?post=6508"}],"curies":[{"name":"wp","href":"https:\/\/api.w.org\/{rel}","templated":true}]}}