{"id":7114,"date":"2021-07-20T10:32:42","date_gmt":"2021-07-20T07:32:42","guid":{"rendered":"https:\/\/www.vempele.fi\/?post_type=product&#038;p=7114"},"modified":"2026-04-22T09:25:39","modified_gmt":"2026-04-22T06:25:39","slug":"tesla-model-3-turdichtungen","status":"publish","type":"product","link":"https:\/\/www.vempele.fi\/de\/tuote\/tesla-model-3-ovitiivisteet\/","title":{"rendered":"T\u00fcrdichtungen - Tesla Model 3"},"content":{"rendered":"<p><b>Informationen zum Produkt:<\/b><\/p>\n<ul>\n<li>Kompatibilit\u00e4t:\n<ul>\n<li>Model 3 Pre-Refresh vm. 2019 - 2021<\/li>\n<li>Modell 3 Auffrischung vm. 2021 - 2023<\/li>\n<li>Model 3 Highland vm. 2024 - Achtung!!!\n<ul>Die T\u00fcren passen so, wie sie sind, der Kofferraum erfordert einen zus\u00e4tzlichen Schnitt und die Heckklappe ist etwas anders, so dass sie nicht gerade passt, aber durch Tuning und die Verwendung eines zus\u00e4tzlichen St\u00fccks des Kofferraums an der Heckklappe kann man auch das eindrehen.<\/ul>\n<\/li>\n<\/ul>\n<\/li>\n<li>Farbe: Schwarz<\/li>\n<li>Herstellungsland: China<\/li>\n<\/ul>\n<p>Das Paket enth\u00e4lt T\u00fcrdichtungen f\u00fcr vier T\u00fcren, sowie f\u00fcr die Vorder- und Hintert\u00fcr!<\/p>","protected":false},"excerpt":{"rendered":"<p><strong>Jetzt auch mit T\u00fcrdichtungen vorne und hinten!<\/strong><\/p>\n<p>T\u00fcrdichtungen f\u00fcr das Tesla Model 3. Die Dichtungen sorgen f\u00fcr eine gewisse Ger\u00e4uschd\u00e4mpfung, aber ihre Hauptfunktion ist es, die T\u00fcren und Schwellen sauber zu halten.<\/p>\n<p>Die Montagepunkte sind auf den Dichtungen markiert, was den Einbau erleichtert.<\/p>\n<p>Mit T\u00fcrdichtungen f\u00fcr jede der vier T\u00fcren sowie f\u00fcr die Vorder- und Hintert\u00fcren!<\/p>\n<p>Siehe <a href=\"https:\/\/www.youtube.com\/watch?v=Jvv4K57nh8I\" target=\"_blank\" rel=\"noopener\">Hier<\/a> Video \u00fcber den Einbau von Dichtungen!<\/p>","protected":false},"featured_media":25988,"comment_status":"open","ping_status":"closed","template":"","meta":[],"product_brand":[],"product_cat":[151,452,480,128],"product_tag":[156,121,578],"class_list":{"0":"post-7114","1":"product","2":"type-product","3":"status-publish","4":"has-post-thumbnail","6":"product_cat-model-3","7":"product_cat-m3-tarvikkeet","8":"product_cat-tarvikkeet-sisapuolelle-model-3","9":"product_cat-tesla-tuotteet","10":"product_tag-model-3","11":"product_tag-tesla","12":"product_tag-tiivisteet","14":"first","15":"instock","16":"taxable","17":"shipping-taxable","18":"purchasable","19":"product-type-simple"},"jetpack_sharing_enabled":true,"_links":{"self":[{"href":"https:\/\/www.vempele.fi\/de\/wp-json\/wp\/v2\/product\/7114","targetHints":{"allow":["GET"]}}],"collection":[{"href":"https:\/\/www.vempele.fi\/de\/wp-json\/wp\/v2\/product"}],"about":[{"href":"https:\/\/www.vempele.fi\/de\/wp-json\/wp\/v2\/types\/product"}],"replies":[{"embeddable":true,"href":"https:\/\/www.vempele.fi\/de\/wp-json\/wp\/v2\/comments?post=7114"}],"wp:featuredmedia":[{"embeddable":true,"href":"https:\/\/www.vempele.fi\/de\/wp-json\/wp\/v2\/media\/25988"}],"wp:attachment":[{"href":"https:\/\/www.vempele.fi\/de\/wp-json\/wp\/v2\/media?parent=7114"}],"wp:term":[{"taxonomy":"product_brand","embeddable":true,"href":"https:\/\/www.vempele.fi\/de\/wp-json\/wp\/v2\/product_brand?post=7114"},{"taxonomy":"product_cat","embeddable":true,"href":"https:\/\/www.vempele.fi\/de\/wp-json\/wp\/v2\/product_cat?post=7114"},{"taxonomy":"product_tag","embeddable":true,"href":"https:\/\/www.vempele.fi\/de\/wp-json\/wp\/v2\/product_tag?post=7114"}],"curies":[{"name":"wp","href":"https:\/\/api.w.org\/{rel}","templated":true}]}}