{"id":7145,"date":"2021-07-22T12:30:19","date_gmt":"2021-07-22T09:30:19","guid":{"rendered":"https:\/\/www.vempele.fi\/?post_type=product&#038;p=7145"},"modified":"2025-07-25T16:10:31","modified_gmt":"2025-07-25T13:10:31","slug":"tesla-model-3-sonnenschirme-fur-dachfenster","status":"publish","type":"product","link":"https:\/\/www.vempele.fi\/de\/tuote\/tesla-model-3-kattoikkunoiden-aurinkosuojat\/","title":{"rendered":"Sonnenschirme f\u00fcr Dachfenster - Tesla Model 3"},"content":{"rendered":"<p>Einfache Montage - die Clips werden hinter der Fahrzeugpolsterung angebracht und halten die Abdeckung an ihrem Platz.<\/p>\n<p><b>Weitere Informationen<\/b><\/p>\n<ul>\n<li>Eignung: f\u00fcr Tesla Model 3\n<ul>\n<li>Jahresmodelle bis 2020<\/li>\n<li>Jahresmodelle ab 2021, einschlie\u00dflich Highland<\/li>\n<\/ul>\n<\/li>\n<li>In der Packung:\n<ul>\n<li>2 x Sonnenschirme (einer vorne und einer hinten)<\/li>\n<li>Klammern zur Befestigung<\/li>\n<\/ul>\n<\/li>\n<li>Farbe: schwarz<\/li>\n<li>Abmessungen der Verpackung: 70 x 48 x 6 cm<\/li>\n<li>Gewicht der Verpackung: 0,95 kg<\/li>\n<\/ul>","protected":false},"excerpt":{"rendered":"<p>Die Sonnenblenden an den Dachfenstern des Tesla Model 3 sch\u00fctzen vor Blendung und erh\u00f6hen den Fahrkomfort.<\/p>\n<p>Bitte pr\u00fcfen Sie vor dem Kauf das Modelljahr Ihres Fahrzeugs. Sonnenschirme verf\u00fcgbar f\u00fcr Model 3 Modelle bis 2020 und ab 2021.<\/p>\n<p>Die Packung enth\u00e4lt zwei Sonnenschutzmittel, eines f\u00fcr die Vorderseite und eines f\u00fcr die R\u00fcckseite.<\/p>","protected":false},"featured_media":7141,"comment_status":"open","ping_status":"closed","template":"","meta":[],"product_brand":[],"product_cat":[151,452,480,128],"product_tag":[198,121,120],"class_list":{"0":"post-7145","1":"product","2":"type-product","3":"status-publish","4":"has-post-thumbnail","6":"product_cat-model-3","7":"product_cat-m3-tarvikkeet","8":"product_cat-tarvikkeet-sisapuolelle-model-3","9":"product_cat-tesla-tuotteet","10":"product_tag-aurinkosuoja","11":"product_tag-tesla","12":"product_tag-tesla-model-3","14":"first","15":"outofstock","16":"taxable","17":"shipping-taxable","18":"purchasable","19":"product-type-variable"},"jetpack_sharing_enabled":true,"_links":{"self":[{"href":"https:\/\/www.vempele.fi\/de\/wp-json\/wp\/v2\/product\/7145","targetHints":{"allow":["GET"]}}],"collection":[{"href":"https:\/\/www.vempele.fi\/de\/wp-json\/wp\/v2\/product"}],"about":[{"href":"https:\/\/www.vempele.fi\/de\/wp-json\/wp\/v2\/types\/product"}],"replies":[{"embeddable":true,"href":"https:\/\/www.vempele.fi\/de\/wp-json\/wp\/v2\/comments?post=7145"}],"wp:featuredmedia":[{"embeddable":true,"href":"https:\/\/www.vempele.fi\/de\/wp-json\/wp\/v2\/media\/7141"}],"wp:attachment":[{"href":"https:\/\/www.vempele.fi\/de\/wp-json\/wp\/v2\/media?parent=7145"}],"wp:term":[{"taxonomy":"product_brand","embeddable":true,"href":"https:\/\/www.vempele.fi\/de\/wp-json\/wp\/v2\/product_brand?post=7145"},{"taxonomy":"product_cat","embeddable":true,"href":"https:\/\/www.vempele.fi\/de\/wp-json\/wp\/v2\/product_cat?post=7145"},{"taxonomy":"product_tag","embeddable":true,"href":"https:\/\/www.vempele.fi\/de\/wp-json\/wp\/v2\/product_tag?post=7145"}],"curies":[{"name":"wp","href":"https:\/\/api.w.org\/{rel}","templated":true}]}}