{"id":7658,"date":"2021-08-31T08:20:33","date_gmt":"2021-08-31T05:20:33","guid":{"rendered":"https:\/\/www.vempele.fi\/?post_type=product&#038;p=7658"},"modified":"2026-04-21T18:01:51","modified_gmt":"2026-04-21T15:01:51","slug":"tesla-felgenmitte-becher-rot-4st","status":"publish","type":"product","link":"https:\/\/www.vempele.fi\/de\/tuote\/tesla-vanteen-keskikupit-punainen-4kpl\/","title":{"rendered":"Tesla - Felgenh\u00f6rnchen schwarz mit rotem Logo (4 St\u00fcck)"},"content":{"rendered":"<p>Tesla-Felgenmittelt\u00f6pfe jetzt zu einem g\u00fcnstigen Preis von Vempele f\u00fcr Tesla 3, S, X und Y Modelle!<br \/>\nPackung mit 4 schwarzen Mittelbechern.<\/p>\n<ul>\n<li>Kompatibilit\u00e4t: Tesla- und Zax-R\u00e4der (Hinweis: bitte Durchmesser pr\u00fcfen)\n<ul>\n<li>Nicht geeignet f\u00fcr Photon Felge! Ersatzprodukt kann gefunden werden <a href=\"https:\/\/www.vempele.fi\/de\/product-2\/felgenmittelkappen-fur-model-3-highland-photon-felgen\/\">hier.<\/a><\/li>\n<\/ul>\n<\/li>\n<li>Durchmesser 56 mm<\/li>\n<\/ul>","protected":false},"excerpt":{"rendered":"<p>Tesla - Felgenh\u00f6rnchen schwarz mit rotem Logo (4 St\u00fcck). Sichtbare Felgenh\u00f6rnchen mit rotem Tesla-Logo. Das Logo ist leuchtend rot und die Hintergrundfarbe ist schwarz. Der Durchmesser des Felgensterns betr\u00e4gt 56 mm, \u00fcberpr\u00fcfen Sie Ihre Felgen, um sicherzugehen, dass er passt. Die mittleren Felgenschalen sind mit einem Schutzaufkleber versehen, dessen Aussehen je nach Charge variieren kann (transparent, d\u00fcnn oder gemustert). Entfernen Sie den Schutzaufkleber vor dem Gebrauch.<\/p>","protected":false},"featured_media":44768,"comment_status":"open","ping_status":"closed","template":"","meta":[],"product_brand":[],"product_cat":[151,152,153,154,452,453,454,455,481,484,486,483,128,456],"product_tag":[83,383,221,156,172,173,271,121],"class_list":{"0":"post-7658","1":"product","2":"type-product","3":"status-publish","4":"has-post-thumbnail","6":"product_cat-model-3","7":"product_cat-model-s","8":"product_cat-model-x","9":"product_cat-model-y","10":"product_cat-m3-tarvikkeet","11":"product_cat-ms-tarvikkeet","12":"product_cat-mx-tarvikkeet","13":"product_cat-my-tarvikkeet","14":"product_cat-tarvikkeet-ulkopuolelle-model-3","15":"product_cat-tarvikkeet-ulkopuolelle-model-s","16":"product_cat-tarvikkeet-ulkopuolelle-model-x","17":"product_cat-tarvikkeet-ulkopuolelle-model-y","18":"product_cat-tesla-tuotteet","19":"product_cat-vannetarvikkeet","20":"product_tag-autotarvikkeet","21":"product_tag-keskikupit","22":"product_tag-keskiokupit","23":"product_tag-model-3","24":"product_tag-model-s","25":"product_tag-model-x","26":"product_tag-model-y","27":"product_tag-tesla","29":"first","30":"instock","31":"taxable","32":"shipping-taxable","33":"purchasable","34":"product-type-simple"},"jetpack_sharing_enabled":true,"_links":{"self":[{"href":"https:\/\/www.vempele.fi\/de\/wp-json\/wp\/v2\/product\/7658","targetHints":{"allow":["GET"]}}],"collection":[{"href":"https:\/\/www.vempele.fi\/de\/wp-json\/wp\/v2\/product"}],"about":[{"href":"https:\/\/www.vempele.fi\/de\/wp-json\/wp\/v2\/types\/product"}],"replies":[{"embeddable":true,"href":"https:\/\/www.vempele.fi\/de\/wp-json\/wp\/v2\/comments?post=7658"}],"wp:featuredmedia":[{"embeddable":true,"href":"https:\/\/www.vempele.fi\/de\/wp-json\/wp\/v2\/media\/44768"}],"wp:attachment":[{"href":"https:\/\/www.vempele.fi\/de\/wp-json\/wp\/v2\/media?parent=7658"}],"wp:term":[{"taxonomy":"product_brand","embeddable":true,"href":"https:\/\/www.vempele.fi\/de\/wp-json\/wp\/v2\/product_brand?post=7658"},{"taxonomy":"product_cat","embeddable":true,"href":"https:\/\/www.vempele.fi\/de\/wp-json\/wp\/v2\/product_cat?post=7658"},{"taxonomy":"product_tag","embeddable":true,"href":"https:\/\/www.vempele.fi\/de\/wp-json\/wp\/v2\/product_tag?post=7658"}],"curies":[{"name":"wp","href":"https:\/\/api.w.org\/{rel}","templated":true}]}}