{"id":7965,"date":"2021-09-30T08:46:50","date_gmt":"2021-09-30T05:46:50","guid":{"rendered":"https:\/\/www.vempele.fi\/?post_type=product&#038;p=7965"},"modified":"2025-12-23T07:55:03","modified_gmt":"2025-12-23T05:55:03","slug":"tesla-model-3-vordere-tur-unten-federn","status":"publish","type":"product","link":"https:\/\/www.vempele.fi\/de\/tuote\/tesla-model-3-etuluukun-jaykemmat-jousitukset\/","title":{"rendered":"Steifere Federn f\u00fcr die Vordert\u00fcr - Tesla Model 3"},"content":{"rendered":"<p>Tesla Model 3 - steifere Federn f\u00fcr die Vordert\u00fcr.<\/p>\n<ul>\n<li>Farbe: schwarz<\/li>\n<li>Angemessenheit:\n<ul>\n<li>Model 3 Pre-Refresh vm. 2019 - 2021<\/li>\n<li>Modell 3 Auffrischung vm. 2021 - 2023<\/li>\n<li>Modell 3 Highland vm. 2023 -&gt;<\/li>\n<\/ul>\n<\/li>\n<li>Paket beinhaltet: 2 x Federn<\/li>\n<li>Gewicht der Verpackung: 0,50 kg<\/li>\n<li>Abmessungen der Verpackung: 50 x 10 x 5 cm<\/li>\n<\/ul>","protected":false},"excerpt":{"rendered":"<p>Steifere Vorderradaufh\u00e4ngung f\u00fcr das Tesla Model 3. Diese erm\u00f6glichen es Ihnen, die vordere Klappe ganz nach oben zu \u00f6ffnen, wenn Sie die \u00d6ffnungstaste dr\u00fccken. Achtung! Aufgrund der Federn ist ein wenig mehr Kraft erforderlich, um die Federn zu befestigen, als mit den urspr\u00fcnglichen Pumpen.<\/p>\n<p>Bitte beachten Sie, dass es sich um eine Standardfeder handelt. Es kann sein, dass sie nicht in allen Situationen funktioniert, z. B. wenn Schnee auf der vorderen Luke liegt oder die Gasfeder durch K\u00e4lte\/Frost steif geworden ist. Wenn der automatische \u00d6ffner in allen Situationen funktionieren soll, empfehlen wir einen motorisierten \u00d6ffner.<\/p>","protected":false},"featured_media":7966,"comment_status":"open","ping_status":"closed","template":"","meta":[],"product_brand":[],"product_cat":[151,452,480,128],"product_tag":[236,199,121,120],"class_list":{"0":"post-7965","1":"product","2":"type-product","3":"status-publish","4":"has-post-thumbnail","6":"product_cat-model-3","7":"product_cat-m3-tarvikkeet","8":"product_cat-tarvikkeet-sisapuolelle-model-3","9":"product_cat-tesla-tuotteet","10":"product_tag-etuluukku","11":"product_tag-jouset","12":"product_tag-tesla","13":"product_tag-tesla-model-3","15":"first","16":"instock","17":"taxable","18":"shipping-taxable","19":"purchasable","20":"product-type-simple"},"jetpack_sharing_enabled":true,"_links":{"self":[{"href":"https:\/\/www.vempele.fi\/de\/wp-json\/wp\/v2\/product\/7965","targetHints":{"allow":["GET"]}}],"collection":[{"href":"https:\/\/www.vempele.fi\/de\/wp-json\/wp\/v2\/product"}],"about":[{"href":"https:\/\/www.vempele.fi\/de\/wp-json\/wp\/v2\/types\/product"}],"replies":[{"embeddable":true,"href":"https:\/\/www.vempele.fi\/de\/wp-json\/wp\/v2\/comments?post=7965"}],"wp:featuredmedia":[{"embeddable":true,"href":"https:\/\/www.vempele.fi\/de\/wp-json\/wp\/v2\/media\/7966"}],"wp:attachment":[{"href":"https:\/\/www.vempele.fi\/de\/wp-json\/wp\/v2\/media?parent=7965"}],"wp:term":[{"taxonomy":"product_brand","embeddable":true,"href":"https:\/\/www.vempele.fi\/de\/wp-json\/wp\/v2\/product_brand?post=7965"},{"taxonomy":"product_cat","embeddable":true,"href":"https:\/\/www.vempele.fi\/de\/wp-json\/wp\/v2\/product_cat?post=7965"},{"taxonomy":"product_tag","embeddable":true,"href":"https:\/\/www.vempele.fi\/de\/wp-json\/wp\/v2\/product_tag?post=7965"}],"curies":[{"name":"wp","href":"https:\/\/api.w.org\/{rel}","templated":true}]}}