{"id":8328,"date":"2025-04-03T13:41:32","date_gmt":"2025-04-03T10:41:32","guid":{"rendered":"https:\/\/www.vempele.fi\/?post_type=product&#038;p=8328"},"modified":"2026-02-17T11:53:32","modified_gmt":"2026-02-17T09:53:32","slug":"tesla-model-s-3-x-y-ladestecker-wandhalterung","status":"publish","type":"product","link":"https:\/\/www.vempele.fi\/de\/tuote\/tesla-model-s-3-x-y-latauspistokkeen-seinapidike\/","title":{"rendered":"Wandhalterung f\u00fcr Ladestecker"},"content":{"rendered":"<p>Wandhalterung f\u00fcr den Ladestecker Typ 2.<\/p>\n<ul>\n<li>Steckertyp: Typ 2<\/li>\n<li>Material: Hochwertiger ABS-Kunststoff<\/li>\n<li>Farbe: Schwarz<\/li>\n<li>Das Paket enth\u00e4lt:\n<ul>\n<li>1St\u00fcck Wandhalterung f\u00fcr Stecker und Kabel<\/li>\n<li>1St\u00fcck Wandhalterung f\u00fcr mobiles Ladeger\u00e4t<\/li>\n<li>6St\u00fcck Schrauben<\/li>\n<li>6St\u00fcck Stecker<\/li>\n<\/ul>\n<\/li>\n<\/ul>\n<p>&nbsp;<\/p>","protected":false},"excerpt":{"rendered":"<p>Tesla Model S \/ 3 \/ X \/ Y Stecker Wandhalterung. Entworfen f\u00fcr Typ-2-Ladeger\u00e4t und Typ-2-Stecker Wandhalterung. Die Halterung ist einfach an der Wand zu montieren. Zun\u00e4chst wird ein kleineres Gegenst\u00fcck an der Wand in der entsprechenden H\u00f6he montiert und die eigentliche Halterung darauf gedr\u00fcckt.<\/p>\n<p>Au\u00dferdem wird ein separater St\u00e4nder f\u00fcr ein mobiles Tesla-Ladeger\u00e4t mitgeliefert!<\/p>","protected":false},"featured_media":36094,"comment_status":"open","ping_status":"closed","template":"","meta":[],"product_brand":[],"product_cat":[269,151,152,153,154,481,484,486,483,128],"product_tag":[263,83,262,261],"class_list":{"0":"post-8328","1":"product","2":"type-product","3":"status-publish","4":"has-post-thumbnail","6":"product_cat-cybertruck","7":"product_cat-model-3","8":"product_cat-model-s","9":"product_cat-model-x","10":"product_cat-model-y","11":"product_cat-tarvikkeet-ulkopuolelle-model-3","12":"product_cat-tarvikkeet-ulkopuolelle-model-s","13":"product_cat-tarvikkeet-ulkopuolelle-model-x","14":"product_cat-tarvikkeet-ulkopuolelle-model-y","15":"product_cat-tesla-tuotteet","16":"product_tag-accessories","17":"product_tag-autotarvikkeet","18":"product_tag-laturipistoke","19":"product_tag-seinapidike","21":"first","22":"instock","23":"taxable","24":"shipping-taxable","25":"purchasable","26":"product-type-simple"},"jetpack_sharing_enabled":true,"_links":{"self":[{"href":"https:\/\/www.vempele.fi\/de\/wp-json\/wp\/v2\/product\/8328","targetHints":{"allow":["GET"]}}],"collection":[{"href":"https:\/\/www.vempele.fi\/de\/wp-json\/wp\/v2\/product"}],"about":[{"href":"https:\/\/www.vempele.fi\/de\/wp-json\/wp\/v2\/types\/product"}],"replies":[{"embeddable":true,"href":"https:\/\/www.vempele.fi\/de\/wp-json\/wp\/v2\/comments?post=8328"}],"wp:featuredmedia":[{"embeddable":true,"href":"https:\/\/www.vempele.fi\/de\/wp-json\/wp\/v2\/media\/36094"}],"wp:attachment":[{"href":"https:\/\/www.vempele.fi\/de\/wp-json\/wp\/v2\/media?parent=8328"}],"wp:term":[{"taxonomy":"product_brand","embeddable":true,"href":"https:\/\/www.vempele.fi\/de\/wp-json\/wp\/v2\/product_brand?post=8328"},{"taxonomy":"product_cat","embeddable":true,"href":"https:\/\/www.vempele.fi\/de\/wp-json\/wp\/v2\/product_cat?post=8328"},{"taxonomy":"product_tag","embeddable":true,"href":"https:\/\/www.vempele.fi\/de\/wp-json\/wp\/v2\/product_tag?post=8328"}],"curies":[{"name":"wp","href":"https:\/\/api.w.org\/{rel}","templated":true}]}}