{"id":8549,"date":"2023-09-15T11:19:13","date_gmt":"2023-09-15T08:19:13","guid":{"rendered":"https:\/\/www.vempele.fi\/?post_type=product&#038;p=8549"},"modified":"2026-04-16T10:16:46","modified_gmt":"2026-04-16T07:16:46","slug":"tesla-model-y-kurbelgehause","status":"publish","type":"product","link":"https:\/\/www.vempele.fi\/de\/tuote\/tesla-model-y-kuralapat\/","title":{"rendered":"Blinker - Tesla Model Y"},"content":{"rendered":"<p>Kehlkopfsch\u00fctzer f\u00fcr das Tesla Model Y. Das Paket enth\u00e4lt 4 St\u00fcck (vorne und hinten auf beiden Seiten) und die notwendigen Befestigungsnieten mit einem Stift.<\/p>\n<p>PPF-Streifen sind f\u00fcr Kurbelzungen des Modells Y nicht erforderlich, da die Zunge nicht auf die Lackoberfl\u00e4che trifft. Doppelseitiges Klebeband kann zur Verst\u00e4rkung der Befestigung verwendet werden, ist aber nicht zwingend erforderlich.<\/p>\n<p><strong>Weitere Informationen<\/strong><\/p>\n<ul>\n<li>Angemessenheit:\n<ul>\n<li>Modell Y 2020 - 2024<\/li>\n<\/ul>\n<\/li>\n<li>Material: ABS-Kunststoff<\/li>\n<li>Farbe: schwarz<\/li>\n<li>Im Paket enthalten:\n<ul>\n<li>4 x Drosselklappe, kompletter Satz<\/li>\n<li>Reparaturbedarf erforderlich<\/li>\n<li>Prikat, Werkzeug<\/li>\n<li>Anweisungen f\u00fcr die Montage vorne und hinten<\/li>\n<\/ul>\n<\/li>\n<\/ul>","protected":false},"excerpt":{"rendered":"<p>Das Paket enth\u00e4lt 4 St\u00fcck Tesla Model Y-f\u00f6rmige Drosselklappenstutzen, vorne und hinten mit eigenem Befestigungsmaterial.<\/p>\n<p>Vorhandene Kunststoffeins\u00e4tze f\u00fcr die innere Abdeckung k\u00f6nnen f\u00fcr den Einbau verwendet werden. Zus\u00e4tzliche Kunststoffdichtungen sind im Lieferumfang enthalten, da die Originaldichtungen beim Entfernen leicht brechen. Dieses Modell muss nicht speziell in den Innenbeh\u00e4lter gebohrt werden, es werden nur die vorhandenen L\u00f6cher verwendet.<\/p>","protected":false},"featured_media":22692,"comment_status":"open","ping_status":"closed","template":"","meta":[],"product_brand":[],"product_cat":[154,455,483,128],"product_tag":[83,270,121,203],"class_list":{"0":"post-8549","1":"product","2":"type-product","3":"status-publish","4":"has-post-thumbnail","6":"product_cat-model-y","7":"product_cat-my-tarvikkeet","8":"product_cat-tarvikkeet-ulkopuolelle-model-y","9":"product_cat-tesla-tuotteet","10":"product_tag-autotarvikkeet","11":"product_tag-kuralapat","12":"product_tag-tesla","13":"product_tag-tesla-model-y","15":"first","16":"instock","17":"taxable","18":"shipping-taxable","19":"purchasable","20":"product-type-simple"},"jetpack_sharing_enabled":true,"_links":{"self":[{"href":"https:\/\/www.vempele.fi\/de\/wp-json\/wp\/v2\/product\/8549","targetHints":{"allow":["GET"]}}],"collection":[{"href":"https:\/\/www.vempele.fi\/de\/wp-json\/wp\/v2\/product"}],"about":[{"href":"https:\/\/www.vempele.fi\/de\/wp-json\/wp\/v2\/types\/product"}],"replies":[{"embeddable":true,"href":"https:\/\/www.vempele.fi\/de\/wp-json\/wp\/v2\/comments?post=8549"}],"wp:featuredmedia":[{"embeddable":true,"href":"https:\/\/www.vempele.fi\/de\/wp-json\/wp\/v2\/media\/22692"}],"wp:attachment":[{"href":"https:\/\/www.vempele.fi\/de\/wp-json\/wp\/v2\/media?parent=8549"}],"wp:term":[{"taxonomy":"product_brand","embeddable":true,"href":"https:\/\/www.vempele.fi\/de\/wp-json\/wp\/v2\/product_brand?post=8549"},{"taxonomy":"product_cat","embeddable":true,"href":"https:\/\/www.vempele.fi\/de\/wp-json\/wp\/v2\/product_cat?post=8549"},{"taxonomy":"product_tag","embeddable":true,"href":"https:\/\/www.vempele.fi\/de\/wp-json\/wp\/v2\/product_tag?post=8549"}],"curies":[{"name":"wp","href":"https:\/\/api.w.org\/{rel}","templated":true}]}}