{"id":8673,"date":"2021-12-15T14:43:24","date_gmt":"2021-12-15T12:43:24","guid":{"rendered":"https:\/\/www.vempele.fi\/?post_type=product&#038;p=8673"},"modified":"2026-04-10T19:14:26","modified_gmt":"2026-04-10T16:14:26","slug":"becherhalter-tesla-model-3-y","status":"publish","type":"product","link":"https:\/\/www.vempele.fi\/de\/tuote\/mukinpidike-tesla-model-3-y\/","title":{"rendered":"Becherhalter - Tesla Model 3 \/ Y"},"content":{"rendered":"<p>Der aus TPE-Kunststoff gefertigte Becherhalter passt wie angegossen in die Mittelkonsole des Tesla Model 3 und Y. Er bleibt an seinem Platz und absorbiert St\u00f6\u00dfe und Vibrationen, sodass Ihre Getr\u00e4nke nicht versch\u00fcttet werden. Die Reinigung des Halters ist m\u00fchelos.<\/p>\n<p>TPE ist ein haltbares und umweltfreundliches Material mit \u00e4hnlichen Eigenschaften wie Gummi.<\/p>\n<p>Andere Informationen<\/p>\n<ul>\n<li>Farbe: schwarz<\/li>\n<li>Angemessenheit:\n<ul>\n<li>Modell Y 2020 - 2024<\/li>\n<li>Modell 3 Auffrischung vm. 2021 - 2023<\/li>\n<\/ul>\n<\/li>\n<li>Gr\u00f6\u00dfe: L 17,5, K 8 und S 7 cm<\/li>\n<li>Gewicht: 140 g<\/li>\n<\/ul>","protected":false},"excerpt":{"rendered":"<p>Becherhalter f\u00fcr Tesla Model 3 \/ Y. Der robuste Becherhalter sorgt daf\u00fcr, dass St\u00f6\u00dfe und Vibrationen Ihr Reisegetr\u00e4nk nicht umherspritzen. Ein Muss f\u00fcr den durstigen Tesla Model 3 oder Model Y Besitzer.<\/p>","protected":false},"featured_media":8674,"comment_status":"open","ping_status":"closed","template":"","meta":[],"product_brand":[],"product_cat":[151,154,452,455,480,482,128],"product_tag":[83,298,237,156,271,296,297,121],"class_list":{"0":"post-8673","1":"product","2":"type-product","3":"status-publish","4":"has-post-thumbnail","6":"product_cat-model-3","7":"product_cat-model-y","8":"product_cat-m3-tarvikkeet","9":"product_cat-my-tarvikkeet","10":"product_cat-tarvikkeet-sisapuolelle-model-3","11":"product_cat-tarvikkeet-sisapuolelle-model-y","12":"product_cat-tesla-tuotteet","13":"product_tag-autotarvikkeet","14":"product_tag-juomapidike","15":"product_tag-keskikonsoli","16":"product_tag-model-3","17":"product_tag-model-y","18":"product_tag-mukinpidike","19":"product_tag-mukiteline","20":"product_tag-tesla","22":"first","23":"instock","24":"taxable","25":"shipping-taxable","26":"purchasable","27":"product-type-simple"},"jetpack_sharing_enabled":true,"_links":{"self":[{"href":"https:\/\/www.vempele.fi\/de\/wp-json\/wp\/v2\/product\/8673","targetHints":{"allow":["GET"]}}],"collection":[{"href":"https:\/\/www.vempele.fi\/de\/wp-json\/wp\/v2\/product"}],"about":[{"href":"https:\/\/www.vempele.fi\/de\/wp-json\/wp\/v2\/types\/product"}],"replies":[{"embeddable":true,"href":"https:\/\/www.vempele.fi\/de\/wp-json\/wp\/v2\/comments?post=8673"}],"wp:featuredmedia":[{"embeddable":true,"href":"https:\/\/www.vempele.fi\/de\/wp-json\/wp\/v2\/media\/8674"}],"wp:attachment":[{"href":"https:\/\/www.vempele.fi\/de\/wp-json\/wp\/v2\/media?parent=8673"}],"wp:term":[{"taxonomy":"product_brand","embeddable":true,"href":"https:\/\/www.vempele.fi\/de\/wp-json\/wp\/v2\/product_brand?post=8673"},{"taxonomy":"product_cat","embeddable":true,"href":"https:\/\/www.vempele.fi\/de\/wp-json\/wp\/v2\/product_cat?post=8673"},{"taxonomy":"product_tag","embeddable":true,"href":"https:\/\/www.vempele.fi\/de\/wp-json\/wp\/v2\/product_tag?post=8673"}],"curies":[{"name":"wp","href":"https:\/\/api.w.org\/{rel}","templated":true}]}}