{"id":9007,"date":"2022-01-24T16:25:04","date_gmt":"2022-01-24T14:25:04","guid":{"rendered":"https:\/\/www.vempele.fi\/?post_type=product&#038;p=9007"},"modified":"2026-04-14T22:41:58","modified_gmt":"2026-04-14T19:41:58","slug":"haustierbezug-fur-den-rucksitz","status":"publish","type":"product","link":"https:\/\/www.vempele.fi\/de\/tuote\/lemmikkisuoja-takapenkille\/","title":{"rendered":"Haustierbezug f\u00fcr den R\u00fccksitz"},"content":{"rendered":"<p>Haustierbezug f\u00fcr den R\u00fccksitz<\/p>\n<ul>\n<li>Farbe: Schwarz<\/li>\n<li>Im Paket enthalten:\n<ul>\n<li>Haustierbezug f\u00fcr den R\u00fccksitz<\/li>\n<\/ul>\n<\/li>\n<\/ul>\n<p>Wir empfehlen, das Produkt von Hand zu waschen.<\/p>","protected":false},"excerpt":{"rendered":"<p>Jetzt k\u00f6nnen Sie Ihren vierbeinigen Freund mit an Bord nehmen, ohne sich Gedanken \u00fcber einen mit Haaren und Schmutz verschmutzten R\u00fccksitz machen zu m\u00fcssen!<\/p>\n<p>Die Haustierabdeckung f\u00fcr den R\u00fccksitz Ihres Autos ist mit den mitgelieferten Halterungen leicht zu installieren.<\/p>\n<p>Die Tierhaube ist f\u00fcr verschiedene Automodelle geeignet.<\/p>","protected":false},"featured_media":38950,"comment_status":"open","ping_status":"closed","template":"","meta":[],"product_brand":[],"product_cat":[151,152,153,154,452,453,454,455,480,485,487,482,128],"product_tag":[83,306,305,121],"class_list":{"0":"post-9007","1":"product","2":"type-product","3":"status-publish","4":"has-post-thumbnail","6":"product_cat-model-3","7":"product_cat-model-s","8":"product_cat-model-x","9":"product_cat-model-y","10":"product_cat-m3-tarvikkeet","11":"product_cat-ms-tarvikkeet","12":"product_cat-mx-tarvikkeet","13":"product_cat-my-tarvikkeet","14":"product_cat-tarvikkeet-sisapuolelle-model-3","15":"product_cat-tarvikkeet-sisapuolelle-model-s","16":"product_cat-tarvikkeet-sisapuolelle-model-x","17":"product_cat-tarvikkeet-sisapuolelle-model-y","18":"product_cat-tesla-tuotteet","19":"product_tag-autotarvikkeet","20":"product_tag-lemmikkisuoja","21":"product_tag-suojavarusteet","22":"product_tag-tesla","24":"first","25":"instock","26":"taxable","27":"shipping-taxable","28":"purchasable","29":"product-type-simple"},"jetpack_sharing_enabled":true,"_links":{"self":[{"href":"https:\/\/www.vempele.fi\/de\/wp-json\/wp\/v2\/product\/9007","targetHints":{"allow":["GET"]}}],"collection":[{"href":"https:\/\/www.vempele.fi\/de\/wp-json\/wp\/v2\/product"}],"about":[{"href":"https:\/\/www.vempele.fi\/de\/wp-json\/wp\/v2\/types\/product"}],"replies":[{"embeddable":true,"href":"https:\/\/www.vempele.fi\/de\/wp-json\/wp\/v2\/comments?post=9007"}],"wp:featuredmedia":[{"embeddable":true,"href":"https:\/\/www.vempele.fi\/de\/wp-json\/wp\/v2\/media\/38950"}],"wp:attachment":[{"href":"https:\/\/www.vempele.fi\/de\/wp-json\/wp\/v2\/media?parent=9007"}],"wp:term":[{"taxonomy":"product_brand","embeddable":true,"href":"https:\/\/www.vempele.fi\/de\/wp-json\/wp\/v2\/product_brand?post=9007"},{"taxonomy":"product_cat","embeddable":true,"href":"https:\/\/www.vempele.fi\/de\/wp-json\/wp\/v2\/product_cat?post=9007"},{"taxonomy":"product_tag","embeddable":true,"href":"https:\/\/www.vempele.fi\/de\/wp-json\/wp\/v2\/product_tag?post=9007"}],"curies":[{"name":"wp","href":"https:\/\/api.w.org\/{rel}","templated":true}]}}