{"id":9023,"date":"2022-01-25T11:21:25","date_gmt":"2022-01-25T09:21:25","guid":{"rendered":"https:\/\/www.vempele.fi\/?post_type=product&#038;p=9023"},"modified":"2026-04-16T23:16:22","modified_gmt":"2026-04-16T20:16:22","slug":"tesla-model-y-kofferraum-fernbedienungen","status":"publish","type":"product","link":"https:\/\/www.vempele.fi\/de\/tuote\/tesla-model-y-frunk-trunk-kaukalomatot\/","title":{"rendered":"Kofferraum \/ Kofferraum EVA-Fernbedienungen - Tesla Model Y"},"content":{"rendered":"<p>Tesla Model Y Fernbedienungen im vorderen und hinteren Kofferraum.<\/p>\n<p>Teppichboden-Optionen zur Auswahl:<\/p>\n<ul>\n<li>Frontboxmatte (2025 Frontboxmatte)\n<ul>\n<li>Angemessenheit:\n<ul>\n<li>Tesla Model Y 2025 -<\/li>\n<\/ul>\n<\/li>\n<\/ul>\n<\/li>\n<li>Frontboxmatte (Frontboxmatte)\n<ul>\n<li>Angemessenheit:\n<ul>\n<li>Tesla Model Y 2020 - 2024<\/li>\n<\/ul>\n<\/li>\n<\/ul>\n<\/li>\n<li>Kleine Kofferraummatte (Kofferraummatte)\n<ul>\n<li>Angemessenheit:\n<ul>\n<li>Tesla Modus Y 2020 - 2024<\/li>\n<li>Tesla Model Y 2024-&gt; (Juniper)<\/li>\n<\/ul>\n<\/li>\n<\/ul>\n<\/li>\n<li>Gro\u00dfe, fl\u00e4chendeckende Kofferraummatte (Trunk Mat)\n<ul>\n<li>Angemessenheit:\n<ul>\n<li>Tesla Model Y 2020 - 2024<\/li>\n<li>Tesla Model Y 2024-&gt; (Juniper)<\/li>\n<\/ul>\n<\/li>\n<\/ul>\n<\/li>\n<\/ul>\n<p><b>Weitere Informationen<\/b><\/p>\n<p>Material: EVA-Kunststoff<br \/>\nFarbe: Schwarz<\/p>","protected":false},"excerpt":{"rendered":"<p>Wirklich hohe Qualit\u00e4t Trolley-Matten f\u00fcr Auto Lagerung. Die Matten passen perfekt in den Tesla Model Y.<\/p>\n<p>Wenn Sie nasses Ladezubeh\u00f6r und z. B. nasse oder schlammige Schuhe\/Kleidung im Kofferraum Ihres Autos transportieren, ist eine Trolley-Matte eine sinnvolle Anschaffung. Wasserfeste Trolley-Matten halten Schlamm und Wasser fern. Und sie sind viel einfacher zu reinigen und zu trocknen als die Polsterung Ihres Autos.<\/p>\n<p>Der gro\u00dfe Kofferraumteppich l\u00e4sst sich umklappen und erm\u00f6glicht so einen einfachen Zugang zum kleinen Zubeh\u00f6rfach im Kofferraum.<\/p>\n<p>Die Oberfl\u00e4che des Teppichs kann je nach Charge leicht von der Abbildung abweichen.<\/p>\n<p>Das Paket enth\u00e4lt die Matte, die Sie aus dem unten stehenden Men\u00fc ausw\u00e4hlen.<\/p>","protected":false},"featured_media":9028,"comment_status":"open","ping_status":"closed","template":"","meta":[],"product_brand":[],"product_cat":[408,154,128],"product_tag":[83,503,513,562,553,271,121,554],"class_list":{"0":"post-9023","1":"product","2":"type-product","3":"status-publish","4":"has-post-thumbnail","6":"product_cat-matot-model-y","7":"product_cat-model-y","8":"product_cat-tesla-tuotteet","9":"product_tag-autotarvikkeet","10":"product_tag-frunk","11":"product_tag-kaukalomatot","12":"product_tag-kumimatot","13":"product_tag-kuramatot","14":"product_tag-model-y","15":"product_tag-tesla","16":"product_tag-trunk","17":"product_shipping_class-nouto","19":"first","20":"instock","21":"taxable","22":"shipping-taxable","23":"purchasable","24":"product-type-variable","25":"has-default-attributes"},"jetpack_sharing_enabled":true,"_links":{"self":[{"href":"https:\/\/www.vempele.fi\/de\/wp-json\/wp\/v2\/product\/9023","targetHints":{"allow":["GET"]}}],"collection":[{"href":"https:\/\/www.vempele.fi\/de\/wp-json\/wp\/v2\/product"}],"about":[{"href":"https:\/\/www.vempele.fi\/de\/wp-json\/wp\/v2\/types\/product"}],"replies":[{"embeddable":true,"href":"https:\/\/www.vempele.fi\/de\/wp-json\/wp\/v2\/comments?post=9023"}],"wp:featuredmedia":[{"embeddable":true,"href":"https:\/\/www.vempele.fi\/de\/wp-json\/wp\/v2\/media\/9028"}],"wp:attachment":[{"href":"https:\/\/www.vempele.fi\/de\/wp-json\/wp\/v2\/media?parent=9023"}],"wp:term":[{"taxonomy":"product_brand","embeddable":true,"href":"https:\/\/www.vempele.fi\/de\/wp-json\/wp\/v2\/product_brand?post=9023"},{"taxonomy":"product_cat","embeddable":true,"href":"https:\/\/www.vempele.fi\/de\/wp-json\/wp\/v2\/product_cat?post=9023"},{"taxonomy":"product_tag","embeddable":true,"href":"https:\/\/www.vempele.fi\/de\/wp-json\/wp\/v2\/product_tag?post=9023"}],"curies":[{"name":"wp","href":"https:\/\/api.w.org\/{rel}","templated":true}]}}