{"id":9034,"date":"2022-01-25T12:27:53","date_gmt":"2022-01-25T10:27:53","guid":{"rendered":"https:\/\/www.vempele.fi\/?post_type=product&#038;p=9034"},"modified":"2026-04-13T14:54:41","modified_gmt":"2026-04-13T11:54:41","slug":"tesla-model-3-eva-fernbedienungen","status":"publish","type":"product","link":"https:\/\/www.vempele.fi\/de\/tuote\/tesla-model-3-eva-kaukalomatot\/","title":{"rendered":"EVA-Getriebe - Tesla Model 3"},"content":{"rendered":"<p>Verschlei\u00dffester EVA-Abdecksatz f\u00fcr Tesla Model 3.<\/p>\n<p>Das Paket enth\u00e4lt drei Langstreckenmatten:<br \/>\n1 x f\u00fcr den Fahrer<br \/>\n1 x Repsikalle<br \/>\n1 x einzelner Teppich im hinteren Bereich<\/p>\n<p><b>Weitere Informationen:<\/b><\/p>\n<ul>\n<li>Material: EVA-Kunststoff<\/li>\n<li>Farbe: schwarz<\/li>\n<li>Gewicht: 4,3 kg<\/li>\n<\/ul>","protected":false},"excerpt":{"rendered":"<p>EVA-Matten f\u00fcr alle f\u00fcnf Sitze im Fu\u00dfraum des Tesla Model 3. Diese aus robustem EVA-Kunststoff gefertigten Fu\u00dfmatten sind eine wirklich stilvolle L\u00f6sung f\u00fcr die kalten und eisigen Temperaturen des finnischen Winters. Mit den abgesetzten Matten l\u00e4sst sich geschmolzenes Wasser leicht von den Schuhen abgie\u00dfen, um Feuchtigkeit aufzufangen. EVA-Matten sind auch eine der beliebtesten Matten von Vempele f\u00fcr Kunden. Die Fu\u00dfmatten sind genau auf das Auto zugeschnitten, so dass sie perfekt passen und an Ort und Stelle bleiben.<\/p>\n<p>Die Matten sind leicht von Schmutz zu befreien, sogar unter dem Wasserhahn und mit einer B\u00fcrste, da sie sehr waschbest\u00e4ndig sind.<\/p>\n<p><strong>Auch f\u00fcr Highland geeignet!<\/strong><\/p>\n<p>Beachten Sie die detailliertere Musterstruktur der Teppiche auf dem letzten Produktbild.<\/p>","protected":false},"featured_media":9035,"comment_status":"open","ping_status":"closed","template":"","meta":[],"product_brand":[],"product_cat":[409,151,128],"product_tag":[83,206,513,553,156,121],"class_list":{"0":"post-9034","1":"product","2":"type-product","3":"status-publish","4":"has-post-thumbnail","6":"product_cat-matot-model-3","7":"product_cat-model-3","8":"product_cat-tesla-tuotteet","9":"product_tag-autotarvikkeet","10":"product_tag-eva","11":"product_tag-kaukalomatot","12":"product_tag-kuramatot","13":"product_tag-model-3","14":"product_tag-tesla","16":"first","17":"instock","18":"taxable","19":"shipping-taxable","20":"purchasable","21":"product-type-simple"},"jetpack_sharing_enabled":true,"_links":{"self":[{"href":"https:\/\/www.vempele.fi\/de\/wp-json\/wp\/v2\/product\/9034","targetHints":{"allow":["GET"]}}],"collection":[{"href":"https:\/\/www.vempele.fi\/de\/wp-json\/wp\/v2\/product"}],"about":[{"href":"https:\/\/www.vempele.fi\/de\/wp-json\/wp\/v2\/types\/product"}],"replies":[{"embeddable":true,"href":"https:\/\/www.vempele.fi\/de\/wp-json\/wp\/v2\/comments?post=9034"}],"wp:featuredmedia":[{"embeddable":true,"href":"https:\/\/www.vempele.fi\/de\/wp-json\/wp\/v2\/media\/9035"}],"wp:attachment":[{"href":"https:\/\/www.vempele.fi\/de\/wp-json\/wp\/v2\/media?parent=9034"}],"wp:term":[{"taxonomy":"product_brand","embeddable":true,"href":"https:\/\/www.vempele.fi\/de\/wp-json\/wp\/v2\/product_brand?post=9034"},{"taxonomy":"product_cat","embeddable":true,"href":"https:\/\/www.vempele.fi\/de\/wp-json\/wp\/v2\/product_cat?post=9034"},{"taxonomy":"product_tag","embeddable":true,"href":"https:\/\/www.vempele.fi\/de\/wp-json\/wp\/v2\/product_tag?post=9034"}],"curies":[{"name":"wp","href":"https:\/\/api.w.org\/{rel}","templated":true}]}}