{"id":9040,"date":"2022-01-25T12:52:53","date_gmt":"2022-01-25T10:52:53","guid":{"rendered":"https:\/\/www.vempele.fi\/?post_type=product&#038;p=9040"},"modified":"2026-04-16T09:59:53","modified_gmt":"2026-04-16T06:59:53","slug":"tesla-model-y-eva-telematics","status":"publish","type":"product","link":"https:\/\/www.vempele.fi\/de\/tuote\/tesla-model-y-eva-kaukalomatot\/","title":{"rendered":"EVA-Fu\u00dfmatten - Tesla Model Y"},"content":{"rendered":"<p>Abriebfeste EVA-Kunststoffmatten f\u00fcr Trolleys <a href=\"https:\/\/www.vempele.fi\/de\/produktkategorie\/tesla-produkte\/modell-y\/\" target=\"_blank\" rel=\"noopener\">Tesla Model Y<\/a>f\u00fcr.<\/p>\n<p>Drei Matten in der Packung:<br \/>\n1 x f\u00fcr den Fahrer<br \/>\n1 x Repsikalle<br \/>\n1x einzelner Teppich auf dem Boden der R\u00fcckbank<\/p>\n<p><b>Weitere Informationen:<\/b><\/p>\n<ul>\n<li>Material: EVA-Kunststoff<\/li>\n<li>Farbe: schwarz<\/li>\n<li>Gr\u00f6\u00dfen:\n<ul>\n<li>Wagen I: 1,23 kg; 76 x 57 x 22 cm<\/li>\n<li>Kabine II: 1,25 kg; 73 x 57 x 22 cm<\/li>\n<li>R\u00fccksitz: 2,15 kg; 133 x 66 x 7 cm<\/li>\n<\/ul>\n<\/li>\n<li>Angemessenheit:\n<ul>\n<li>Tesla Model Y 2020 - 2024<\/li>\n<li>Tesla Model Y 2024 -&gt; (Juniper)<\/li>\n<\/ul>\n<\/li>\n<\/ul>","protected":false},"excerpt":{"rendered":"<p>Herausnehmbare EVA-Matten f\u00fcr die Beinfreiheit f\u00fcr alle f\u00fcnf Sitze im Tesla Model Y. EVA ist ein geschlossenzelliger, halbstarrer Zellkunststoff. Zu seinen Vorteilen geh\u00f6ren Flexibilit\u00e4t, Weichheit, gute Witterungs- und Chemikalienbest\u00e4ndigkeit unter verschiedenen Wetterbedingungen. Die Matten sind leicht zu reinigen, sogar unter dem Wasserhahn und mit einer leichten B\u00fcrste - Schmutz und Dreck l\u00f6sen sich leicht von der Kunststoffoberfl\u00e4che. Wie die anderen Matten unseres Sortiments sind auch diese Matten formschl\u00fcssig, d. h. sie lassen sich im Handumdrehen anbringen. Dank der schmalen R\u00e4nder bleibt das Schmelzwasser auf der Matte und kann bei Bedarf einfach abgegossen werden.<\/p>\n<p>EVA-H\u00e4ngematten sind die beliebtesten Eink\u00e4ufe unserer Kunden im Vempele-Onlineshop.<\/p>\n<p>Hinweis! Je nach Charge kann das Oberfl\u00e4chenmuster und das Design der Teppiche leicht von der Produktabbildung abweichen.<\/p>","protected":false},"featured_media":14335,"comment_status":"open","ping_status":"closed","template":"","meta":[],"product_brand":[],"product_cat":[408,154,128],"product_tag":[83,513,307,553,271,121],"class_list":{"0":"post-9040","1":"product","2":"type-product","3":"status-publish","4":"has-post-thumbnail","6":"product_cat-matot-model-y","7":"product_cat-model-y","8":"product_cat-tesla-tuotteet","9":"product_tag-autotarvikkeet","10":"product_tag-kaukalomatot","11":"product_tag-kumimatto","12":"product_tag-kuramatot","13":"product_tag-model-y","14":"product_tag-tesla","16":"first","17":"instock","18":"taxable","19":"shipping-taxable","20":"purchasable","21":"product-type-simple"},"jetpack_sharing_enabled":true,"_links":{"self":[{"href":"https:\/\/www.vempele.fi\/de\/wp-json\/wp\/v2\/product\/9040","targetHints":{"allow":["GET"]}}],"collection":[{"href":"https:\/\/www.vempele.fi\/de\/wp-json\/wp\/v2\/product"}],"about":[{"href":"https:\/\/www.vempele.fi\/de\/wp-json\/wp\/v2\/types\/product"}],"replies":[{"embeddable":true,"href":"https:\/\/www.vempele.fi\/de\/wp-json\/wp\/v2\/comments?post=9040"}],"wp:featuredmedia":[{"embeddable":true,"href":"https:\/\/www.vempele.fi\/de\/wp-json\/wp\/v2\/media\/14335"}],"wp:attachment":[{"href":"https:\/\/www.vempele.fi\/de\/wp-json\/wp\/v2\/media?parent=9040"}],"wp:term":[{"taxonomy":"product_brand","embeddable":true,"href":"https:\/\/www.vempele.fi\/de\/wp-json\/wp\/v2\/product_brand?post=9040"},{"taxonomy":"product_cat","embeddable":true,"href":"https:\/\/www.vempele.fi\/de\/wp-json\/wp\/v2\/product_cat?post=9040"},{"taxonomy":"product_tag","embeddable":true,"href":"https:\/\/www.vempele.fi\/de\/wp-json\/wp\/v2\/product_tag?post=9040"}],"curies":[{"name":"wp","href":"https:\/\/api.w.org\/{rel}","templated":true}]}}