{"id":9119,"date":"2022-02-01T11:45:16","date_gmt":"2022-02-01T09:45:16","guid":{"rendered":"https:\/\/www.vempele.fi\/?post_type=product&#038;p=9119"},"modified":"2026-03-26T10:36:21","modified_gmt":"2026-03-26T08:36:21","slug":"tesla-handy-und-tablet-halter-fur-den-rucksitz","status":"publish","type":"product","link":"https:\/\/www.vempele.fi\/de\/tuote\/tesla-puhelin-ja-tablettiteline-takapenkille\/","title":{"rendered":"Telefon- und Tablet-Halter f\u00fcr den R\u00fccksitz"},"content":{"rendered":"<p>Ein Handy- und Tablet-Halter, der an der R\u00fcckseite des Tesla-Vordersitzes befestigt wird. Die maximale Breite des St\u00e4nders betr\u00e4gt 18 cm, d.h. Sie k\u00f6nnen Ihr Telefon und kleines Tablet entweder horizontal oder vertikal anbringen. Der St\u00e4nder ist jedoch um 360 Grad drehbar, sodass auch ein gr\u00f6\u00dferes Tablet auf Wunsch horizontal angebracht werden kann.<\/p>\n<p>Andere Informationen<\/p>\n<ul>\n<li>Farbe: Schwarz<\/li>\n<li>Material: Kunststoff<\/li>\n<li>Verpackungsgewicht: ca. 140 g<\/li>\n<\/ul>","protected":false},"excerpt":{"rendered":"<p>Ein Handy- und Tablet-Halter auf dem R\u00fccksitz f\u00fcr den Komfort der Passagiere! Der St\u00e4nder wird mit einem Clip an der R\u00fcckseite des Vordersitzes befestigt. Passend f\u00fcr Tesla Model 3, Y, X und S.<\/p>","protected":false},"featured_media":36426,"comment_status":"open","ping_status":"closed","template":"","meta":[],"product_brand":[],"product_cat":[151,152,153,154,452,453,454,455,480,485,487,482,128],"product_tag":[83,314,313,237,156,172,173,271,316,315,121],"class_list":{"0":"post-9119","1":"product","2":"type-product","3":"status-publish","4":"has-post-thumbnail","6":"product_cat-model-3","7":"product_cat-model-s","8":"product_cat-model-x","9":"product_cat-model-y","10":"product_cat-m3-tarvikkeet","11":"product_cat-ms-tarvikkeet","12":"product_cat-mx-tarvikkeet","13":"product_cat-my-tarvikkeet","14":"product_cat-tarvikkeet-sisapuolelle-model-3","15":"product_cat-tarvikkeet-sisapuolelle-model-s","16":"product_cat-tarvikkeet-sisapuolelle-model-x","17":"product_cat-tarvikkeet-sisapuolelle-model-y","18":"product_cat-tesla-tuotteet","19":"product_tag-autotarvikkeet","20":"product_tag-kannykkapidike","21":"product_tag-kannykkateline","22":"product_tag-keskikonsoli","23":"product_tag-model-3","24":"product_tag-model-s","25":"product_tag-model-x","26":"product_tag-model-y","27":"product_tag-tablettipidike","28":"product_tag-tablettiteline","29":"product_tag-tesla","31":"first","32":"instock","33":"taxable","34":"shipping-taxable","35":"purchasable","36":"product-type-simple"},"jetpack_sharing_enabled":true,"_links":{"self":[{"href":"https:\/\/www.vempele.fi\/de\/wp-json\/wp\/v2\/product\/9119","targetHints":{"allow":["GET"]}}],"collection":[{"href":"https:\/\/www.vempele.fi\/de\/wp-json\/wp\/v2\/product"}],"about":[{"href":"https:\/\/www.vempele.fi\/de\/wp-json\/wp\/v2\/types\/product"}],"replies":[{"embeddable":true,"href":"https:\/\/www.vempele.fi\/de\/wp-json\/wp\/v2\/comments?post=9119"}],"wp:featuredmedia":[{"embeddable":true,"href":"https:\/\/www.vempele.fi\/de\/wp-json\/wp\/v2\/media\/36426"}],"wp:attachment":[{"href":"https:\/\/www.vempele.fi\/de\/wp-json\/wp\/v2\/media?parent=9119"}],"wp:term":[{"taxonomy":"product_brand","embeddable":true,"href":"https:\/\/www.vempele.fi\/de\/wp-json\/wp\/v2\/product_brand?post=9119"},{"taxonomy":"product_cat","embeddable":true,"href":"https:\/\/www.vempele.fi\/de\/wp-json\/wp\/v2\/product_cat?post=9119"},{"taxonomy":"product_tag","embeddable":true,"href":"https:\/\/www.vempele.fi\/de\/wp-json\/wp\/v2\/product_tag?post=9119"}],"curies":[{"name":"wp","href":"https:\/\/api.w.org\/{rel}","templated":true}]}}