{"id":9393,"date":"2022-02-18T13:34:33","date_gmt":"2022-02-18T11:34:33","guid":{"rendered":"https:\/\/www.vempele.fi\/tuote\/rengaspaine-anturi-autel-tpms-mx-433mhz-copy\/"},"modified":"2026-03-11T15:48:04","modified_gmt":"2026-03-11T13:48:04","slug":"reifendrucksensor-tesla-tpms-ble-cub","status":"publish","type":"product","link":"https:\/\/www.vempele.fi\/de\/tuote\/rengaspaine-anturi-tesla-tpms-ble-cub\/","title":{"rendered":"Reifendrucksensor - Tesla BLE TPMS - CUB"},"content":{"rendered":"<p>Der Hersteller des Sensors ist CUB, der gr\u00f6\u00dfte Sensorhersteller der Welt. Der Chip im Inneren stammt von Sysgration, d. h. er ist genau derselbe wie der in den Sensoren, die Sie bei Tesla kaufen.<\/p>\n<p>Sobald die neuen Sensoren angebracht sind, sollten Sie in der Software die Option \"Felgenwechsel\" ausw\u00e4hlen. Das Fahrzeug erkennt die neuen Sensoren dann automatisch nach nur wenigen hundert Metern Fahrt.<\/p>\n<p>Der richtige Reifendruck erh\u00f6ht die Sicherheit auf der Stra\u00dfe. Au\u00dferdem verbessert er das Fahrgef\u00fchl und verringert den Verschlei\u00df.<\/p>\n<p>Informationen zum Produkt:<\/p>\n<ul>\n<li>Farboptionen: Silber und Schwarz<\/li>\n<li>Hersteller: die CUB (Siru Sysgration)<\/li>\n<li>Merkmale:Automatisches System zur aktiven \u00dcberwachung von Reifentemperatur und Luftdruck<\/li>\n<li>Technologie: Bluetooth LE<\/li>\n<li>Angemessenheit:\n<ul>\n<li>Tesla Model 3: 10\/2020-&gt;<\/li>\n<li>Tesla Model S: 6\/2021-&gt;<\/li>\n<li>Tesla Model X: 10\/2022-&gt;<\/li>\n<li>Tesla Model Y: 10\/2020-&gt;<\/li>\n<\/ul>\n<\/li>\n<\/ul>\n<p>Das Paket enth\u00e4lt einen CUB Bluetooth Ringdrucksensor.<\/p>","protected":false},"excerpt":{"rendered":"<p>Bluetooth-Reifendrucksensor f\u00fcr Tesla Model 3 und Y Modelle ab 2021.<\/p>\n<p>Das Paket enth\u00e4lt einen Sensor f\u00fcr einen Reifen.<\/p>\n<p>Wir haben auch eine Reihe von <a href=\"https:\/\/www.vempele.fi\/de\/product-2\/reifendrucksensor-tesla-ble-tpms-hamaton\/\">Die Schwarzen von Hamaton<\/a> Reifendrucksensoren.<\/p>","protected":false},"featured_media":9395,"comment_status":"open","ping_status":"closed","template":"","meta":[],"product_brand":[],"product_cat":[151,153,154,452,453,455,481,484,486,483,128,456],"product_tag":[83,328,327,121,120,122,123],"class_list":{"0":"post-9393","1":"product","2":"type-product","3":"status-publish","4":"has-post-thumbnail","6":"product_cat-model-3","7":"product_cat-model-x","8":"product_cat-model-y","9":"product_cat-m3-tarvikkeet","10":"product_cat-ms-tarvikkeet","11":"product_cat-my-tarvikkeet","12":"product_cat-tarvikkeet-ulkopuolelle-model-3","13":"product_cat-tarvikkeet-ulkopuolelle-model-s","14":"product_cat-tarvikkeet-ulkopuolelle-model-x","15":"product_cat-tarvikkeet-ulkopuolelle-model-y","16":"product_cat-tesla-tuotteet","17":"product_cat-vannetarvikkeet","18":"product_tag-autotarvikkeet","19":"product_tag-bluetooth-anturi","20":"product_tag-cub","21":"product_tag-tesla","22":"product_tag-tesla-model-3","23":"product_tag-tesla-model-s","24":"product_tag-tesla-model-x","26":"first","27":"outofstock","28":"taxable","29":"shipping-taxable","30":"purchasable","31":"product-type-variable"},"jetpack_sharing_enabled":true,"_links":{"self":[{"href":"https:\/\/www.vempele.fi\/de\/wp-json\/wp\/v2\/product\/9393","targetHints":{"allow":["GET"]}}],"collection":[{"href":"https:\/\/www.vempele.fi\/de\/wp-json\/wp\/v2\/product"}],"about":[{"href":"https:\/\/www.vempele.fi\/de\/wp-json\/wp\/v2\/types\/product"}],"replies":[{"embeddable":true,"href":"https:\/\/www.vempele.fi\/de\/wp-json\/wp\/v2\/comments?post=9393"}],"wp:featuredmedia":[{"embeddable":true,"href":"https:\/\/www.vempele.fi\/de\/wp-json\/wp\/v2\/media\/9395"}],"wp:attachment":[{"href":"https:\/\/www.vempele.fi\/de\/wp-json\/wp\/v2\/media?parent=9393"}],"wp:term":[{"taxonomy":"product_brand","embeddable":true,"href":"https:\/\/www.vempele.fi\/de\/wp-json\/wp\/v2\/product_brand?post=9393"},{"taxonomy":"product_cat","embeddable":true,"href":"https:\/\/www.vempele.fi\/de\/wp-json\/wp\/v2\/product_cat?post=9393"},{"taxonomy":"product_tag","embeddable":true,"href":"https:\/\/www.vempele.fi\/de\/wp-json\/wp\/v2\/product_tag?post=9393"}],"curies":[{"name":"wp","href":"https:\/\/api.w.org\/{rel}","templated":true}]}}