{"id":9933,"date":"2022-03-25T12:21:22","date_gmt":"2022-03-25T10:21:22","guid":{"rendered":"https:\/\/www.vempele.fi\/?post_type=product&#038;p=9933"},"modified":"2025-08-20T14:38:24","modified_gmt":"2025-08-20T11:38:24","slug":"tesla-2021-model-3-y-mittelkonsole-ablagefach","status":"publish","type":"product","link":"https:\/\/www.vempele.fi\/de\/tuote\/tesla-2021-model-3-y-keskikonsolin-varastosailio\/","title":{"rendered":"Mittelkonsolen-Speicher - Tesla Model 3 \/ Y"},"content":{"rendered":"<p>Mittelkonsolen-Speicher - Tesla Model 3 \/ Y<\/p>\n<p><strong>Technische Daten:<\/strong><\/p>\n<ul>\n<li>Angemessenheit:\n<ul>\n<li>Modell Y 2020 - 2024<\/li>\n<li>Modell 3 Auffrischung vm. 2021 - 2023<\/li>\n<\/ul>\n<\/li>\n<li>Farbe: schwarz<\/li>\n<li>Gr\u00f6\u00dfe: 18 x 17 x 8 cm<\/li>\n<li>Gewicht: 170 g<\/li>\n<\/ul>","protected":false},"excerpt":{"rendered":"<p>Ablagefach f\u00fcr die Mittelkonsole f\u00fcr Tesla Model 3 Refresh und Y 2020 - 2024. Halten Sie Ihre kleinen Gegenst\u00e4nde w\u00e4hrend der Fahrt organisiert! Die Innenseite des Kunststoffbeh\u00e4lters ist mit einer komfortablen Filzbeschichtung versehen, die Kratzer beim Bewegen von Gegenst\u00e4nden verhindert.<\/p>","protected":false},"featured_media":9947,"comment_status":"open","ping_status":"closed","template":"","meta":[],"product_brand":[],"product_cat":[151,154,452,455,480,482,128],"product_tag":[237,695,156,271,121,238],"class_list":{"0":"post-9933","1":"product","2":"type-product","3":"status-publish","4":"has-post-thumbnail","6":"product_cat-model-3","7":"product_cat-model-y","8":"product_cat-m3-tarvikkeet","9":"product_cat-my-tarvikkeet","10":"product_cat-tarvikkeet-sisapuolelle-model-3","11":"product_cat-tarvikkeet-sisapuolelle-model-y","12":"product_cat-tesla-tuotteet","13":"product_tag-keskikonsoli","14":"product_tag-loekro","15":"product_tag-model-3","16":"product_tag-model-y","17":"product_tag-tesla","18":"product_tag-varastosailio","20":"first","21":"outofstock","22":"taxable","23":"shipping-taxable","24":"purchasable","25":"product-type-simple"},"jetpack_sharing_enabled":true,"_links":{"self":[{"href":"https:\/\/www.vempele.fi\/de\/wp-json\/wp\/v2\/product\/9933","targetHints":{"allow":["GET"]}}],"collection":[{"href":"https:\/\/www.vempele.fi\/de\/wp-json\/wp\/v2\/product"}],"about":[{"href":"https:\/\/www.vempele.fi\/de\/wp-json\/wp\/v2\/types\/product"}],"replies":[{"embeddable":true,"href":"https:\/\/www.vempele.fi\/de\/wp-json\/wp\/v2\/comments?post=9933"}],"wp:featuredmedia":[{"embeddable":true,"href":"https:\/\/www.vempele.fi\/de\/wp-json\/wp\/v2\/media\/9947"}],"wp:attachment":[{"href":"https:\/\/www.vempele.fi\/de\/wp-json\/wp\/v2\/media?parent=9933"}],"wp:term":[{"taxonomy":"product_brand","embeddable":true,"href":"https:\/\/www.vempele.fi\/de\/wp-json\/wp\/v2\/product_brand?post=9933"},{"taxonomy":"product_cat","embeddable":true,"href":"https:\/\/www.vempele.fi\/de\/wp-json\/wp\/v2\/product_cat?post=9933"},{"taxonomy":"product_tag","embeddable":true,"href":"https:\/\/www.vempele.fi\/de\/wp-json\/wp\/v2\/product_tag?post=9933"}],"curies":[{"name":"wp","href":"https:\/\/api.w.org\/{rel}","templated":true}]}}