{"id":9955,"date":"2022-03-25T15:25:31","date_gmt":"2022-03-25T13:25:31","guid":{"rendered":"https:\/\/www.vempele.fi\/?post_type=product&#038;p=9955"},"modified":"2025-08-20T14:39:30","modified_gmt":"2025-08-20T11:39:30","slug":"tesla-model-y-dachfenster-sonnenblende","status":"publish","type":"product","link":"https:\/\/www.vempele.fi\/de\/tuote\/tesla-model-y-kattoikkunan-aurinkosuoja\/","title":{"rendered":"Sonnenblende f\u00fcr das Dachfenster - Tesla Model Y"},"content":{"rendered":"<p>Dachfenster-Sonnenblende f\u00fcr Tesla Model Y.<\/p>\n<p>Das Paket enth\u00e4lt Sonnenschirme und Clips.<\/p>\n<ul>\n<li>Farbe: Schwarz, Silber<\/li>\n<li>Eignung: f\u00fcr Tesla Model Y 2020 - 2024<\/li>\n<\/ul>","protected":false},"excerpt":{"rendered":"<p>Der f\u00fcr das Tesla Model Y entwickelte zweiteilige Sonnenschutz f\u00fcr das Dachfenster sch\u00fctzt vor Blendung und erh\u00f6ht den Fahrkomfort!<\/p>\n<p>Der Sonnenschirm ist einfach zu montieren. Im Lieferumfang sind Clips enthalten, die hinter der Polsterung angebracht werden, um den Schirm fest an der Decke zu befestigen.<\/p>","protected":false},"featured_media":9961,"comment_status":"open","ping_status":"closed","template":"","meta":[],"product_brand":[],"product_cat":[154,455,482,128],"product_tag":[198,121,203],"class_list":{"0":"post-9955","1":"product","2":"type-product","3":"status-publish","4":"has-post-thumbnail","6":"product_cat-model-y","7":"product_cat-my-tarvikkeet","8":"product_cat-tarvikkeet-sisapuolelle-model-y","9":"product_cat-tesla-tuotteet","10":"product_tag-aurinkosuoja","11":"product_tag-tesla","12":"product_tag-tesla-model-y","14":"first","15":"outofstock","16":"taxable","17":"shipping-taxable","18":"purchasable","19":"product-type-simple"},"jetpack_sharing_enabled":true,"_links":{"self":[{"href":"https:\/\/www.vempele.fi\/de\/wp-json\/wp\/v2\/product\/9955","targetHints":{"allow":["GET"]}}],"collection":[{"href":"https:\/\/www.vempele.fi\/de\/wp-json\/wp\/v2\/product"}],"about":[{"href":"https:\/\/www.vempele.fi\/de\/wp-json\/wp\/v2\/types\/product"}],"replies":[{"embeddable":true,"href":"https:\/\/www.vempele.fi\/de\/wp-json\/wp\/v2\/comments?post=9955"}],"wp:featuredmedia":[{"embeddable":true,"href":"https:\/\/www.vempele.fi\/de\/wp-json\/wp\/v2\/media\/9961"}],"wp:attachment":[{"href":"https:\/\/www.vempele.fi\/de\/wp-json\/wp\/v2\/media?parent=9955"}],"wp:term":[{"taxonomy":"product_brand","embeddable":true,"href":"https:\/\/www.vempele.fi\/de\/wp-json\/wp\/v2\/product_brand?post=9955"},{"taxonomy":"product_cat","embeddable":true,"href":"https:\/\/www.vempele.fi\/de\/wp-json\/wp\/v2\/product_cat?post=9955"},{"taxonomy":"product_tag","embeddable":true,"href":"https:\/\/www.vempele.fi\/de\/wp-json\/wp\/v2\/product_tag?post=9955"}],"curies":[{"name":"wp","href":"https:\/\/api.w.org\/{rel}","templated":true}]}}