{"id":16103,"date":"2023-02-09T11:34:41","date_gmt":"2023-02-09T09:34:41","guid":{"rendered":"https:\/\/www.vempele.fi\/?page_id=16103"},"modified":"2024-08-05T13:39:01","modified_gmt":"2024-08-05T10:39:01","slug":"tyre-and-wheel-information-for-tesla","status":"publish","type":"page","link":"https:\/\/www.vempele.fi\/en\/rengas-ja-vannetietoa-teslaan\/","title":{"rendered":"Tire and Wheel Info"},"content":{"rendered":"<div class=\"wp-block-group\"><div class=\"wp-block-group__inner-container is-layout-constrained wp-block-group-is-layout-constrained\">\n<p class=\"has-huge-font-size\" id=\"top\">Tire and Wheel Info<\/p>\n\n\n\n<p class=\"has-text-align-left\">Here you can easily find information on wheel and tire fitment as well as choosing suitable wheels for your Tesla.<\/p>\n\n\n\n<p class=\"has-background\" style=\"background-color:#f2f2f2\">Fitment:<br> - <a href=\"#et\">Choosing offset<\/a><br> - <a href=\"#sopivuustaulukko\">Tire fitment table<\/a><br> Info on original wheels:<br> - <a href=\"#m3_a\">Model 3<\/a><br> - <a href=\"#my_a\">Model Y<\/a><br> - <a href=\"#ms_a1\">Model S 2020 onwards<\/a><br> - <a href=\"#ms_a2\">Model S 2012 - 2020<\/a><br> - <a href=\"#mx_a1\">Model X 2020 onwards<\/a><br> - <a href=\"#mx_a2\">Model X 2015 - 2020<\/a><br>Wheel fitment by model:<br> - <a href=\"#m3_v\">Model 3<\/a><br> - <a href=\"#my_v\">Model Y<\/a><br> - <a href=\"#ms_v\">Model S<\/a><br> - <a href=\"http:\/\/mx_v\">Model X<\/a><br>Staggered:<br> - <a href=\"#staggered\">What does staggered mean?<\/a><br> - <a href=\"#staggered_lista\">Staggered fitment table<\/a><\/p>\n\n\n\n<p>Choosing tires and wheels is essential when it comes to enhancing safety and driving experience. Tires and wheels that are right sized and fitted guarantee the vehicle is easy to handle and safe to drive. The size of the wheel is one factor that affects the feel when driving. Larger wheels may improve handling and performance, but smaller wheels reduce noise, add driving comfort and require less power. The difference is notable especially when driving Model 3 or Y.<br><br>Here in the north we value winter tires that keep grip even on snow and ice. This often means that the tires should be studded, which may increase noise. Nevertheless, there are silent studded models on the market, so you don't have to compromise comfort if you like stud grip.<\/p>\n\n\n\n<hr class=\"wp-block-separator has-alpha-channel-opacity\"\/>\n\n\n\n<h2 class=\"wp-block-heading\" id=\"et\">Choosing offset<\/h2>\n\n\n\n<p>The offset of a wheel is the distance from its hub mounting surface to the centerline of the wheel. <\/p>\n\n\n\n<p>The higher the offset value, the more in front of the centerline of the wheel the hub mounting surface is. The lower the offset value, the more behind the wheel centerline the hub mounting surface is. By selecting suitable offset, the level of the wider wheel can be adjusted to match the level of the narrower wheel in a staggered configuration.<br><br>If there are multiple offset options for your car model, the choice is mainly aesthetic. More information available on <a href=\"#sopivuus\">the fitment table<\/a>.<br><br>There are many online tools that help for example compare different offset values and wheel widths.<br>The most popular of these is probably <a href=\"https:\/\/www.willtheyfit.com\/\" target=\"_blank\" rel=\"noreferrer noopener\">Willtheyfit.com<\/a>.<\/p>\n\n\n<div class=\"wp-block-image\">\n<figure class=\"aligncenter size-full is-resized\"><img loading=\"lazy\" decoding=\"async\" width=\"768\" height=\"473\" src=\"https:\/\/www.vempele.fi\/wp-content\/uploads\/2024\/08\/ET-juttu.webp\" alt=\"\" class=\"wp-image-30367\" style=\"width:512px;height:316px\" srcset=\"https:\/\/www.vempele.fi\/wp-content\/uploads\/2024\/08\/ET-juttu.webp 768w, https:\/\/www.vempele.fi\/wp-content\/uploads\/2024\/08\/ET-juttu-300x185.webp 300w, https:\/\/www.vempele.fi\/wp-content\/uploads\/2024\/08\/ET-juttu-18x12.webp 18w, https:\/\/www.vempele.fi\/wp-content\/uploads\/2024\/08\/ET-juttu-416x256.webp 416w\" sizes=\"auto, (max-width: 768px) 100vw, 768px\" \/><\/figure>\n<\/div><\/div><\/div>\n\n\n\n<p><a href=\"#top\">Go up<\/a><\/p>\n\n\n\n<div class=\"wp-block-group\"><div class=\"wp-block-group__inner-container is-layout-constrained wp-block-group-is-layout-constrained\">\n<h2 class=\"wp-block-heading\" id=\"sopivuustaulukko\">Tire fitment table<\/h2>\n\n\n\n<figure class=\"wp-block-table is-style-stripes\"><table><thead><tr><th>Wheel width<\/th><th>Minimum tire width<\/th><th>Recommended width<\/th><th>Maximum tire width<\/th><\/tr><\/thead><tbody><tr><td>7.5<\/td><td>205<\/td><td>215 - 225<\/td><td>235<\/td><\/tr><tr><td>8<\/td><td>215<\/td><td>225 - 235<\/td><td>245<\/td><\/tr><tr><td>8.5<\/td><td>225<\/td><td>235 - 245<\/td><td>255<\/td><\/tr><tr><td>9<\/td><td>235<\/td><td>245 - 255<\/td><td>265<\/td><\/tr><tr><td>9.5<\/td><td>245<\/td><td>255 - 265<\/td><td>275<\/td><\/tr><tr><td>10<\/td><td>255<\/td><td>265 - 275<\/td><td>285<\/td><\/tr><tr><td>10.5<\/td><td>265<\/td><td>275 - 285<\/td><td>295<\/td><\/tr><tr><td>11<\/td><td>275<\/td><td>285 - 295<\/td><td>305<\/td><\/tr><tr><td>11.5<\/td><td>285<\/td><td>295 - 305<\/td><td>315<\/td><\/tr><\/tbody><\/table><\/figure>\n<\/div><\/div>\n\n\n\n<p><a href=\"#top\">Go up<\/a><\/p>\n\n\n\n<div class=\"wp-block-group\"><div class=\"wp-block-group__inner-container is-layout-constrained wp-block-group-is-layout-constrained\">\n<h2 class=\"wp-block-heading\">Info on original wheels<\/h2>\n\n\n\n<p class=\"has-large-font-size\" id=\"m3_a\">Model 3:<\/p>\n\n\n\n<p>Bolt pattern: 5\u00d7114,3 <br>Center bore: 64,1 mm    <br>Nuts: 21 mm<br>Wheel tightening torque: 175 Nm<\/p>\n\n\n\n<figure class=\"wp-block-table is-style-stripes\"><table><thead><tr><th>Wheels size in inches<\/th><th>Wheel width<\/th><th>Offset<\/th><th>Original tire<\/th><\/tr><\/thead><tbody><tr><td>18\u2033<\/td><td>8.5<\/td><td>40<\/td><td>235\/45\/R18<\/td><\/tr><tr><td>19\u2033<\/td><td>8.5<\/td><td>40<\/td><td>235\/40\/R19<\/td><\/tr><tr><td>20\u2033<\/td><td>9<\/td><td>34<\/td><td>235\/35\/R20 or<br>245\/35\/R20<\/td><\/tr><\/tbody><\/table><\/figure>\n\n\n\n<p class=\"has-large-font-size\" id=\"my_a\">Model Y:<\/p>\n\n\n\n<p>Bolt pattern: 5\u00d7114,3 <br>Center bore: 64,1 mm    <br>Nuts: 21 mm<br>Wheel tightening torque: 175 Nm<\/p>\n\n\n\n<figure class=\"wp-block-table is-style-stripes\"><table><thead><tr><th>Wheels size in inches<\/th><th>Wheel width<\/th><th>Offset<\/th><th>Original tire<\/th><\/tr><\/thead><tbody><tr><td>19\u2033<\/td><td>9.5<\/td><td>45<\/td><td>255\/45R19<\/td><\/tr><tr><td>20\u2033<\/td><td>9.5<\/td><td>45<\/td><td>255\/40R20<\/td><\/tr><tr><td>21\u2033<\/td><td>9.5 front<br>10 rear<\/td><td>40 front<br>48 rear<\/td><td>255\/35R21 front<br>275\/35R21 rear<\/td><\/tr><\/tbody><\/table><\/figure>\n\n\n\n<p class=\"has-large-font-size\" id=\"ms_a1\">Model S 2020 onwards:<\/p>\n\n\n\n<p>Bolt pattern: 5\u00d7120 <br>Center bore: 64,1 mm    <br>Nuts: 21 mm<br>Wheel tightening torque: 175 Nm<\/p>\n\n\n\n<figure class=\"wp-block-table is-style-stripes\"><table><thead><tr><th>Wheels size in inches<\/th><th>Wheel width<\/th><th>Offset<\/th><th>Original tire<\/th><\/tr><\/thead><tbody><tr><td>19\u2033<\/td><td>9.5 front<br>10.5 rear<\/td><td>40 front<br>45 rear<\/td><td>255\/45R19 front<br>285\/40R19 rear<\/td><\/tr><tr><td>21\u2033<\/td><td>9.5 front<br>10.5 rear<\/td><td>40 front<br>45 rear<\/td><td>265\/35R21 front<br>295\/30R21 rear<\/td><\/tr><\/tbody><\/table><\/figure>\n\n\n\n<p class=\"has-large-font-size\" id=\"ms_a2\">Model S 2012-2020:<\/p>\n\n\n\n<p>Bolt pattern: 5\u00d7120 <br>Center bore: 64,1 mm    <br>Nuts: 21 mm<br>Wheel tightening torque: 175 Nm<\/p>\n\n\n\n<figure class=\"wp-block-table is-style-stripes\"><table><thead><tr><th>Wheels size in inches<\/th><th>Wheel width<\/th><th>Offset<\/th><th>Original tire<\/th><\/tr><\/thead><tbody><tr><td>19\u2033<\/td><td>8.0 or<br>8.5<\/td><td>40<br>45<\/td><td>245\/45R19<\/td><\/tr><tr><td>21\u2033<\/td><td>8.5<br>9.5 rear*<\/td><td>40<br>40<\/td><td>245\/35R21<br>265\/35R21**<\/td><\/tr><\/tbody><\/table><figcaption class=\"wp-element-caption\">*If the vehicle is Performance Plus. <br> **The width of the rear tires in four wheel drive Performance vehicles may vary according to the manufacture date. Some vehicles may have P245\/35R21 tires in both front and rear.<\/figcaption><\/figure>\n\n\n\n<p class=\"has-large-font-size\" id=\"mx_a1\">Model X 2020 onwards:<\/p>\n\n\n\n<p>Bolt pattern: 5\u00d7120 <br>Center bore: 64,1 mm    <br>Nuts: 21 mm<br>Wheel tightening torque: 175 Nm<\/p>\n\n\n\n<figure class=\"wp-block-table is-style-stripes\"><table><thead><tr><th>Wheels size in inches<\/th><th>Wheel width<\/th><th>Offset<\/th><th>Original tire<\/th><\/tr><\/thead><tbody><tr><td>20\u2033<\/td><td>9.0 front<br>10.0 rear<\/td><td>40<br>30<\/td><td>265\/45R20 front<br>275\/45R20 rear<\/td><\/tr><tr><td>22\u2033<\/td><td>9.0 front<br>10.0 rear<\/td><td>40<br>30<\/td><td>265\/35R22 front<br>285\/35R22 rear<\/td><\/tr><\/tbody><\/table><\/figure>\n\n\n\n<p class=\"has-large-font-size\" id=\"mx_a2\">Model X 2015-2020:<\/p>\n\n\n\n<p>Bolt pattern: 5\u00d7120 <br>Center bore: 64,1 mm    <br>Nuts: 21 mm<br>Wheel tightening torque: 175 Nm<\/p>\n\n\n\n<figure class=\"wp-block-table is-style-stripes\"><table><thead><tr><th>Wheels size in inches<\/th><th>Wheel width<\/th><th>Offset<\/th><th>Original tire<\/th><\/tr><\/thead><tbody><tr><td>20\u2033<\/td><td>9.0 front<br>10.0 rear*<\/td><td>40<br>35<\/td><td>255\/45R20 front<br>275\/45R20 rear<\/td><\/tr><tr><td>22\u2033<\/td><td>9.0 front<br>10.0 rear<\/td><td>40<br>35<\/td><td>265\/35R22 front<br>285\/35R22 rear<\/td><\/tr><\/tbody><\/table><figcaption class=\"wp-element-caption\">*If the vehicle is equipped with all-weather tires, the wheel width may be 9.5\"<\/figcaption><\/figure>\n\n\n\n<p><\/p>\n<\/div><\/div>\n\n\n\n<p><a href=\"#top\">Go up<\/a><\/p>\n\n\n\n<div class=\"wp-block-group\"><div class=\"wp-block-group__inner-container is-layout-constrained wp-block-group-is-layout-constrained\">\n<h2 class=\"wp-block-heading\" id=\"sopivuus\">Wheel fitment by model<\/h2>\n\n\n\n<p>You can check the wheel fitment for your vehicle from this table. The list includes wheel sizes available in Vempele.<\/p>\n\n\n\n<p class=\"has-large-font-size\" id=\"m3_v\">Model 3:<\/p>\n\n\n\n<figure class=\"wp-block-table is-style-stripes\"><table><thead><tr><th><br>Model<\/th><th>Fitting sizes in inches<\/th><th>Fitting offsets<\/th><th>Fitting widths<\/th><\/tr><\/thead><tbody><tr><td>RWD<\/td><td>18\u2033<br>19\u2033<br>20\u2033<\/td><td>35 - 40<br>35 - 40<br>35 - 40<\/td><td>8.0, 8.5<br>8.0, 8.5<br>8.5, 9.0<\/td><\/tr><tr><td>LR <\/td><td>18\u2033<br>19\u2033<br>20\u2033<\/td><td>35 - 40<br>35 - 40<br>35 - 40<\/td><td>8.0, 8.5<br>8.0, 8.5<br>8.5, 9.0<\/td><\/tr><tr><td>Perf.<\/td><td>18\u2033<br>19\u2033<br>20\u2033<\/td><td>35<br>35<br>35 - 40*<\/td><td>8.0<br>8.0, 8.5<br>8.5, 9.0*<\/td><\/tr><\/tbody><\/table><figcaption class=\"wp-element-caption\">*Performance is compatible with ET40 only with 9\" wide wheel when the wheel diameter is 20\"<\/figcaption><\/figure>\n\n\n\n<p class=\"has-large-font-size\" id=\"my_v\">Model Y:<\/p>\n\n\n\n<figure class=\"wp-block-table is-style-stripes\"><table><thead><tr><th><br>Model<\/th><th>Fitting sizes in inches<\/th><th>Fitting offsets<\/th><th>Fitting widths<\/th><\/tr><\/thead><tbody><tr><td>RWD \/ AWD<\/td><td>18\u2033<br>19\u2033<br>20\u2033<\/td><td>35 - 40<br>35 - 45<br>40 - 45<\/td><td>8.0<br>8.5, 9.5<br>9.0, 9.5*<\/td><\/tr><tr><td>Perf.<\/td><td><br>19\u2033<br>20\u2033<\/td><td><br>35 - 45<br>40 - 45<\/td><td><br>8.5, 9.5**<br>9.0, 9.5*<\/td><\/tr><\/tbody><\/table><figcaption class=\"wp-element-caption\">*9.5\"x20\" wheel must have an offset of 45<br>**9.5\"x19\" wheel can't have an offset of 35<\/figcaption><\/figure>\n\n\n\n<p class=\"has-large-font-size\" id=\"ms_v\">Model S:<\/p>\n\n\n\n<figure class=\"wp-block-table is-style-stripes\"><table><thead><tr><th><br>Model<\/th><th>Fitting sizes in inches<\/th><th>Fitting offsets<\/th><th>Fitting widths<\/th><\/tr><\/thead><tbody><tr><td>2012 - 2016<\/td><td>19\u2033<br>20\u2033<br>21\u2033<br>22\u2033<\/td><td>35 - 40<br>35 - 40<br>35 - 40<br>35 - 40<\/td><td>8.0, 8.5<br>8.5, 9.0<br>8.5<br>9.0<\/td><\/tr><tr><td>Facelift 2016 - 2021<\/td><td>19\u2033<br>20\u2033<br>21\u2033<br>22\u2033<\/td><td>35 - 40<br>35 - 40<br>35 - 40<br>35 - 40<\/td><td>8.0, 8.5<br>8.5, 9.0<br>8.5<br>9.0<\/td><\/tr><tr><td>Plaid &amp; LR 2021 -&gt;<\/td><td>19\u2033<br>20\u2033<br>21\u2033<\/td><td>35 - 40<br>35 - 40<br>35 - 40<\/td><td>8.5<br>8.5, 9.0<br>9.0, 9,5*<\/td><\/tr><tr><td><\/td><td><\/td><td><\/td><td><\/td><\/tr><\/tbody><\/table><figcaption class=\"wp-element-caption\">*9.5\"x21\" wheel requires an offset of 40<\/figcaption><\/figure>\n\n\n\n<p class=\"has-large-font-size\" id=\"mx_v\">Model X:<\/p>\n\n\n\n<figure class=\"wp-block-table is-style-stripes\"><table><thead><tr><th><br>Model<\/th><th>Fitting sizes in inches<\/th><th>Fitting offsets<\/th><th>Fitting widths<\/th><\/tr><\/thead><tbody><tr><td>2016 - 2021<\/td><td>19\u2033<br>20\u2033<br>21\u2033<br>22\u2033<\/td><td>35 <br>35 <br>35<br>35 <\/td><td>8.0, 8.5<br>9.0<br>9.0<br>9.0, 9.5<\/td><\/tr><tr><td>Plaid &amp; LR 2021 -&gt;<\/td><td>20\u2033<br>21\u2033<br>22\u2033<\/td><td>35 - 40<br>35 - 40<br>35 - 40<\/td><td>9.0<br>9.0, 9.5<br>9.0, 9.5<\/td><\/tr><tr><td><\/td><td><\/td><td><\/td><td><\/td><\/tr><\/tbody><\/table><\/figure>\n<\/div><\/div>\n\n\n\n<p><a href=\"#top\">Go up<\/a><\/p>\n\n\n\n<div class=\"wp-block-group\"><div class=\"wp-block-group__inner-container is-layout-constrained wp-block-group-is-layout-constrained\">\n<h2 class=\"wp-block-heading\" id=\"staggered\">Staggered<\/h2>\n\n\n\n<p>In a staggered fitment the tires and wheels are different sizes at the front of the car compared to the rear of the car. This fitment is commonly used for high-performance and sports cars. A staggered configuration results in faster acceleration, better handling of the front and better grip of the rear. <\/p>\n\n\n\n<p><br>We have listed some example widths that can be used in a staggered fitment in different car models. These are provided by our wheel supplier.<\/p>\n\n\n\n<figure id=\"staggered_lista\" class=\"wp-block-table is-style-stripes\"><table><thead><tr><th>Model<\/th><th>Front<\/th><th>Rear<\/th><\/tr><\/thead><tbody><tr><td>Model 3 Perf.<\/td><td>19\u00d78.5 ET35<br>20\u00d78.5 ET35<\/td><td>19\u00d79.5 ET40<br>20\u00d79.0 ET40<\/td><\/tr><tr><td>Model Y Perf.<\/td><td>20\u00d79.0 ET40<\/td><td>20\u00d79.5 ET45<\/td><\/tr><tr><td>Model S 2012 - 2021<\/td><td>19\u00d78.5 ET40<br>20\u00d79.0 ET35<br>21\u00d78.5 ET40<br>22\u00d79.0 ET35<\/td><td>19\u00d710 ET45<br>20\u00d710 ET35<br>21\u00d79.0 ET40<br>22\u00d710 ET35<\/td><\/tr><tr><td>Model S Plaid &amp; LR<br>2021 -&gt;<\/td><td>19\u00d78.5 ET40<br>20\u00d79.0 ET35<br>21\u00d79.5 ET40<\/td><td>19\u00d710 ET45<br>20\u00d710 ET35<br>21\u00d710.5 ET45<\/td><\/tr><tr><td>Model X 2016 - 2021<\/td><td>20\u00d79.0 ET35<br>22\u00d79.0 ET35<\/td><td>20\u00d710 ET35<br>22\u00d710 ET35<\/td><\/tr><tr><td>Model X Plaid &amp; LR<br>2021 -&gt;<\/td><td>20\u00d79.0 ET35<br>21\u00d79.0 ET40<br>22\u00d79.0 ET35<\/td><td>20\u00d710 ET35<br>21\u00d710 ET35<br>22\u00d710 ET35<\/td><\/tr><\/tbody><\/table><\/figure>\n<\/div><\/div>\n\n\n\n<p><a href=\"#top\">Go up<\/a><\/p>","protected":false},"excerpt":{"rendered":"<p>Rengas- ja vannetietoa T\u00e4\u00e4lt\u00e4 l\u00f6yd\u00e4t k\u00e4tev\u00e4sti tietoa mitk\u00e4 renkaat sopivat millekin vanteille, ja mitk\u00e4 vanteet taas millekin Teslalle. Hakemisto: &#8211; Vanteen ET ja sen valinta &#8211; Renkaiden sopivuustaulukko Alkuper\u00e4isten vanteiden tiedot: &#8211; Model 3 &#8211; Model Y &#8211; Model S 2020 Eteenp\u00e4in &#8211; Model S 2012 &#8211; 2020 &#8211; Model X 2020 Eteenp\u00e4in &#8211; Model [&hellip;]<\/p>\n","protected":false},"author":1104,"featured_media":0,"parent":0,"menu_order":0,"comment_status":"closed","ping_status":"closed","template":"","meta":{"footnotes":""},"class_list":["post-16103","page","type-page","status-publish","hentry"],"jetpack_sharing_enabled":true,"_links":{"self":[{"href":"https:\/\/www.vempele.fi\/en\/wp-json\/wp\/v2\/pages\/16103","targetHints":{"allow":["GET"]}}],"collection":[{"href":"https:\/\/www.vempele.fi\/en\/wp-json\/wp\/v2\/pages"}],"about":[{"href":"https:\/\/www.vempele.fi\/en\/wp-json\/wp\/v2\/types\/page"}],"author":[{"embeddable":true,"href":"https:\/\/www.vempele.fi\/en\/wp-json\/wp\/v2\/users\/1104"}],"replies":[{"embeddable":true,"href":"https:\/\/www.vempele.fi\/en\/wp-json\/wp\/v2\/comments?post=16103"}],"version-history":[{"count":0,"href":"https:\/\/www.vempele.fi\/en\/wp-json\/wp\/v2\/pages\/16103\/revisions"}],"wp:attachment":[{"href":"https:\/\/www.vempele.fi\/en\/wp-json\/wp\/v2\/media?parent=16103"}],"curies":[{"name":"wp","href":"https:\/\/api.w.org\/{rel}","templated":true}]}}