{"id":59,"date":"2018-05-21T12:28:47","date_gmt":"2018-05-21T12:28:47","guid":{"rendered":"https:\/\/www.vempele.fi\/?page_id=59"},"modified":"2026-05-07T11:31:00","modified_gmt":"2026-05-07T08:31:00","slug":"delivery-methods","status":"publish","type":"page","link":"https:\/\/www.vempele.fi\/en\/toimitustavat\/","title":{"rendered":"Delivery methods and order conditions"},"content":{"rendered":"<h2 class=\"wp-block-heading\">Delivery Methods and Times<\/h2>\n\n\n\n<p>Arkip\u00e4ivin\u00e4 ennen kello 12:00 tulleet tilauksen k\u00e4sitell\u00e4\u00e4n p\u00e4\u00e4s\u00e4\u00e4nt\u00f6isesti samana p\u00e4iv\u00e4n\u00e4, ja k\u00e4sitellyt paketit l\u00e4htev\u00e4t viel\u00e4 samana p\u00e4iv\u00e4n\u00e4 matkaan. Toimitusaika noutopistepaketeilla on tavanomaisesti 1-3 arkip\u00e4iv\u00e4\u00e4. Tarkemmat toimitusajat alueellesi l\u00f6ytyy valitsemasi kuljetuspalvelun verkkosivuilta.<\/p>\n\n\n\n<p><strong>Note!<\/strong> Muistathan, ett\u00e4 kaikki ilmoitetut ajat ovat arvioita! Lopulliseen toimitusaikaan voi vaikuttaa tilauksen ajankohta, k\u00e4sittelyruuhkat, sek\u00e4 mahdolliset lakot tai kuljetusliikkeist\u00e4 johtuvat viiv\u00e4stykset.<\/p>\n\n\n\n<h2 class=\"wp-block-heading\" id=\"ilmainen_toimitus\">Free delivery<\/h2>\n\n\n\n<p>Vempele offers free delivery for orders over 150\u20ac. Free delivery is now also available on belt orders and Monaco GP tyre\/rim packages Model 3 and Model Y. Free shipping. <strong>does not apply to<\/strong> orders with other tyres. The order will be delivered to the nearest pick-up point using the cheapest delivery method available at the time. <br>Free shipping applies to Finland and consumer sales only. <\/p>\n\n\n\n<h2 class=\"wp-block-heading\">Pick Up<\/h2>\n\n\n\n<p>You may choose pick up as a delivery method. This method is free of delivery costs. The order shall be picked up from our Pirkkala store in conjunction with Jidoka office. We are open on weekdays from 8 am to 4 pm. Our address is <strong>Paavontie 4, 33960 Pirkkala<\/strong>. Welcome!<\/p>\n\n\n\n<h2 class=\"wp-block-heading\">Terms and Conditions<\/h2>\n\n\n\n<p>Return conditions can be found at <a href=\"https:\/\/www.vempele.fi\/en\/return-conditions\/\">Here.<\/a><\/p>\n\n\n\n<h2 class=\"wp-block-heading\" id=\"h-maksupalvelutarjoaja\">Payment service provider<\/h2>\n\n\n\n<p>The payment service is provided by Paytrail Oyj (2122839-7) in cooperation with Finnish banks and credit institutions. Paytrail Oyj appears as the recipient of the payment on the bank statement or card bill and forwards the payment to the merchant. Paytrail Oyj is a licensed payment institution. In case of complaints, please contact the supplier of the product in the first instance.<\/p>\n\n\n\n<p>Paytrail Oyj, business code: 2122839-7<br>Innova 2<br>Lutakonaukio 7<br>40100 Jyv\u00e4skyl\u00e4, Finland<br><a href=\"https:\/\/www.paytrail.com\/kuluttaja\/tietoa-maksamisesta\" target=\"_blank\" rel=\"noreferrer noopener\">paytrail.com\/consumer\/about-paying<\/a><\/p>\n\n\n\n<h2 class=\"wp-block-heading\">Claims and Transport Damage Reporting<\/h2>\n\n\n\n<p>Regarding all order or shipment related claims, we request to notify us within seven (7) days from receiving the delivery by contacting&nbsp;<a href=\"mailto:vempele@vempele.fi\" target=\"_blank\" rel=\"noreferrer noopener\">vempele@vempele.fi<\/a>. We shall not process claims that have been made later than 7 days after receiving the goods.<\/p>\n\n\n\n<p>Responsibility of the consignee and goods that have been damaged during the transport: in accordance with the Finnish Road Transport Contract Act (RTCA), the consignee is responsible for inspecting the shipment in connection with the receipt of the delivery. A verifiable remark of externally detectable damage and deficiencies (holes, opened tapes, dents etc.) must be given to the carrier before making a reception note. Ask for a receipt from the carrier and contact our customer service immediately by email. Attach pictures of the damaged goods.<\/p>\n\n\n\n<p>Hidden damage (that is not externally detectable at the receipt of the delivery) shall be reported to the Vempele customer service within 7 days from receiving the goods with pictures and damage description attached. After 7 days the carrier is no longer responsible for the damage. Damaged or defective goods that are returned shall be packed properly to avoid further damage.<\/p>\n\n\n\n<h2 class=\"wp-block-heading\" id=\"h-yritysmyynti\">Corporate sales<\/h2>\n\n\n\n<p>The above terms and information apply to consumer sales only and for business sales we do not provide any warranty and we apply the law.<\/p>","protected":false},"excerpt":{"rendered":"<p>Toimitustavat ja -ajat Arkip\u00e4ivin\u00e4 ennen kello 12:00 tulleet tilauksen k\u00e4sitell\u00e4\u00e4n p\u00e4\u00e4s\u00e4\u00e4nt\u00f6isesti samana p\u00e4iv\u00e4n\u00e4, ja k\u00e4sitellyt paketit l\u00e4htev\u00e4t viel\u00e4 samana p\u00e4iv\u00e4n\u00e4 matkaan. Toimitusaika noutopistepaketeilla on tavanomaisesti 1-3 arkip\u00e4iv\u00e4\u00e4. Tarkemmat toimitusajat alueellesi l\u00f6ytyy valitsemasi kuljetuspalvelun verkkosivuilta. Huomio! Muistathan, ett\u00e4 kaikki ilmoitetut ajat ovat arvioita! Lopulliseen toimitusaikaan voi vaikuttaa tilauksen ajankohta, k\u00e4sittelyruuhkat, sek\u00e4 mahdolliset lakot tai kuljetusliikkeist\u00e4 johtuvat [&hellip;]<\/p>\n","protected":false},"author":2,"featured_media":0,"parent":0,"menu_order":0,"comment_status":"closed","ping_status":"closed","template":"","meta":{"footnotes":""},"class_list":["post-59","page","type-page","status-publish","hentry"],"jetpack_sharing_enabled":true,"_links":{"self":[{"href":"https:\/\/www.vempele.fi\/en\/wp-json\/wp\/v2\/pages\/59","targetHints":{"allow":["GET"]}}],"collection":[{"href":"https:\/\/www.vempele.fi\/en\/wp-json\/wp\/v2\/pages"}],"about":[{"href":"https:\/\/www.vempele.fi\/en\/wp-json\/wp\/v2\/types\/page"}],"author":[{"embeddable":true,"href":"https:\/\/www.vempele.fi\/en\/wp-json\/wp\/v2\/users\/2"}],"replies":[{"embeddable":true,"href":"https:\/\/www.vempele.fi\/en\/wp-json\/wp\/v2\/comments?post=59"}],"version-history":[{"count":2,"href":"https:\/\/www.vempele.fi\/en\/wp-json\/wp\/v2\/pages\/59\/revisions"}],"predecessor-version":[{"id":47772,"href":"https:\/\/www.vempele.fi\/en\/wp-json\/wp\/v2\/pages\/59\/revisions\/47772"}],"wp:attachment":[{"href":"https:\/\/www.vempele.fi\/en\/wp-json\/wp\/v2\/media?parent=59"}],"curies":[{"name":"wp","href":"https:\/\/api.w.org\/{rel}","templated":true}]}}