{"id":44349,"date":"2025-11-27T14:52:35","date_gmt":"2025-11-27T12:52:35","guid":{"rendered":"https:\/\/www.vempele.fi\/?post_type=product&#038;p=44349"},"modified":"2026-04-22T15:47:30","modified_gmt":"2026-04-22T12:47:30","slug":"strut-arm-bolt-front-strut-arm-rear-lates-parts-tesla-model-s-x","status":"publish","type":"product","link":"https:\/\/www.vempele.fi\/en\/tuote\/tukivarren-saatopultti-etualatukivarsi-takimmainen-lates-parts-tesla-model-s-x\/","title":{"rendered":"Support Arm Adjustment Bolt, Front Support Arm, Rear - Lates Parts - Tesla Model S \/ X"},"content":{"rendered":"<p>Tukivarren s\u00e4\u00e4t\u00f6pultti, etualatukivarsi, takimmainen &#8211; Lates Parts &#8211; Tesla Model S \/ X<\/p>\n<p>BOLT H CAM M14X2.00X114 [10.9]-G720<\/p>\n<ul>\n<li>Vastaavat OE-tuotenumerot:\n<ul>\n<li>2007106<\/li>\n<li>2007107<\/li>\n<li>1006484-00-A<\/li>\n<\/ul>\n<\/li>\n<li>Sopivuus:\n<ul>\n<li>Model S 2012 &#8211; 2020<\/li>\n<li>Model X 2016 &#8211; 2020<\/li>\n<\/ul>\n<\/li>\n<\/ul>\n<p>&nbsp;<\/p>\n","protected":false},"excerpt":{"rendered":"<p>Support Arm Adjustment Bolt, Front Support Arm, Rear - Lates Parts - Tesla Model S \/ X<\/p>","protected":false},"featured_media":44350,"comment_status":"open","ping_status":"closed","template":"","meta":[],"product_brand":[841],"product_cat":[152,153,473,474],"product_tag":[],"class_list":{"0":"post-44349","1":"product","2":"type-product","3":"status-publish","4":"has-post-thumbnail","6":"product_brand-lates-parts","7":"product_cat-model-s","8":"product_cat-model-x","9":"product_cat-varaosat-model-s","10":"product_cat-varaosat-model-x","12":"first","13":"instock","14":"taxable","15":"shipping-taxable","16":"purchasable","17":"product-type-simple"},"jetpack_sharing_enabled":true,"_links":{"self":[{"href":"https:\/\/www.vempele.fi\/en\/wp-json\/wp\/v2\/product\/44349","targetHints":{"allow":["GET"]}}],"collection":[{"href":"https:\/\/www.vempele.fi\/en\/wp-json\/wp\/v2\/product"}],"about":[{"href":"https:\/\/www.vempele.fi\/en\/wp-json\/wp\/v2\/types\/product"}],"replies":[{"embeddable":true,"href":"https:\/\/www.vempele.fi\/en\/wp-json\/wp\/v2\/comments?post=44349"}],"wp:featuredmedia":[{"embeddable":true,"href":"https:\/\/www.vempele.fi\/en\/wp-json\/wp\/v2\/media\/44350"}],"wp:attachment":[{"href":"https:\/\/www.vempele.fi\/en\/wp-json\/wp\/v2\/media?parent=44349"}],"wp:term":[{"taxonomy":"product_brand","embeddable":true,"href":"https:\/\/www.vempele.fi\/en\/wp-json\/wp\/v2\/product_brand?post=44349"},{"taxonomy":"product_cat","embeddable":true,"href":"https:\/\/www.vempele.fi\/en\/wp-json\/wp\/v2\/product_cat?post=44349"},{"taxonomy":"product_tag","embeddable":true,"href":"https:\/\/www.vempele.fi\/en\/wp-json\/wp\/v2\/product_tag?post=44349"}],"curies":[{"name":"wp","href":"https:\/\/api.w.org\/{rel}","templated":true}]}}