{"id":47607,"date":"2026-05-04T19:35:20","date_gmt":"2026-05-04T16:35:20","guid":{"rendered":"https:\/\/www.vempele.fi\/?post_type=product&#038;p=47607"},"modified":"2026-05-04T19:35:22","modified_gmt":"2026-05-04T16:35:22","slug":"iskunvaimennin-eteen-vasen-nty-model-3-y-awd","status":"publish","type":"product","link":"https:\/\/www.vempele.fi\/en\/tuote\/iskunvaimennin-eteen-vasen-nty-model-3-y-awd\/","title":{"rendered":"Shock absorber, front, left - NTY - Model 3 \/ Y AWD"},"content":{"rendered":"<p>Shock absorber, front, left - NTY - Model 3 \/ Y AWD<\/p>\n<ul>\n<li>Manufacturer Part Number: A-CH-137<\/li>\n<li>OE numbers provided by the manufacturer:\n<ul>\n<li>1044363-04-A<\/li>\n<li>1044363-04-B<\/li>\n<\/ul>\n<\/li>\n<li>Compatibility:\n<ul>\n<li>Model 3 2017\u20132023<\/li>\n<li>Model Y 2020 - 2024<\/li>\n<\/ul>\n<\/li>\n<li>Additional information\n<ul>\n<li>Weight: approx. 8.3kg<\/li>\n<li>Shock absorber type: Gas<\/li>\n<li>Includes bow: Yes<\/li>\n<\/ul>\n<\/li>\n<\/ul>","protected":false},"excerpt":{"rendered":"<p>Shock absorber <strong>nelivedon<\/strong> etuakselin vasemmalle puolelle. Sis\u00e4lt\u00e4\u00e4 my\u00f6s jousen.<\/p>\n<p>Manufacturer: NTY<\/p>","protected":false},"featured_media":47608,"comment_status":"open","ping_status":"closed","template":"","meta":[],"product_brand":[802],"product_cat":[151,154,471,472],"product_tag":[898,901,899,900,156,271,848,319],"class_list":{"0":"post-47607","1":"product","2":"type-product","3":"status-publish","4":"has-post-thumbnail","6":"product_brand-nty","7":"product_cat-model-3","8":"product_cat-model-y","9":"product_cat-model-3-varaosat","10":"product_cat-varaosat-model-y","11":"product_tag-iskari","12":"product_tag-iskaritolppa","13":"product_tag-iskunvaimennin","14":"product_tag-jousi","15":"product_tag-model-3","16":"product_tag-model-y","17":"product_tag-varaosa","18":"product_tag-varaosat","20":"first","21":"instock","22":"taxable","23":"shipping-taxable","24":"purchasable","25":"product-type-simple"},"jetpack_sharing_enabled":true,"_links":{"self":[{"href":"https:\/\/www.vempele.fi\/en\/wp-json\/wp\/v2\/product\/47607","targetHints":{"allow":["GET"]}}],"collection":[{"href":"https:\/\/www.vempele.fi\/en\/wp-json\/wp\/v2\/product"}],"about":[{"href":"https:\/\/www.vempele.fi\/en\/wp-json\/wp\/v2\/types\/product"}],"replies":[{"embeddable":true,"href":"https:\/\/www.vempele.fi\/en\/wp-json\/wp\/v2\/comments?post=47607"}],"wp:featuredmedia":[{"embeddable":true,"href":"https:\/\/www.vempele.fi\/en\/wp-json\/wp\/v2\/media\/47608"}],"wp:attachment":[{"href":"https:\/\/www.vempele.fi\/en\/wp-json\/wp\/v2\/media?parent=47607"}],"wp:term":[{"taxonomy":"product_brand","embeddable":true,"href":"https:\/\/www.vempele.fi\/en\/wp-json\/wp\/v2\/product_brand?post=47607"},{"taxonomy":"product_cat","embeddable":true,"href":"https:\/\/www.vempele.fi\/en\/wp-json\/wp\/v2\/product_cat?post=47607"},{"taxonomy":"product_tag","embeddable":true,"href":"https:\/\/www.vempele.fi\/en\/wp-json\/wp\/v2\/product_tag?post=47607"}],"curies":[{"name":"wp","href":"https:\/\/api.w.org\/{rel}","templated":true}]}}