{"id":16103,"date":"2023-02-09T11:34:41","date_gmt":"2023-02-09T09:34:41","guid":{"rendered":"https:\/\/www.vempele.fi\/?page_id=16103"},"modified":"2024-08-05T13:39:01","modified_gmt":"2024-08-05T10:39:01","slug":"rengas-ja-vannetietoa-teslaan","status":"publish","type":"page","link":"https:\/\/www.vempele.fi\/fi\/rengas-ja-vannetietoa-teslaan\/","title":{"rendered":"Rengas- ja vannetietoa"},"content":{"rendered":"\n<div class=\"wp-block-group\"><div class=\"wp-block-group__inner-container is-layout-constrained wp-block-group-is-layout-constrained\">\n<p class=\"has-huge-font-size\" id=\"top\">Rengas- ja vannetietoa<\/p>\n\n\n\n<p class=\"has-text-align-left\">T\u00e4\u00e4lt\u00e4 l\u00f6yd\u00e4t k\u00e4tev\u00e4sti tietoa mitk\u00e4 renkaat sopivat millekin vanteille, ja mitk\u00e4 vanteet taas millekin Teslalle.<\/p>\n\n\n\n<p class=\"has-background\" style=\"background-color:#f2f2f2\">Hakemisto:<br> &#8211; <a href=\"#et\">Vanteen ET ja sen valinta<\/a><br> &#8211; <a href=\"#sopivuustaulukko\">Renkaiden sopivuustaulukko<\/a><br> Alkuper\u00e4isten vanteiden tiedot:<br> &#8211; <a href=\"#m3_a\">Model 3<\/a><br> &#8211; <a href=\"#my_a\">Model Y<\/a><br> &#8211; <a href=\"#ms_a1\">Model S 2020 Eteenp\u00e4in<\/a><br> &#8211; <a href=\"#ms_a2\">Model S 2012 &#8211; 2020<\/a><br> &#8211; <a href=\"#mx_a1\">Model X 2020 Eteenp\u00e4in<\/a><br> &#8211; <a href=\"#mx_a2\">Model X 2015 &#8211; 2020<\/a><br>Vanteiden sopivuus automalleittain:<br> &#8211; <a href=\"#m3_v\">Model 3<\/a><br> &#8211; <a href=\"#my_v\">Model Y<\/a><br> &#8211; <a href=\"#ms_v\">Model S<\/a><br> &#8211; <a href=\"http:\/\/mx_v\">Model X<\/a><br>Staggered:<br> &#8211; <a href=\"#staggered\">Mik\u00e4 on staggered?<\/a><br> &#8211; <a href=\"#staggered_lista\">Staggered sopivuustaulukko<\/a><\/p>\n\n\n\n<p>Renkaan ja vanteen valinta autoon on eritt\u00e4in t\u00e4rke\u00e4\u00e4 ajoturvallisuuden ja ajokokemuksen n\u00e4k\u00f6kulmasta. Oikean kokoiset, sopivat renkaat ja vanteet takaavat, ett\u00e4 auto on hallittavissa ja turvallinen ajaa. Vanteen leveys on yksi seikka, joka voi vaikuttaa ajotuntumaan. Kapeammalla vanteella rengas levi\u00e4\u00e4 sille v\u00e4hemm\u00e4n, jolloin ajotuntuma voi olla pehme\u00e4mpi ja miellytt\u00e4v\u00e4mpi. Lis\u00e4ksi melu v\u00e4henee ja akun kantavuus paranee. T\u00e4m\u00e4n huomaa erityisesti Model 3:ssa ja Y:ss\u00e4.<br><br>Etenkin t\u00e4\u00e4ll\u00e4 pohjolassa kannattaa panostaa hyviin talvirenkaisiin, joissa on pitoa my\u00f6s lumessa ja j\u00e4\u00e4ll\u00e4 ajettaessa. Nastarenkaat ovat luonnollisesti oiva valinta, joskin ne voivat lis\u00e4t\u00e4 melua ajon aikana. Markkinoilla on kuitenkin my\u00f6s hiljaisia nastamalleja, joten lis\u00e4pitoa saa ajomukavuudesta tinkim\u00e4tt\u00e4.<\/p>\n\n\n\n<hr class=\"wp-block-separator has-alpha-channel-opacity\"\/>\n\n\n\n<h2 class=\"wp-block-heading\" id=\"et\">Vanteen ET ja sen valinta<\/h2>\n\n\n\n<p>Vanteiden ET-luku (offset) kuvaa vanteiden keskikohdan ja py\u00f6r\u00e4nnavan (kiinnityspinnan) v\u00e4list\u00e4 et\u00e4isyytt\u00e4. <\/p>\n\n\n\n<p>Mit\u00e4 suurempi ET-luku on, sit\u00e4 sisemp\u00e4n\u00e4 vanne on. Mit\u00e4 pienempi ET-luku on, sit\u00e4 ulompana vanne on lokasuojassa. Staggered-konfiguraatiossa leve\u00e4mpi vanne saadaan suunnilleen samalle tasolle kapeamman vanteen kanssa, kun valitaan sopivat ET-luvut.<br><br>Jos automallillesi sopii useampi ET, valinta on l\u00e4hinn\u00e4 ulkon\u00e4k\u00f6kysymys. Sopivuudet l\u00f6yd\u00e4t <a href=\"#sopivuus\">sopivuustaulukosta<\/a>.<br><br>Netist\u00e4 l\u00f6ytyy monia ty\u00f6kaluja, joilla voi esimerkiksi verrata, miten kaksi eri ET:t\u00e4 ja vanneleveytt\u00e4 pelaa yhdess\u00e4.<br>Niist\u00e4 suosituin taitaa olla <a href=\"https:\/\/www.willtheyfit.com\/\" target=\"_blank\" rel=\"noreferrer noopener\">Willtheyfit.com<\/a>.<\/p>\n\n\n<div class=\"wp-block-image\">\n<figure class=\"aligncenter size-full is-resized\"><img loading=\"lazy\" decoding=\"async\" width=\"768\" height=\"473\" src=\"https:\/\/www.vempele.fi\/wp-content\/uploads\/2024\/08\/ET-juttu.webp\" alt=\"\" class=\"wp-image-30367\" style=\"width:512px;height:316px\" srcset=\"https:\/\/www.vempele.fi\/wp-content\/uploads\/2024\/08\/ET-juttu.webp 768w, https:\/\/www.vempele.fi\/wp-content\/uploads\/2024\/08\/ET-juttu-300x185.webp 300w, https:\/\/www.vempele.fi\/wp-content\/uploads\/2024\/08\/ET-juttu-18x12.webp 18w, https:\/\/www.vempele.fi\/wp-content\/uploads\/2024\/08\/ET-juttu-416x256.webp 416w\" sizes=\"auto, (max-width: 768px) 100vw, 768px\" \/><\/figure>\n<\/div><\/div><\/div>\n\n\n\n<p><a href=\"#top\">Takaisin yl\u00f6s<\/a><\/p>\n\n\n\n<div class=\"wp-block-group\"><div class=\"wp-block-group__inner-container is-layout-constrained wp-block-group-is-layout-constrained\">\n<h2 class=\"wp-block-heading\" id=\"sopivuustaulukko\">Renkaiden sopivuustaulukko<\/h2>\n\n\n\n<figure class=\"wp-block-table is-style-stripes\"><table><thead><tr><th>Vanteen leveys<\/th><th>Renkaan leveys v\u00e4hint\u00e4\u00e4n<\/th><th>Suositellut leveydet<\/th><th>Renkaan maksimileveys<\/th><\/tr><\/thead><tbody><tr><td>7.5<\/td><td>205<\/td><td>215 &#8211; 225<\/td><td>235<\/td><\/tr><tr><td>8<\/td><td>215<\/td><td>225 &#8211; 235<\/td><td>245<\/td><\/tr><tr><td>8.5<\/td><td>225<\/td><td>235 &#8211; 245<\/td><td>255<\/td><\/tr><tr><td>9<\/td><td>235<\/td><td>245 &#8211; 255<\/td><td>265<\/td><\/tr><tr><td>9.5<\/td><td>245<\/td><td>255 &#8211; 265<\/td><td>275<\/td><\/tr><tr><td>10<\/td><td>255<\/td><td>265 &#8211; 275<\/td><td>285<\/td><\/tr><tr><td>10.5<\/td><td>265<\/td><td>275 &#8211; 285<\/td><td>295<\/td><\/tr><tr><td>11<\/td><td>275<\/td><td>285 &#8211; 295<\/td><td>305<\/td><\/tr><tr><td>11.5<\/td><td>285<\/td><td>295 &#8211; 305<\/td><td>315<\/td><\/tr><\/tbody><\/table><\/figure>\n<\/div><\/div>\n\n\n\n<p><a href=\"#top\">Takaisin yl\u00f6s<\/a><\/p>\n\n\n\n<div class=\"wp-block-group\"><div class=\"wp-block-group__inner-container is-layout-constrained wp-block-group-is-layout-constrained\">\n<h2 class=\"wp-block-heading\">Alkuper\u00e4isten vanteiden tiedot<\/h2>\n\n\n\n<p class=\"has-large-font-size\" id=\"m3_a\">Model 3:<\/p>\n\n\n\n<p>Pulttijako: 5&#215;114,3 <br>Keskireik\u00e4: 64,1 mm    <br>Mutterit: 21 mm<br>Kiristysmomentti: 175 Nm<\/p>\n\n\n\n<figure class=\"wp-block-table is-style-stripes\"><table><thead><tr><th>Vanteen tuumakoko<\/th><th>Vanteen leveys<\/th><th>ET<\/th><th>Alkuper\u00e4inen rengas<\/th><\/tr><\/thead><tbody><tr><td>18&#8243;<\/td><td>8.5<\/td><td>40<\/td><td>235\/45\/R18<\/td><\/tr><tr><td>19&#8243;<\/td><td>8.5<\/td><td>40<\/td><td>235\/40\/R19<\/td><\/tr><tr><td>20&#8243;<\/td><td>9<\/td><td>34<\/td><td>235\/35\/R20 tai<br>245\/35\/R20<\/td><\/tr><\/tbody><\/table><\/figure>\n\n\n\n<p class=\"has-large-font-size\" id=\"my_a\">Model Y:<\/p>\n\n\n\n<p>Pulttijako: 5&#215;114,3 <br>Keskireik\u00e4: 64,1 mm    <br>Mutterit: 21 mm<br>Kiristysmomentti: 175 Nm<\/p>\n\n\n\n<figure class=\"wp-block-table is-style-stripes\"><table><thead><tr><th>Vanteen tuumakoko<\/th><th>Vanteen leveys<\/th><th>ET<\/th><th>Alkuper\u00e4inen rengas<\/th><\/tr><\/thead><tbody><tr><td>19&#8243;<\/td><td>9.5<\/td><td>45<\/td><td>255\/45R19<\/td><\/tr><tr><td>20&#8243;<\/td><td>9.5<\/td><td>45<\/td><td>255\/40R20<\/td><\/tr><tr><td>21&#8243;<\/td><td>9.5 Edess\u00e4<br>10 Takana<\/td><td>40 Edess\u00e4<br>48 Takana<\/td><td>255\/35R21 Edess\u00e4<br>275\/35R21 Takana<\/td><\/tr><\/tbody><\/table><\/figure>\n\n\n\n<p class=\"has-large-font-size\" id=\"ms_a1\">Model S 2020 eteenp\u00e4in:<\/p>\n\n\n\n<p>Pulttijako: 5&#215;120 <br>Keskireik\u00e4: 64,1 mm    <br>Mutterit: 21 mm<br>Kiristysmomentti: 175 Nm<\/p>\n\n\n\n<figure class=\"wp-block-table is-style-stripes\"><table><thead><tr><th>Vanteen tuumakoko<\/th><th>Vanteen leveys<\/th><th>ET<\/th><th>Alkuper\u00e4inen rengas<\/th><\/tr><\/thead><tbody><tr><td>19&#8243;<\/td><td>9.5   Edess\u00e4<br>10.5 Takana<\/td><td>40 Edess\u00e4<br>45 Takana<\/td><td>255\/45R19 Edess\u00e4<br>285\/40R19 Takana<\/td><\/tr><tr><td>21&#8243;<\/td><td>9.5    Edess\u00e4<br>10.5 Takana<\/td><td>40 Edess\u00e4<br>45 Takana<\/td><td>265\/35R21 Edess\u00e4<br>295\/30R21 Takana<\/td><\/tr><\/tbody><\/table><\/figure>\n\n\n\n<p class=\"has-large-font-size\" id=\"ms_a2\">Model S 2012-2020:<\/p>\n\n\n\n<p>Pulttijako: 5&#215;120 <br>Keskireik\u00e4: 64,1 mm    <br>Mutterit: 21 mm<br>Kiristysmomentti: 175 Nm<\/p>\n\n\n\n<figure class=\"wp-block-table is-style-stripes\"><table><thead><tr><th>Vanteen tuumakoko<\/th><th>Vanteen leveys<\/th><th>ET<\/th><th>Alkuper\u00e4inen rengas<\/th><\/tr><\/thead><tbody><tr><td>19&#8243;<\/td><td>8.0 tai<br>8.5<\/td><td>40<br>45<\/td><td>245\/45R19<\/td><\/tr><tr><td>21&#8243;<\/td><td>8.5<br>9.5 Takana*<\/td><td>40<br>40<\/td><td>245\/35R21<br>265\/35R21**<\/td><\/tr><\/tbody><\/table><figcaption class=\"wp-element-caption\">*Jos auto on Performance Plus. <br> **Nelivetoisissa Performance-autoissa takarenkaiden leveys voi vaihdella valmistusajankohdan mukaan. Jotkin autot voivat olla varustetut P245\/35R21-renkailla sek\u00e4 edess\u00e4 ett\u00e4 takana.<\/figcaption><\/figure>\n\n\n\n<p class=\"has-large-font-size\" id=\"mx_a1\">Model X 2020 eteenp\u00e4in:<\/p>\n\n\n\n<p>Pulttijako: 5&#215;120 <br>Keskireik\u00e4: 64,1 mm    <br>Mutterit: 21 mm<br>Kiristysmomentti: 175 Nm<\/p>\n\n\n\n<figure class=\"wp-block-table is-style-stripes\"><table><thead><tr><th>Vanteen tuumakoko<\/th><th>Vanteen leveys<\/th><th>ET<\/th><th>Alkuper\u00e4inen rengas<\/th><\/tr><\/thead><tbody><tr><td>20&#8243;<\/td><td>9.0 Edess\u00e4<br>10.0 Takana<\/td><td>40<br>30<\/td><td>265\/45R20 Edess\u00e4<br>275\/45R20 Takana<\/td><\/tr><tr><td>22&#8243;<\/td><td>9.0 Edess\u00e4<br>10.0 Takana<\/td><td>40<br>30<\/td><td>265\/35R22 Edess\u00e4<br>285\/35R22 Takana<\/td><\/tr><\/tbody><\/table><\/figure>\n\n\n\n<p class=\"has-large-font-size\" id=\"mx_a2\">Model X 2015-2020:<\/p>\n\n\n\n<p>Pulttijako: 5&#215;120 <br>Keskireik\u00e4: 64,1 mm    <br>Mutterit: 21 mm<br>Kiristysmomentti: 175 Nm<\/p>\n\n\n\n<figure class=\"wp-block-table is-style-stripes\"><table><thead><tr><th>Vanteen tuumakoko<\/th><th>Vanteen leveys<\/th><th>ET<\/th><th>Alkuper\u00e4inen rengas<\/th><\/tr><\/thead><tbody><tr><td>20&#8243;<\/td><td>9.0 Edess\u00e4<br>10.0 Takana*<\/td><td>40<br>35<\/td><td>255\/45R20 Edess\u00e4<br>275\/45R20 Takana<\/td><\/tr><tr><td>22&#8243;<\/td><td>9.0 Edess\u00e4<br>10.0 Takana<\/td><td>40<br>35<\/td><td>265\/35R22 Edess\u00e4<br>285\/35R22 Takana<\/td><\/tr><\/tbody><\/table><figcaption class=\"wp-element-caption\">*Jos auto on toimitettu joka s\u00e4\u00e4n renkailla, vanteen leveys saattaa olla 9.5&#8243;<\/figcaption><\/figure>\n\n\n\n<p><\/p>\n<\/div><\/div>\n\n\n\n<p><a href=\"#top\">Takaisin yl\u00f6s<\/a><\/p>\n\n\n\n<div class=\"wp-block-group\"><div class=\"wp-block-group__inner-container is-layout-constrained wp-block-group-is-layout-constrained\">\n<h2 class=\"wp-block-heading\" id=\"sopivuus\">Vanteiden sopivuus automalleittain<\/h2>\n\n\n\n<p>T\u00e4st\u00e4 taulukosta voit viel\u00e4 varmistaa vanteiden sopivuuden autoosi. Listaan on ker\u00e4tty meilt\u00e4 l\u00f6ytyv\u00e4t vannekoot.<\/p>\n\n\n\n<p class=\"has-large-font-size\" id=\"m3_v\">Model 3:<\/p>\n\n\n\n<figure class=\"wp-block-table is-style-stripes\"><table><thead><tr><th><br>Malli<\/th><th>Sopivat tuumakoot<\/th><th>Sopivat ET:t<\/th><th>Sopivat leveydet<\/th><\/tr><\/thead><tbody><tr><td>RWD<\/td><td>18&#8243;<br>19&#8243;<br>20&#8243;<\/td><td>35 &#8211; 40<br>35 &#8211; 40<br>35 &#8211; 40<\/td><td>8.0, 8.5<br>8.0, 8.5<br>8.5, 9.0<\/td><\/tr><tr><td>LR <\/td><td>18&#8243;<br>19&#8243;<br>20&#8243;<\/td><td>35 &#8211; 40<br>35 &#8211; 40<br>35 &#8211; 40<\/td><td>8.0, 8.5<br>8.0, 8.5<br>8.5, 9.0<\/td><\/tr><tr><td>Perf.<\/td><td>18&#8243;<br>19&#8243;<br>20&#8243;<\/td><td>35<br>35<br>35 &#8211; 40*<\/td><td>8.0<br>8.0, 8.5<br>8.5, 9.0*<\/td><\/tr><\/tbody><\/table><figcaption class=\"wp-element-caption\">*Performancen kanssa ET40 sopii vain 9&#8243; leve\u00e4n vanteen kanssa kun kyseess\u00e4 on 20&#8243; vanne<\/figcaption><\/figure>\n\n\n\n<p class=\"has-large-font-size\" id=\"my_v\">Model Y:<\/p>\n\n\n\n<figure class=\"wp-block-table is-style-stripes\"><table><thead><tr><th><br>Malli<\/th><th>Sopivat tuumakoot<\/th><th>Sopivat ET:t<\/th><th>Sopivat leveydet<\/th><\/tr><\/thead><tbody><tr><td>RWD \/ AWD<\/td><td>18&#8243;<br>19&#8243;<br>20&#8243;<\/td><td>35 &#8211; 40<br>35 &#8211; 45<br>40 &#8211; 45<\/td><td>8.0<br>8.5, 9.5<br>9.0, 9.5*<\/td><\/tr><tr><td>Perf.<\/td><td><br>19&#8243;<br>20&#8243;<\/td><td><br>35 &#8211; 45<br>40 &#8211; 45<\/td><td><br>8.5, 9.5**<br>9.0, 9.5*<\/td><\/tr><\/tbody><\/table><figcaption class=\"wp-element-caption\">*9.5&#8243; leve\u00e4ll\u00e4 20&#8243; vanteella ET:n pit\u00e4\u00e4 olla 45<br>** 9.5&#8243; leve\u00e4ll\u00e4 19&#8243; vanteella ET ei voi olla 35<\/figcaption><\/figure>\n\n\n\n<p class=\"has-large-font-size\" id=\"ms_v\">Model S:<\/p>\n\n\n\n<figure class=\"wp-block-table is-style-stripes\"><table><thead><tr><th><br>Malli<\/th><th>Sopivat tuumakoot<\/th><th>Sopivat ET:t<\/th><th>Sopivat leveydet<\/th><\/tr><\/thead><tbody><tr><td>2012 &#8211; 2016<\/td><td>19&#8243;<br>20&#8243;<br>21&#8243;<br>22&#8243;<\/td><td>35 &#8211; 40<br>35 &#8211; 40<br>35 &#8211; 40<br>35 &#8211; 40<\/td><td>8.0, 8.5<br>8.5, 9.0<br>8.5<br>9.0<\/td><\/tr><tr><td>Facelift 2016 &#8211; 2021<\/td><td>19&#8243;<br>20&#8243;<br>21&#8243;<br>22&#8243;<\/td><td>35 &#8211; 40<br>35 &#8211; 40<br>35 &#8211; 40<br>35 &#8211; 40<\/td><td>8.0, 8.5<br>8.5, 9.0<br>8.5<br>9.0<\/td><\/tr><tr><td>Plaid &amp; LR 2021 -&gt;<\/td><td>19&#8243;<br>20&#8243;<br>21&#8243;<\/td><td>35 &#8211; 40<br>35 &#8211; 40<br>35 &#8211; 40<\/td><td>8.5<br>8.5, 9.0<br>9.0, 9,5*<\/td><\/tr><tr><td><\/td><td><\/td><td><\/td><td><\/td><\/tr><\/tbody><\/table><figcaption class=\"wp-element-caption\">*9,5&#8243; leve\u00e4 21&#8243; vanne vaatii ET40:n<\/figcaption><\/figure>\n\n\n\n<p class=\"has-large-font-size\" id=\"mx_v\">Model X:<\/p>\n\n\n\n<figure class=\"wp-block-table is-style-stripes\"><table><thead><tr><th><br>Malli<\/th><th>Sopivat tuumakoot<\/th><th>Sopivat ET:t<\/th><th>Sopivat leveydet<\/th><\/tr><\/thead><tbody><tr><td>2016 &#8211; 2021<\/td><td>19&#8243;<br>20&#8243;<br>21&#8243;<br>22&#8243;<\/td><td>35 <br>35 <br>35<br>35 <\/td><td>8.0, 8.5<br>9.0<br>9.0<br>9.0, 9.5<\/td><\/tr><tr><td>Plaid &amp; LR 2021 -&gt;<\/td><td>20&#8243;<br>21&#8243;<br>22&#8243;<\/td><td>35 &#8211; 40<br>35 &#8211; 40<br>35 &#8211; 40<\/td><td>9.0<br>9.0, 9.5<br>9.0, 9.5<\/td><\/tr><tr><td><\/td><td><\/td><td><\/td><td><\/td><\/tr><\/tbody><\/table><\/figure>\n<\/div><\/div>\n\n\n\n<p><a href=\"#top\">Takaisin yl\u00f6s<\/a><\/p>\n\n\n\n<div class=\"wp-block-group\"><div class=\"wp-block-group__inner-container is-layout-constrained wp-block-group-is-layout-constrained\">\n<h2 class=\"wp-block-heading\" id=\"staggered\">Staggered<\/h2>\n\n\n\n<p>Staggered-setiss\u00e4 auton takavanteet ja -renkaat ovat leve\u00e4mm\u00e4t kuin edess\u00e4. T\u00e4m\u00e4 on suosittu kokoonpano varsinkin tehokkaammissa ja sporttisemmissa autoissa. Staggered-konfiguraatio parantaa auton etup\u00e4\u00e4n hallittavuutta ja lis\u00e4\u00e4 pitoa takap\u00e4\u00e4h\u00e4n. <\/p>\n\n\n\n<p><br>Alle on listattu muutamia vannetoimittajamme esimerkkej\u00e4 leveyksist\u00e4, joita voi k\u00e4ytt\u00e4\u00e4 kyseisiss\u00e4 malleissa staggeredina.<\/p>\n\n\n\n<figure id=\"staggered_lista\" class=\"wp-block-table is-style-stripes\"><table><thead><tr><th>Malli<\/th><th>Eteen<\/th><th>Taakse<\/th><\/tr><\/thead><tbody><tr><td>Model 3 Perf.<\/td><td>19&#215;8.5 ET35<br>20&#215;8.5 ET35<\/td><td>19&#215;9.5 ET40<br>20&#215;9.0 ET40<\/td><\/tr><tr><td>Model Y Perf.<\/td><td>20&#215;9.0 ET40<\/td><td>20&#215;9.5 ET45<\/td><\/tr><tr><td>Model S 2012 &#8211; 2021<\/td><td>19&#215;8.5 ET40<br>20&#215;9.0 ET35<br>21&#215;8.5 ET40<br>22&#215;9.0 ET35<\/td><td>19&#215;10 ET45<br>20&#215;10 ET35<br>21&#215;9.0 ET40<br>22&#215;10 ET35<\/td><\/tr><tr><td>Model S Plaid &amp; LR<br>2021 -&gt;<\/td><td>19&#215;8.5 ET40<br>20&#215;9.0 ET35<br>21&#215;9.5 ET40<\/td><td>19&#215;10 ET45<br>20&#215;10 ET35<br>21&#215;10.5 ET45<\/td><\/tr><tr><td>Model X 2016 &#8211; 2021<\/td><td>20&#215;9.0 ET35<br>22&#215;9.0 ET35<\/td><td>20&#215;10 ET35<br>22&#215;10 ET35<\/td><\/tr><tr><td>Model X Plaid &amp; LR<br>2021 -&gt;<\/td><td>20&#215;9.0 ET35<br>21&#215;9.0 ET40<br>22&#215;9.0 ET35<\/td><td>20&#215;10 ET35<br>21&#215;10 ET35<br>22&#215;10 ET35<\/td><\/tr><\/tbody><\/table><\/figure>\n<\/div><\/div>\n\n\n\n<p><a href=\"#top\">Takaisin yl\u00f6s<\/a><\/p>\n","protected":false},"excerpt":{"rendered":"<p>Rengas- ja vannetietoa T\u00e4\u00e4lt\u00e4 l\u00f6yd\u00e4t k\u00e4tev\u00e4sti tietoa mitk\u00e4 renkaat sopivat millekin vanteille, ja mitk\u00e4 vanteet taas millekin Teslalle. Hakemisto: &#8211; Vanteen ET ja sen valinta &#8211; Renkaiden sopivuustaulukko Alkuper\u00e4isten vanteiden tiedot: &#8211; Model 3 &#8211; Model Y &#8211; Model S 2020 Eteenp\u00e4in &#8211; Model S 2012 &#8211; 2020 &#8211; Model X 2020 Eteenp\u00e4in &#8211; Model [&hellip;]<\/p>\n","protected":false},"author":1104,"featured_media":0,"parent":0,"menu_order":0,"comment_status":"closed","ping_status":"closed","template":"","meta":{"footnotes":""},"class_list":["post-16103","page","type-page","status-publish","hentry"],"jetpack_sharing_enabled":true,"_links":{"self":[{"href":"https:\/\/www.vempele.fi\/fi\/wp-json\/wp\/v2\/pages\/16103","targetHints":{"allow":["GET"]}}],"collection":[{"href":"https:\/\/www.vempele.fi\/fi\/wp-json\/wp\/v2\/pages"}],"about":[{"href":"https:\/\/www.vempele.fi\/fi\/wp-json\/wp\/v2\/types\/page"}],"author":[{"embeddable":true,"href":"https:\/\/www.vempele.fi\/fi\/wp-json\/wp\/v2\/users\/1104"}],"replies":[{"embeddable":true,"href":"https:\/\/www.vempele.fi\/fi\/wp-json\/wp\/v2\/comments?post=16103"}],"version-history":[{"count":0,"href":"https:\/\/www.vempele.fi\/fi\/wp-json\/wp\/v2\/pages\/16103\/revisions"}],"wp:attachment":[{"href":"https:\/\/www.vempele.fi\/fi\/wp-json\/wp\/v2\/media?parent=16103"}],"curies":[{"name":"wp","href":"https:\/\/api.w.org\/{rel}","templated":true}]}}