{"id":59,"date":"2018-05-21T12:28:47","date_gmt":"2018-05-21T12:28:47","guid":{"rendered":"https:\/\/www.vempele.fi\/?page_id=59"},"modified":"2025-12-01T13:00:21","modified_gmt":"2025-12-01T11:00:21","slug":"toimitustavat","status":"publish","type":"page","link":"https:\/\/www.vempele.fi\/fi\/toimitustavat\/","title":{"rendered":"Toimitustavat ja tilausehdot"},"content":{"rendered":"\n<h2 class=\"wp-block-heading\">Toimitustavat ja -ajat<\/h2>\n\n\n\n<p>Posti ja Matkahuolto: Postin ja Matkahuollon paketit k\u00e4sitell\u00e4\u00e4n ja vied\u00e4\u00e4n toimitettaviksi p\u00e4\u00e4s\u00e4\u00e4nt\u00f6isesti tilausta seuraavana arkip\u00e4iv\u00e4n\u00e4. Postin noutopaketit toimitetaan 1-3 p\u00e4iv\u00e4ss\u00e4. Matkahuolto lupaa toimituksen 1-3 arkivuorokauden kuluessa.<\/p>\n\n\n\n<p>DB Schenker ja PostNord: Paketit k\u00e4sitell\u00e4\u00e4n p\u00e4\u00e4s\u00e4\u00e4nt\u00f6isesti tilausta seuraavana arkip\u00e4iv\u00e4n\u00e4. Paketit noudetaan meilt\u00e4 kuljetukseen p\u00e4ivitt\u00e4in.<strong>&nbsp;<\/strong>Noutopistepakettien toimitusaika on 1-3 p\u00e4iv\u00e4\u00e4 alkaen siit\u00e4, kun paketit ovat siirtyneet meilt\u00e4 kuriirille.<\/p>\n\n\n\n<p><strong>Huomio!<\/strong> Muistathan, ett\u00e4 ajat ovat arvioita. Lopulliseen toimitusaikaan voi vaikuttaa tilauksen ajankohta, k\u00e4sittely sek\u00e4 mahdolliset lakot tai kuljetusliikkeist\u00e4 johtuvat viiv\u00e4stykset.<\/p>\n\n\n\n<h2 class=\"wp-block-heading\" id=\"ilmainen_toimitus\">Ilmainen toimitus<\/h2>\n\n\n\n<p>Vempele tarjoaa ilmaisen toimituksen yli 150\u20ac tilauksille. Ilmainen toimitus koskee nyt my\u00f6s vannetilauksia ja Monaco GP rengas-\/vannepaketteja Model 3 ja Model Y. Ilmaisuus <strong>ei kuitenkaan koske<\/strong> tilauksia joissa on muita renkaita. Tilaus toimitetaan l\u00e4himp\u00e4\u00e4n noutopisteeseen k\u00e4ytt\u00e4en sill\u00e4 hetkell\u00e4 edullisinta toimitustapaa. <br>Ilmainen toimitus koskee vain Suomea ja kuluttajamyynti\u00e4. <\/p>\n\n\n\n<h2 class=\"wp-block-heading\">Nouto<\/h2>\n\n\n\n<p>Voit valita toimitustavaksi noudon. T\u00e4ll\u00f6in sinun ei tarvitse maksaa toimituskuluja. Tilaus tulee noutaa Pirkkalasta Jidokan toimiston yhteydess\u00e4 olevalta noutopisteelt\u00e4. Olemme avoinna arkisin 8-16. Osoitteemme on <strong>Paavontie 4, 33960 Pirkkala<\/strong>. Tervetuloa!<\/p>\n\n\n\n<h2 class=\"wp-block-heading\">Palautusehdot<\/h2>\n\n\n\n<p>Palautusehdot l\u00f6ytyv\u00e4t <a href=\"https:\/\/www.vempele.fi\/fi\/palautusehdot\/\">T\u00e4\u00e4lt\u00e4.<\/a><\/p>\n\n\n\n<h2 class=\"wp-block-heading\" id=\"h-maksupalvelutarjoaja\">Maksupalvelutarjoaja<\/h2>\n\n\n\n<p>Maksunv\u00e4lityspalvelun toteuttajana ja maksupalveluntarjoajana toimii Paytrail Oyj (2122839-7) yhteisty\u00f6ss\u00e4 suomalaisten pankkien ja luottolaitosten kanssa. Paytrail Oyj n\u00e4kyy maksun saajana tiliotteella tai korttilaskulla ja v\u00e4litt\u00e4\u00e4 maksun kauppiaalle. Paytrail Oyj:ll\u00e4 on maksulaitoksen toimilupa. Reklamaatiotapauksissa pyyd\u00e4mme ottamaan ensisijaisesti yhteytt\u00e4 tuotteen toimittajaan.<\/p>\n\n\n\n<p>Paytrail Oyj, y-tunnus: 2122839-7<br>Innova 2<br>Lutakonaukio 7<br>40100 Jyv\u00e4skyl\u00e4<br><a href=\"https:\/\/www.paytrail.com\/kuluttaja\/tietoa-maksamisesta\" target=\"_blank\" rel=\"noreferrer noopener\">paytrail.com\/kuluttaja\/tietoa-maksamisesta<\/a><\/p>\n\n\n\n<h2 class=\"wp-block-heading\">Reklamaatiot ja kuljetusvaurioista ilmoittaminen<\/h2>\n\n\n\n<p>Kaikki tilaukseen tai toimitukseen liittyv\u00e4t reklamaatiot pyyd\u00e4mme l\u00e4hett\u00e4m\u00e4\u00e4n seitsem\u00e4n (7) vuorokauden kuluessa tilauksen vastaanottamisesta osoitteeseen&nbsp;<a href=\"mailto:vempele@vempele.fi\" target=\"_blank\" rel=\"noreferrer noopener\">vempele@vempele.fi<\/a>. Emme k\u00e4sittele reklamaatioita, jotka ovat saapuneet meille yli 7 p\u00e4iv\u00e4\u00e4 tuotteen vastaanottamisen j\u00e4lkeen.<\/p>\n\n\n\n<p>Tavaran vastaanottajan velvollisuus ja kuljetusvaurioiset tuotteet: Tiekuljetussopimuslain (TKSL) mukaan vastaanottajan tulee tarkistaa l\u00e4hetys vastaanottohetkell\u00e4 ja huomauttaa heti ulkoisesti havaittavissa olevista vahingoista (reiki\u00e4, teipit auki, kulmat rutussa tms.). T\u00e4llaisessa tapauksessa tulee tehd\u00e4 v\u00e4litt\u00f6m\u00e4sti varauma (merkint\u00e4) rahtikirjaan tai pakettikorttiin. Mainitse,&nbsp;mink\u00e4lainen vahinko on kyseess\u00e4. Pyyd\u00e4 kuittaus kuljetustahon edustajalta&nbsp;ja ota&nbsp;v\u00e4litt\u00f6m\u00e4sti yhteytt\u00e4 asiakaspalveluumme s\u00e4hk\u00f6postitse. Liit\u00e4 mukaan kuvat vaurioituneista tuotteista.<\/p>\n\n\n\n<p>Piilev\u00e4t vauriot (vahingot, joita ei voi vastaanottohetkell\u00e4 silmin havainnoida) tulee reklamoida Vempeleen asiakaspalveluun 7 vrk kuluessa toimituksesta valokuvien ja vahinkokuvauksen kera. 7 vrk j\u00e4lkeen vahinkovastuu rahdinkuljettajalla p\u00e4\u00e4ttyy. Vempeleelle palautuvat kuljetusvaurioiset tai vialliset tuotteet tulee pakata asianmukaisesti enempien vahinkojen v\u00e4ltt\u00e4miseksi.<\/p>\n\n\n\n<h2 class=\"wp-block-heading\" id=\"h-yritysmyynti\">Yritysmyynti<\/h2>\n\n\n\n<p>Yll\u00e4olevat ehdot ja tiedot koskevat vain kuluttajamyynti\u00e4 ja yritysmyynniss\u00e4 emme my\u00f6nn\u00e4 tuotteille takuuta ja sovellamme lains\u00e4\u00e4d\u00e4nt\u00f6\u00e4.<\/p>\n","protected":false},"excerpt":{"rendered":"<p>Toimitustavat ja -ajat Posti ja Matkahuolto: Postin ja Matkahuollon paketit k\u00e4sitell\u00e4\u00e4n ja vied\u00e4\u00e4n toimitettaviksi p\u00e4\u00e4s\u00e4\u00e4nt\u00f6isesti tilausta seuraavana arkip\u00e4iv\u00e4n\u00e4. Postin noutopaketit toimitetaan 1-3 p\u00e4iv\u00e4ss\u00e4. Matkahuolto lupaa toimituksen 1-3 arkivuorokauden kuluessa. DB Schenker ja PostNord: Paketit k\u00e4sitell\u00e4\u00e4n p\u00e4\u00e4s\u00e4\u00e4nt\u00f6isesti tilausta seuraavana arkip\u00e4iv\u00e4n\u00e4. Paketit noudetaan meilt\u00e4 kuljetukseen p\u00e4ivitt\u00e4in.&nbsp;Noutopistepakettien toimitusaika on 1-3 p\u00e4iv\u00e4\u00e4 alkaen siit\u00e4, kun paketit ovat siirtyneet meilt\u00e4 [&hellip;]<\/p>\n","protected":false},"author":2,"featured_media":0,"parent":0,"menu_order":0,"comment_status":"closed","ping_status":"closed","template":"","meta":{"footnotes":""},"class_list":["post-59","page","type-page","status-publish","hentry"],"jetpack_sharing_enabled":true,"_links":{"self":[{"href":"https:\/\/www.vempele.fi\/fi\/wp-json\/wp\/v2\/pages\/59","targetHints":{"allow":["GET"]}}],"collection":[{"href":"https:\/\/www.vempele.fi\/fi\/wp-json\/wp\/v2\/pages"}],"about":[{"href":"https:\/\/www.vempele.fi\/fi\/wp-json\/wp\/v2\/types\/page"}],"author":[{"embeddable":true,"href":"https:\/\/www.vempele.fi\/fi\/wp-json\/wp\/v2\/users\/2"}],"replies":[{"embeddable":true,"href":"https:\/\/www.vempele.fi\/fi\/wp-json\/wp\/v2\/comments?post=59"}],"version-history":[{"count":1,"href":"https:\/\/www.vempele.fi\/fi\/wp-json\/wp\/v2\/pages\/59\/revisions"}],"predecessor-version":[{"id":44421,"href":"https:\/\/www.vempele.fi\/fi\/wp-json\/wp\/v2\/pages\/59\/revisions\/44421"}],"wp:attachment":[{"href":"https:\/\/www.vempele.fi\/fi\/wp-json\/wp\/v2\/media?parent=59"}],"curies":[{"name":"wp","href":"https:\/\/api.w.org\/{rel}","templated":true}]}}