{"id":63,"date":"2018-05-21T12:35:15","date_gmt":"2018-05-21T09:35:15","guid":{"rendered":"https:\/\/www.vempele.fi\/?page_id=63"},"modified":"2023-03-30T13:25:23","modified_gmt":"2023-03-30T10:25:23","slug":"vempele","status":"publish","type":"page","link":"https:\/\/www.vempele.fi\/fi\/vempele\/","title":{"rendered":"Vempele"},"content":{"rendered":"<h4>Kaiken maailman vempeleit\u00e4<\/h4>\n<p>Vempele.fi tarjoaa Tesla-tuotteita sek\u00e4 \u00e4lykk\u00e4it\u00e4 elektronisia vempeleit\u00e4, joiden tarkoituksena helpottaa ihmisten jokap\u00e4iv\u00e4ist\u00e4 el\u00e4m\u00e4\u00e4. Kotiin ja yrityksille.<\/p>\n<p>Tuotteet voidaan toimittaa suoraan kotiin, tai ne voi hakea myym\u00e4l\u00e4st\u00e4mme arkip\u00e4ivisin klo 8-16.<\/p>\n<p><span lang=\"fi\">Verkkokaupan tuotteita p\u00e4ivitet\u00e4\u00e4n ja varastoja t\u00e4ydennet\u00e4\u00e4n s\u00e4\u00e4nn\u00f6llisesti, mutta jos et jostain syyst\u00e4 l\u00f6yd\u00e4 etsim\u00e4\u00e4si vempelett\u00e4, <\/span><span lang=\"fi\">ehdota<\/span><span lang=\"fi\"> sit\u00e4 t\u00e4ydennett\u00e4v\u00e4ksi tai lis\u00e4tt\u00e4v\u00e4ksi valikoimaamme!<br \/>Me etsimme luotettavat toimittajat ja testaamme, ett\u00e4 vempele t\u00e4ytt\u00e4\u00e4 vaatimukset viranomaisten ja laadun osalta!<\/span><\/p>\n<p>Tervetuloa ostoksille!<\/p>\n\n\n<p><\/p>\n","protected":false},"excerpt":{"rendered":"<p>Kaiken maailman vempeleit\u00e4 Vempele.fi tarjoaa Tesla-tuotteita sek\u00e4 \u00e4lykk\u00e4it\u00e4 elektronisia vempeleit\u00e4, joiden tarkoituksena helpottaa ihmisten jokap\u00e4iv\u00e4ist\u00e4 el\u00e4m\u00e4\u00e4. Kotiin ja yrityksille. Tuotteet voidaan toimittaa suoraan kotiin, tai ne voi hakea myym\u00e4l\u00e4st\u00e4mme arkip\u00e4ivisin klo 8-16. Verkkokaupan tuotteita p\u00e4ivitet\u00e4\u00e4n ja varastoja t\u00e4ydennet\u00e4\u00e4n s\u00e4\u00e4nn\u00f6llisesti, mutta jos et jostain syyst\u00e4 l\u00f6yd\u00e4 etsim\u00e4\u00e4si vempelett\u00e4, ehdota sit\u00e4 t\u00e4ydennett\u00e4v\u00e4ksi tai lis\u00e4tt\u00e4v\u00e4ksi valikoimaamme!Me etsimme luotettavat [&hellip;]<\/p>\n","protected":false},"author":2,"featured_media":0,"parent":0,"menu_order":0,"comment_status":"closed","ping_status":"closed","template":"template-homepage.php","meta":{"footnotes":""},"class_list":["post-63","page","type-page","status-publish","hentry"],"jetpack_sharing_enabled":true,"_links":{"self":[{"href":"https:\/\/www.vempele.fi\/fi\/wp-json\/wp\/v2\/pages\/63","targetHints":{"allow":["GET"]}}],"collection":[{"href":"https:\/\/www.vempele.fi\/fi\/wp-json\/wp\/v2\/pages"}],"about":[{"href":"https:\/\/www.vempele.fi\/fi\/wp-json\/wp\/v2\/types\/page"}],"author":[{"embeddable":true,"href":"https:\/\/www.vempele.fi\/fi\/wp-json\/wp\/v2\/users\/2"}],"replies":[{"embeddable":true,"href":"https:\/\/www.vempele.fi\/fi\/wp-json\/wp\/v2\/comments?post=63"}],"version-history":[{"count":0,"href":"https:\/\/www.vempele.fi\/fi\/wp-json\/wp\/v2\/pages\/63\/revisions"}],"wp:attachment":[{"href":"https:\/\/www.vempele.fi\/fi\/wp-json\/wp\/v2\/media?parent=63"}],"curies":[{"name":"wp","href":"https:\/\/api.w.org\/{rel}","templated":true}]}}