{"id":10099,"date":"2022-03-30T15:05:22","date_gmt":"2022-03-30T12:05:22","guid":{"rendered":"https:\/\/www.vempele.fi\/?post_type=product&#038;p=10099"},"modified":"2026-04-06T20:10:09","modified_gmt":"2026-04-06T17:10:09","slug":"tesla-model-3-zax-turbin-x-vannesetti","status":"publish","type":"product","link":"https:\/\/www.vempele.fi\/fi\/tuote\/tesla-model-3-zax-turbin-x-vannesetti\/","title":{"rendered":"Zax Turbin X Gloss Gunmetal 20&#215;8.5 ET35 &#8211; Tesla Model 3"},"content":{"rendered":"<p>Zax Turbin X Gloss Gunmetal\u00a0Rotary Forged vanne Tesla Model 3:een.<\/p>\n<ul>\n<li>Leveys: 8.5&#8243;<\/li>\n<li>Vanteen halkaisija: 20&#8243;<\/li>\n<li>Keskirei\u00e4n halkaisija: 64,1 mm<\/li>\n<li>Pulttijako: 5 x 114.3<\/li>\n<li>Vanteen paino: 11,60 kg<\/li>\n<li>Sopii my\u00f6s Performance-malliin<\/li>\n<\/ul>\n","protected":false},"excerpt":{"rendered":"<p>Zax Turbin X Gloss Gunmetal vanteet ovat laadukkaat Teslaan sopivat vanteet. Vanteet ovat kevyemm\u00e4t kuin Teslan alkuper\u00e4iset. Yhteensopivat Teslan keski\u00f6kuppien kanssa.<\/p>\n<p>Hinta on yhdelle vanteelle.<\/p>\n<p><strong>Anturit vanteiden kaveriksi? <\/strong><\/p>\n<ul>\n<li><a href=\"https:\/\/www.vempele.fi\/tuote\/rengaspaine-anturi-autel-tpms-mx-433mhz\/\" target=\"_blank\" rel=\"noopener\">433 MHz TPMS (-&gt;2020) -paineanturit<\/a><\/li>\n<li><a href=\"https:\/\/www.vempele.fi\/tuote\/rengaspaine-anturi-tesla-tpms-ble-cub\/\" target=\"_blank\" rel=\"noopener\">BLE TPMS (2021-&gt;) -bluetooth-anturit<\/a><\/li>\n<\/ul>\n","protected":false},"featured_media":10105,"comment_status":"open","ping_status":"closed","template":"","meta":[],"product_brand":[],"product_cat":[151,128,372],"product_tag":[301,83,299,300,121,120,321,320,347],"class_list":{"0":"post-10099","1":"product","2":"type-product","3":"status-publish","4":"has-post-thumbnail","6":"product_cat-model-3","7":"product_cat-tesla-tuotteet","8":"product_cat-vanteet","9":"product_tag-autonrenkaat","10":"product_tag-autotarvikkeet","11":"product_tag-rengas","12":"product_tag-renkaat","13":"product_tag-tesla","14":"product_tag-tesla-model-3","15":"product_tag-vanteet","16":"product_tag-zax","17":"product_tag-zax-turbin-x","18":"product_shipping_class-nouto","20":"first","21":"outofstock","22":"sale","23":"taxable","24":"shipping-taxable","25":"purchasable","26":"product-type-simple"},"jetpack_sharing_enabled":true,"_links":{"self":[{"href":"https:\/\/www.vempele.fi\/fi\/wp-json\/wp\/v2\/product\/10099","targetHints":{"allow":["GET"]}}],"collection":[{"href":"https:\/\/www.vempele.fi\/fi\/wp-json\/wp\/v2\/product"}],"about":[{"href":"https:\/\/www.vempele.fi\/fi\/wp-json\/wp\/v2\/types\/product"}],"replies":[{"embeddable":true,"href":"https:\/\/www.vempele.fi\/fi\/wp-json\/wp\/v2\/comments?post=10099"}],"wp:featuredmedia":[{"embeddable":true,"href":"https:\/\/www.vempele.fi\/fi\/wp-json\/wp\/v2\/media\/10105"}],"wp:attachment":[{"href":"https:\/\/www.vempele.fi\/fi\/wp-json\/wp\/v2\/media?parent=10099"}],"wp:term":[{"taxonomy":"product_brand","embeddable":true,"href":"https:\/\/www.vempele.fi\/fi\/wp-json\/wp\/v2\/product_brand?post=10099"},{"taxonomy":"product_cat","embeddable":true,"href":"https:\/\/www.vempele.fi\/fi\/wp-json\/wp\/v2\/product_cat?post=10099"},{"taxonomy":"product_tag","embeddable":true,"href":"https:\/\/www.vempele.fi\/fi\/wp-json\/wp\/v2\/product_tag?post=10099"}],"curies":[{"name":"wp","href":"https:\/\/api.w.org\/{rel}","templated":true}]}}