{"id":12269,"date":"2022-07-26T13:46:47","date_gmt":"2022-07-26T10:46:47","guid":{"rendered":"https:\/\/www.vempele.fi\/?post_type=product&#038;p=12269"},"modified":"2026-01-07T11:59:06","modified_gmt":"2026-01-07T09:59:06","slug":"tesla-t-paita","status":"publish","type":"product","link":"https:\/\/www.vempele.fi\/fi\/tuote\/tesla-t-paita\/","title":{"rendered":"Tesla-t-paita"},"content":{"rendered":"<p>Tesla-t-paita<\/p>\n<ul>\n<li>Kokoluokat: XS-XXL (Huom! Aasia kokomallisto!)<\/li>\n<li>V\u00e4ri: sininen<\/li>\n<li>Materiaali: polyesteri<\/li>\n<li>Huolto: (hieno)pesu 40\u02daC, silitys tarvittaessa 110\/150\u02daC:n l\u00e4mm\u00f6ll\u00e4 (yksi\/kaksi pistett\u00e4)<\/li>\n<li>Name: Blue T-shirt with Tesla logo<\/li>\n<\/ul>\n","protected":false},"excerpt":{"rendered":"<p>Vermett\u00e4 Vempeleest\u00e4 Tesla-harrastajille! Rento t-paita isolla logolla pukee monen kokoista laatuautojen yst\u00e4v\u00e4\u00e4.<\/p>\n<p><strong>Kokotaulukko on suuntaa antava.<\/strong> Koot ovat Aasia-kokoja, eli kannattaa valita kokoa isompi kuin normaalisti.<\/p>\n<table>\n<tbody>\n<tr>\n<th><\/th>\n<th>XS<\/th>\n<th>S<\/th>\n<th>M<\/th>\n<th>L<\/th>\n<th>XL<\/th>\n<th>XXL<\/th>\n<\/tr>\n<tr>\n<td>Rinnanymp\u00e4rys<\/td>\n<td>84<\/td>\n<td>88<\/td>\n<td>92<\/td>\n<td>96<\/td>\n<td>100<\/td>\n<td>106<\/td>\n<\/tr>\n<tr>\n<td>Paidan pituus<\/td>\n<td>60<\/td>\n<td>63<\/td>\n<td>65<\/td>\n<td>67<\/td>\n<td>69<\/td>\n<td>71<\/td>\n<\/tr>\n<tr>\n<td>Hartiav\u00e4li<\/td>\n<td>38<\/td>\n<td>40<\/td>\n<td>42<\/td>\n<td>44<\/td>\n<td>46<\/td>\n<td>48<\/td>\n<\/tr>\n<\/tbody>\n<\/table>\n<p>&nbsp;<\/p>\n","protected":false},"featured_media":12282,"comment_status":"open","ping_status":"closed","template":"","meta":[],"product_brand":[],"product_cat":[457,128],"product_tag":[380,378,382,121,381],"class_list":{"0":"post-12269","1":"product","2":"type-product","3":"status-publish","4":"has-post-thumbnail","6":"product_cat-pukeutuminen","7":"product_cat-tesla-tuotteet","8":"product_tag-paita","9":"product_tag-pikeepaita","10":"product_tag-t-paita","11":"product_tag-tesla","12":"product_tag-vaatetus","14":"first","15":"instock","16":"taxable","17":"shipping-taxable","18":"purchasable","19":"product-type-variable"},"jetpack_sharing_enabled":true,"_links":{"self":[{"href":"https:\/\/www.vempele.fi\/fi\/wp-json\/wp\/v2\/product\/12269","targetHints":{"allow":["GET"]}}],"collection":[{"href":"https:\/\/www.vempele.fi\/fi\/wp-json\/wp\/v2\/product"}],"about":[{"href":"https:\/\/www.vempele.fi\/fi\/wp-json\/wp\/v2\/types\/product"}],"replies":[{"embeddable":true,"href":"https:\/\/www.vempele.fi\/fi\/wp-json\/wp\/v2\/comments?post=12269"}],"wp:featuredmedia":[{"embeddable":true,"href":"https:\/\/www.vempele.fi\/fi\/wp-json\/wp\/v2\/media\/12282"}],"wp:attachment":[{"href":"https:\/\/www.vempele.fi\/fi\/wp-json\/wp\/v2\/media?parent=12269"}],"wp:term":[{"taxonomy":"product_brand","embeddable":true,"href":"https:\/\/www.vempele.fi\/fi\/wp-json\/wp\/v2\/product_brand?post=12269"},{"taxonomy":"product_cat","embeddable":true,"href":"https:\/\/www.vempele.fi\/fi\/wp-json\/wp\/v2\/product_cat?post=12269"},{"taxonomy":"product_tag","embeddable":true,"href":"https:\/\/www.vempele.fi\/fi\/wp-json\/wp\/v2\/product_tag?post=12269"}],"curies":[{"name":"wp","href":"https:\/\/api.w.org\/{rel}","templated":true}]}}