{"id":12544,"date":"2022-08-17T15:32:34","date_gmt":"2022-08-17T12:32:34","guid":{"rendered":"https:\/\/www.vempele.fi\/?post_type=product&#038;p=12544"},"modified":"2025-12-11T09:39:06","modified_gmt":"2025-12-11T07:39:06","slug":"nokia-tyres-hakkapeliitta-r5-suv-235-55r18-104r-xl","status":"publish","type":"product","link":"https:\/\/www.vempele.fi\/fi\/tuote\/nokia-tyres-hakkapeliitta-r5-suv-235-55r18-104r-xl\/","title":{"rendered":"Nokian Tyres Hakkapeliitta R5 SUV 235\/55R18 104R XL &#8211; Model Y"},"content":{"rendered":"<p>1 kpl Nokian Tyres Hakkapeliitta R5 SUV 235\/55R18 104R XL<\/p>\n<ul>\n<li class=\"single-product__section-title\">EU-rengasmerkinn\u00e4t<\/li>\n<li>Tyyppi: Kitkarenkaat<\/li>\n<li>Tuumat: 18<\/li>\n<li>Leveys: 235<\/li>\n<li>Profiili: 55<\/li>\n<li class=\"single-product__section-title\">Nopeusluokka: 170km\/h (T)<\/li>\n<li class=\"single-product__section-title\">Kantavuus: 900kg (104)<\/li>\n<\/ul>\n","protected":false},"excerpt":{"rendered":"<p class=\"single-product__title\">Nokian Tyres Hakkapeliitta R5 SUV 235\/55R18 104R XL.<\/p>\n<p>Kitkarenkaat. Suositellaan erityisesti Tesla Model Y -malliin.<\/p>\n<p>Hakkapeliitta R5 SUV on henkil\u00f6autoihin, crossovereihin ja katumaastureihin tarkoitettu kitkarengas. Erityisesti tehokkaiden ja suurten ajoneuvojen tarpeisiin suunniteltu Hakkapeliitta R5 SUV varmistaa optimoidun vakauden, lujuuden ja kulutuskest\u00e4vyyden sek\u00e4 hallitsee samalla suuria py\u00f6r\u00e4kuormia tarkasti ja luotettavasti.\u200b Ainutlaatuiset Arctic Grip Crystals -hiukkaset takaavat rengasluokan parhaan suorituskyvyn j\u00e4\u00e4ll\u00e4. Aramid vahvistetut -sivupinnat parantavat kest\u00e4vyytt\u00e4 ja pistosuojausta.<\/p>\n<p class=\"ewa-rteLine\">\u2022 Puhdasta talvipitoa ja tasapainoista ajok\u00e4yt\u00f6st\u00e4<br \/>\n\u2022 Parempaa vakautta ja ylivertaista ajomukavuutta<br \/>\n\u2022 Ymp\u00e4rist\u00f6yst\u00e4v\u00e4llist\u00e4 liikkuvuutta ja polttoaines\u00e4\u00e4st\u00f6j\u00e4<br \/>\n\u2022 Aramid-vahvistetut sivupinnat antavat kest\u00e4vyytt\u00e4 ja suojaa<\/p>\n<p class=\"ewa-rteLine\">PUHDASTA PITOA<\/p>\n<p class=\"ewa-rteLine\">Talvi tuo tullessaan ajo-olosuhteita, jotka ovat paikoin arvaamattomia sek\u00e4 toisinaan my\u00f6s vaarallisia. T\u00e4ll\u00f6in on t\u00e4rke\u00e4\u00e4, ett\u00e4 voit luottaa renkaisiin. Kaikkiin pohjoisen talven ajo-olosuhteisiin sopiva Hakkapeliitta R5 SUV tarjoaa suorituskyky\u00e4 ja ennustettavuutta paljailla, m\u00e4rill\u00e4, j\u00e4isill\u00e4 ja lumisilla teill\u00e4. Uusi Double Block Grip -muotoilu tekee pidosta ja ajok\u00e4yt\u00f6ksest\u00e4 ylivertaisia. Sis\u00e4\u00e4nrakennettujen nastojen tavoin toimivat Arctic Grip Crystals -hiukkaset takaavat erinomaisen suorituskyvyn j\u00e4\u00e4ll\u00e4. Renkaan kuluessa hiukkaset tulevat esiin ja toimivat tarvittaessa pitoreservin\u00e4.<\/p>\n<p class=\"ewa-rteLine\">PUHDASTA KONTROLLIA<\/p>\n<p class=\"ewa-rteLine\">Hakkapeliitta R5 SUV:n runkorakenne on vahva, joten se parantaa renkaan ajovakautta ja kest\u00e4vyytt\u00e4 sek\u00e4 tuo kuljettajalle turvaa talven vaihteleviin ajo-olosuhteisiin lumisista ja j\u00e4isist\u00e4 teist\u00e4 tieosuuksiin, joilla on halkeamia ja kuoppia. Lis\u00e4\u00e4 suojaa ja kest\u00e4vyytt\u00e4 renkaalle antavat Aramid-vahvistetut sivupinnat. Sekoituksessa k\u00e4ytetty vahva ja synteettinen aramidkuitu vahvistaa sivupintoja lis\u00e4ten renkaan kest\u00e4vyytt\u00e4 iskuja ja viiltoja vastaan. N\u00e4in ollen renkaan rikkoutumisen riski my\u00f6s pienenee.Samaa materiaalia k\u00e4ytet\u00e4\u00e4n ilmailu- ja puolustusteollisuuden tuotteissa.<\/p>\n<p class=\"ewa-rteLine\">PUHDASTA YMP\u00c4RIST\u00d6YST\u00c4V\u00c4LLISYYTT\u00c4<\/p>\n<p class=\"ewa-rteLine\">Hakkapeliitta R5 SUV:n suunnittelussa on tehty valintoja materiaalivalinnoista alkaen, jotka pienent\u00e4v\u00e4t renkaan hiilijalanj\u00e4lke\u00e4. Katumaastureita varten suunniteltu Green Trace -pintesekoitus varmistaa Hakkapeliitta R5 SUV:n erinomaisen talvipidon, suuren kilometrim\u00e4\u00e4r\u00e4n ja pienen vierint\u00e4vastuksen parantaen renkaan vakautta ja kest\u00e4vyytt\u00e4 entisest\u00e4\u00e4n. Laajalla l\u00e4mp\u00f6tila-alueella toimivat j\u00e4ykk\u00e4 kumisekoitus takaa renkaalle pitk\u00e4n k\u00e4ytt\u00f6i\u00e4n ja pieni vierint\u00e4vastus s\u00e4\u00e4st\u00e4\u00e4 polttoainetta ja v\u00e4hent\u00e4\u00e4 haitallisia p\u00e4\u00e4st\u00f6j\u00e4.<\/p>\n<p class=\"ewa-rteLine\">PETT\u00c4M\u00c4T\u00d6NT\u00c4 PITOA J\u00c4\u00c4LL\u00c4 JA YLIVERTAINEN AJOK\u00c4YT\u00d6S<\/p>\n<p class=\"ewa-rteLine\">Hakkapeliitta R5 SUV:n pintakuvion kumiin sekoitetut mikroskooppiset Arctic Grip Crystals -pitohiukkaset toimivat kuin sis\u00e4\u00e4nrakennetut nastat luomalla ter\u00e4via ja kest\u00e4vi\u00e4 pitos\u00e4rmi\u00e4 kumiin. Kun rengas kuluu, hiukkaset tulevat esiin ja toimivat tarvittavana pitoreservin\u00e4.<\/p>\n<p class=\"ewa-rteLine\">Hakkapeliitta R5:n ylivertaisen pidon ja ajok\u00e4yt\u00f6ksen taustalla on uusi Double Block Grip -muotoilu, joka n\u00e4kyy etenkin renkaan olka-alueilla. Kuviopalojen j\u00e4ykk\u00e4 rivi alkaa keskelt\u00e4 ja jatkuu katha kohti olka-alueita. Renkaan olka-alueilla ja v\u00e4lialueella on 40% enemm\u00e4n kuviopaloja edelt\u00e4j\u00e4\u00e4ns\u00e4 verrattuna, joka tarkoittaa, ett\u00e4 kontaktialueella on enemm\u00e4n tienpintaa koskettavaa kumia. T\u00e4m\u00e4 tarkoittaa sit\u00e4, ett\u00e4 renkaan pito liukkailla pinnoilla paranee.<\/p>\n<p><strong>Huom.<\/strong><br \/>\nNokian renkaat tulevat suoraan toimittajalta meille p\u00e4\u00e4s\u00e4\u00e4nt\u00f6isesti heti seuraavana p\u00e4iv\u00e4n\u00e4 tilauksesta.<br \/>\nVarastosaldot eiv\u00e4t p\u00e4ivity automaattisesti, joten olemme teihin heti yhteydess\u00e4 jos rengasta ei jostain syyst\u00e4 ole saatavilla v\u00e4litt\u00f6m\u00e4sti.<\/p>\n","protected":false},"featured_media":12573,"comment_status":"open","ping_status":"closed","template":"","meta":[],"product_brand":[],"product_cat":[154,371,128],"product_tag":[301,394,299,300,121,203,321],"class_list":{"0":"post-12544","1":"product","2":"type-product","3":"status-publish","4":"has-post-thumbnail","6":"product_cat-model-y","7":"product_cat-renkaat","8":"product_cat-tesla-tuotteet","9":"product_tag-autonrenkaat","10":"product_tag-nokian-renkaat","11":"product_tag-rengas","12":"product_tag-renkaat","13":"product_tag-tesla","14":"product_tag-tesla-model-y","15":"product_tag-vanteet","16":"product_shipping_class-nouto","18":"first","19":"instock","20":"taxable","21":"shipping-taxable","22":"purchasable","23":"product-type-simple"},"jetpack_sharing_enabled":true,"_links":{"self":[{"href":"https:\/\/www.vempele.fi\/fi\/wp-json\/wp\/v2\/product\/12544","targetHints":{"allow":["GET"]}}],"collection":[{"href":"https:\/\/www.vempele.fi\/fi\/wp-json\/wp\/v2\/product"}],"about":[{"href":"https:\/\/www.vempele.fi\/fi\/wp-json\/wp\/v2\/types\/product"}],"replies":[{"embeddable":true,"href":"https:\/\/www.vempele.fi\/fi\/wp-json\/wp\/v2\/comments?post=12544"}],"wp:featuredmedia":[{"embeddable":true,"href":"https:\/\/www.vempele.fi\/fi\/wp-json\/wp\/v2\/media\/12573"}],"wp:attachment":[{"href":"https:\/\/www.vempele.fi\/fi\/wp-json\/wp\/v2\/media?parent=12544"}],"wp:term":[{"taxonomy":"product_brand","embeddable":true,"href":"https:\/\/www.vempele.fi\/fi\/wp-json\/wp\/v2\/product_brand?post=12544"},{"taxonomy":"product_cat","embeddable":true,"href":"https:\/\/www.vempele.fi\/fi\/wp-json\/wp\/v2\/product_cat?post=12544"},{"taxonomy":"product_tag","embeddable":true,"href":"https:\/\/www.vempele.fi\/fi\/wp-json\/wp\/v2\/product_tag?post=12544"}],"curies":[{"name":"wp","href":"https:\/\/api.w.org\/{rel}","templated":true}]}}