{"id":12559,"date":"2022-08-18T11:52:58","date_gmt":"2022-08-18T08:52:58","guid":{"rendered":"https:\/\/www.vempele.fi\/?post_type=product&#038;p=12559"},"modified":"2026-01-21T09:02:55","modified_gmt":"2026-01-21T07:02:55","slug":"nokia-hakkapeliitta-10-ev-235-35r20-92t-xl","status":"publish","type":"product","link":"https:\/\/www.vempele.fi\/fi\/tuote\/nokia-hakkapeliitta-10-ev-235-35r20-92t-xl\/","title":{"rendered":"Nokian Tyres Hakkapeliitta 10 EV 235\/35R20 92T XL &#8211; Model 3"},"content":{"rendered":"<p>1 kpl Nokian Tyres Hakkapeliitta 10 EV 235\/35R20 92T XL.<\/p>\n<ul>\n<li class=\"single-product__section-title\">EU-rengasmerkinn\u00e4t<\/li>\n<li>Tyyppi: Nastarenkaat<\/li>\n<li>Tuumat: 20<\/li>\n<li>Leveys: 235<\/li>\n<li>Profiili: 35<\/li>\n<li class=\"single-product__section-title\">Nopeusluokka: 190km\/h (T)<\/li>\n<li class=\"single-product__section-title\">Kantavuus: 630kg (92)<\/li>\n<\/ul>\n","protected":false},"excerpt":{"rendered":"<p class=\"single-product__title\">Nokian Tyres Hakkapeliitta 10 EV 235\/35R20 92T XL<\/p>\n<p>Nastarenkaat. Suositellaan erityisesti Tesla Model 3 -malliin.<\/p>\n<div>\n<p><strong>Seuraavan sukupolven turvallisuutta<\/strong><\/p>\n<p>Nokian Hakkapeliitta 10 EV tuo mielenrauhaa pohjoiseen talveen. T\u00e4ss\u00e4 s\u00e4hk\u00f6autoihin ja hybrideihin suunnitellussa nastarenkaassa yhdistyv\u00e4t ymp\u00e4rist\u00f6yst\u00e4v\u00e4llisyys, ajomukavuus sek\u00e4 ylivoimainen pito lumella ja j\u00e4\u00e4ll\u00e4. Nokian Hakkapeliitta 10 EV hy\u00f6dynt\u00e4\u00e4 Nokian Renkaiden tuplanastateknologiaa, jonka keskialueen nastat parantavat kiihdytys- ja jarrutuspitoa ja olkap\u00e4\u00e4alueiden nastat maksimoivat pidon mutkissa ja kaistanvaihdoissa. Ensiluokkaisen ajomukavuuden takaavat Nokian Hakkapeliitta 10 EV:n uusi vakaudesta ja lumipidosta vastaava pintakuvioa sek\u00e4 nastojen optimaalinen sijoittelu, joka tekee \u00e4\u00e4nimaailmasta tasaisen miellytt\u00e4v\u00e4n.<\/p>\n<p>\u2022\u00a0\u00c4\u00e4rimm\u00e4ist\u00e4 turvallisuutta \u2013 ylivoimainen j\u00e4\u00e4- ja lumipito<br \/>\n\u2022\u00a0SilentDrive\u2122-teknologia \u2013 eritt\u00e4in hiljainen \u00e4\u00e4nitaso<br \/>\n\u2022\u00a0Pidempi toimintas\u00e4de, erinomaista vakautta<\/p>\n<p>Hiljainen rengas\u00e4\u00e4ni on erityisen t\u00e4rke\u00e4 ajomukavuuteen vaikuttava tekij\u00e4 s\u00e4hk\u00f6autoissa, koska s\u00e4hk\u00f6autot ovat hiljaisia. Uuden Nokian Hakkapeliitta 10 EV:n poikkeuksellisen hiljaisen \u00e4\u00e4nen mahdollistaa renkaan sis\u00e4pintaan lis\u00e4tty akustovaahtokerros. Uusi SilentDrive\u2122-teknologia vaimentaa \u00e4rsytt\u00e4v\u00e4t meluhuiput, mink\u00e4 ansiosta rengas\u00e4\u00e4ni on hiljaisempi, matkustamoon tulee v\u00e4hemm\u00e4n \u00e4\u00e4nt\u00e4 ja ajaminen on mukavampaa.<\/p>\n<p><strong>Pintakuvio, joka takaa vakauden ja hallittavuuden kelist\u00e4 riippumatta<\/strong><\/p>\n<p>Nokian Hakkapeliitta 10 EV:n vahvasti lamelloitu pintakuvio takaa vakaan ja monipuolisen toimivuuden vaihtelevissa keliolosuhteissa niin j\u00e4\u00e4ll\u00e4, lumessa sek\u00e4 kuvilla teill\u00e4. Vahvasti lamelloidun pintakuvion tuoma vakaus lis\u00e4\u00e4 ajoturvallisuutta my\u00f6s kaistanvaihtojen yhteydess\u00e4, kun tiell\u00e4 on lunta tai loskaa. Renkaan j\u00e4ykk\u00e4 keskialue tekee ajovasteesta eritt\u00e4in tarkan paljailla teill\u00e4 taaten kuitenkin erinomaisen talvipidon. Nokian Hakkapeliitta 10 EV:n vankka rakenne tekee renkaasta eritt\u00e4in vakaan, ja pinta on suunniteltu kest\u00e4m\u00e4\u00e4n kovaa v\u00e4\u00e4nt\u00f6\u00e4 ja raskasta rengaskuormitusta.<\/p>\n<p><strong>Vastuullista turvallisuutta<\/strong><\/p>\n<p>Nokian Hakkapeliitta 10 EV:n uusi pintakumiseos pysyy joustavana aina leudommista talvip\u00e4ivist\u00e4 paukkupakkasiin. Kevyesti vieriv\u00e4 pintakuvio ja kekseli\u00e4s raaka-aineiden k\u00e4ytt\u00f6 tekev\u00e4t Nokian Hakkapeliitta 10 EV:st\u00e4 vastuullisemman vaihtoehdon autoilijalle. Nokian Hakkapeliitta 10 EV:n vierint\u00e4vastus on alhainen, joka synnytt\u00e4\u00e4 polttoaines\u00e4\u00e4st\u00f6j\u00e4 ja v\u00e4hent\u00e4\u00e4 ajon aikana syntyvi\u00e4 haitallisia p\u00e4\u00e4st\u00f6j\u00e4. Nokian Hakkapeliitta 10 EV lis\u00e4\u00e4 s\u00e4hk\u00f6auton toimintas\u00e4dett\u00e4 aerodynaamisen, ohuesti uritetun sivupintansa ansiosta ja renkaan kekseli\u00e4s raaka-aineiden k\u00e4ytt\u00f6 ja kevyesti vieriv\u00e4 pintakuvio tekev\u00e4t Nokian Hakkapeliitta 10 EV:st\u00e4 vastuullisemman vaihtoehdon autoilijoille.<\/p>\n<p><strong>Hiljainen nastarengas s\u00e4hk\u00f6autoihin ja hybrideihin<\/strong><\/p>\n<p>Nokian Hakkapeliitta 10 EV sopii t\u00e4ydellisesti nykyaikaisiin s\u00e4hk\u00f6autoihin. SilentDrive\u2122-teknologiaa hy\u00f6dynt\u00e4v\u00e4n Nokian Hakkapeliitta 10 EV:n tasainen ja miellytt\u00e4v\u00e4 \u00e4\u00e4nimaailma lis\u00e4\u00e4 ajomukavuutta, ja nastat on sijoiteltu optimaalisesti, jotta h\u00e4iritsev\u00e4t \u00e4\u00e4niaallot on saatu minimoitua eik\u00e4 rengasmelu haittaa ajomukavuutta.<\/p>\n<\/div>\n<p><strong>Huom.<\/strong><br \/>\nNokian renkaat tulevat suoraan toimittajalta meille p\u00e4\u00e4s\u00e4\u00e4nt\u00f6isesti heti seuraavana p\u00e4iv\u00e4n\u00e4 tilauksesta.<br \/>\nVarastosaldot eiv\u00e4t p\u00e4ivity automaattisesti, joten olemme teihin heti yhteydess\u00e4 jos rengasta ei jostain syyst\u00e4 ole saatavilla v\u00e4litt\u00f6m\u00e4sti.<\/p>\n","protected":false},"featured_media":12566,"comment_status":"open","ping_status":"closed","template":"","meta":[],"product_brand":[],"product_cat":[151,371,128],"product_tag":[301,394,299,300,121,120,321],"class_list":{"0":"post-12559","1":"product","2":"type-product","3":"status-publish","4":"has-post-thumbnail","6":"product_cat-model-3","7":"product_cat-renkaat","8":"product_cat-tesla-tuotteet","9":"product_tag-autonrenkaat","10":"product_tag-nokian-renkaat","11":"product_tag-rengas","12":"product_tag-renkaat","13":"product_tag-tesla","14":"product_tag-tesla-model-3","15":"product_tag-vanteet","16":"product_shipping_class-nouto","18":"first","19":"outofstock","20":"taxable","21":"shipping-taxable","22":"purchasable","23":"product-type-simple"},"jetpack_sharing_enabled":true,"_links":{"self":[{"href":"https:\/\/www.vempele.fi\/fi\/wp-json\/wp\/v2\/product\/12559","targetHints":{"allow":["GET"]}}],"collection":[{"href":"https:\/\/www.vempele.fi\/fi\/wp-json\/wp\/v2\/product"}],"about":[{"href":"https:\/\/www.vempele.fi\/fi\/wp-json\/wp\/v2\/types\/product"}],"replies":[{"embeddable":true,"href":"https:\/\/www.vempele.fi\/fi\/wp-json\/wp\/v2\/comments?post=12559"}],"wp:featuredmedia":[{"embeddable":true,"href":"https:\/\/www.vempele.fi\/fi\/wp-json\/wp\/v2\/media\/12566"}],"wp:attachment":[{"href":"https:\/\/www.vempele.fi\/fi\/wp-json\/wp\/v2\/media?parent=12559"}],"wp:term":[{"taxonomy":"product_brand","embeddable":true,"href":"https:\/\/www.vempele.fi\/fi\/wp-json\/wp\/v2\/product_brand?post=12559"},{"taxonomy":"product_cat","embeddable":true,"href":"https:\/\/www.vempele.fi\/fi\/wp-json\/wp\/v2\/product_cat?post=12559"},{"taxonomy":"product_tag","embeddable":true,"href":"https:\/\/www.vempele.fi\/fi\/wp-json\/wp\/v2\/product_tag?post=12559"}],"curies":[{"name":"wp","href":"https:\/\/api.w.org\/{rel}","templated":true}]}}