{"id":13091,"date":"2022-09-26T08:02:44","date_gmt":"2022-09-26T05:02:44","guid":{"rendered":"https:\/\/www.vempele.fi\/tuote\/nokiahakkapeliitta-r5-ev-255-45r19-104t-xl-copy\/"},"modified":"2023-08-02T15:48:18","modified_gmt":"2023-08-02T12:48:18","slug":"nokiahakkapeliitta-r5-ev-245-50r19-105r-xl","status":"publish","type":"product","link":"https:\/\/www.vempele.fi\/fi\/tuote\/nokiahakkapeliitta-r5-ev-245-50r19-105r-xl\/","title":{"rendered":"Nokian Tyres Hakkapeliitta R5 EV 245\/50R19 105R XL &#8211; Model Y"},"content":{"rendered":"<p>1 kpl Nokian Tyres Hakkapeliitta R5 EV: 245\/50R19 105R XL.<\/p>\n<ul>\n<li class=\"single-product__section-title\">EU-rengasmerkinn\u00e4t<\/li>\n<li>Tyyppi: Kitkarengas<\/li>\n<li>Tuumat: 19<\/li>\n<li>Leveys: 245<\/li>\n<li>Profiili: 50<\/li>\n<li class=\"single-product__section-title\">Nopeusluokka: 170km\/h (R)<\/li>\n<li class=\"single-product__section-title\">Kantavuus: 850kg (105)<\/li>\n<\/ul>\n","protected":false},"excerpt":{"rendered":"<p class=\"single-product__title\">Nokian Tyres Hakkapeliitta R5 EV: 255\/45R19 104T XL.<\/p>\n<p>Kitkarenkaat.<\/p>\n<p class=\"ewa-rteLine\">Hakkapeliitta R5 EV on henkil\u00f6autoihin, crossovereihin ja katumaastureihin tarkoitettu kitkarengas. Renkaat soveltuvat hyvin Tesla Model Y -malliin. Ymp\u00e4rist\u00f6yst\u00e4v\u00e4llist\u00e4 teknologiaa hy\u00f6dynt\u00e4v\u00e4 Hakkapeliitta R5 EV takaa s\u00e4hk\u00f6autoille ja hybrideille maksimaalisen turvallisuuden ja mukavuuden sek\u00e4 suuremman toimintas\u00e4teen. Ainutlaatuiset Arctic Grip Crystals -hiukkaset varmistavat rengasluokan parhaan suorituskyvyn j\u00e4\u00e4ll\u00e4. Ajomukavuuden varmistaa SilentDrive\u2122-teknologia.<\/p>\n<p class=\"ewa-rteLine\">\u2022 Puhdasta talvipitoa ja tasapainoista ajok\u00e4yt\u00f6st\u00e4<br \/>\n\u2022 Ymp\u00e4rist\u00f6yst\u00e4v\u00e4llist\u00e4 liikkuvuutta ja pidempi toimintas\u00e4de<br \/>\n\u2022 Eritt\u00e4in alhainen \u00e4\u00e4nitaso SilentDrive\u2122-teknologian ansiosta<\/p>\n<p><strong>Huom.<\/strong><br \/>\nNokian renkaat tulevat suoraan toimittajalta meille p\u00e4\u00e4s\u00e4\u00e4nt\u00f6isesti heti seuraavana p\u00e4iv\u00e4n\u00e4 tilauksesta.<br \/>\nVarastosaldot eiv\u00e4t p\u00e4ivity automaattisesti, joten olemme teihin heti yhteydess\u00e4 jos rengasta ei jostain syyst\u00e4 ole saatavilla v\u00e4litt\u00f6m\u00e4sti.<\/p>\n","protected":false},"featured_media":12576,"comment_status":"open","ping_status":"closed","template":"","meta":[],"product_brand":[],"product_cat":[154,371,128],"product_tag":[301,394,299,300,121,203,321],"class_list":{"0":"post-13091","1":"product","2":"type-product","3":"status-publish","4":"has-post-thumbnail","6":"product_cat-model-y","7":"product_cat-renkaat","8":"product_cat-tesla-tuotteet","9":"product_tag-autonrenkaat","10":"product_tag-nokian-renkaat","11":"product_tag-rengas","12":"product_tag-renkaat","13":"product_tag-tesla","14":"product_tag-tesla-model-y","15":"product_tag-vanteet","16":"product_shipping_class-nouto","18":"first","19":"instock","20":"taxable","21":"shipping-taxable","22":"purchasable","23":"product-type-simple"},"jetpack_sharing_enabled":true,"_links":{"self":[{"href":"https:\/\/www.vempele.fi\/fi\/wp-json\/wp\/v2\/product\/13091","targetHints":{"allow":["GET"]}}],"collection":[{"href":"https:\/\/www.vempele.fi\/fi\/wp-json\/wp\/v2\/product"}],"about":[{"href":"https:\/\/www.vempele.fi\/fi\/wp-json\/wp\/v2\/types\/product"}],"replies":[{"embeddable":true,"href":"https:\/\/www.vempele.fi\/fi\/wp-json\/wp\/v2\/comments?post=13091"}],"wp:featuredmedia":[{"embeddable":true,"href":"https:\/\/www.vempele.fi\/fi\/wp-json\/wp\/v2\/media\/12576"}],"wp:attachment":[{"href":"https:\/\/www.vempele.fi\/fi\/wp-json\/wp\/v2\/media?parent=13091"}],"wp:term":[{"taxonomy":"product_brand","embeddable":true,"href":"https:\/\/www.vempele.fi\/fi\/wp-json\/wp\/v2\/product_brand?post=13091"},{"taxonomy":"product_cat","embeddable":true,"href":"https:\/\/www.vempele.fi\/fi\/wp-json\/wp\/v2\/product_cat?post=13091"},{"taxonomy":"product_tag","embeddable":true,"href":"https:\/\/www.vempele.fi\/fi\/wp-json\/wp\/v2\/product_tag?post=13091"}],"curies":[{"name":"wp","href":"https:\/\/api.w.org\/{rel}","templated":true}]}}